{"id":5513,"date":"2023-01-17T11:16:33","date_gmt":"2023-01-17T11:16:33","guid":{"rendered":"https:\/\/visittrepca.com\/historia-e-trepces\/"},"modified":"2023-06-05T08:05:44","modified_gmt":"2023-06-05T08:05:44","slug":"historia-e-trepces","status":"publish","type":"page","link":"https:\/\/visittrepca.com\/sq\/historia-e-trepces\/","title":{"rendered":"Historia e Trep\u00e7\u00ebs"},"content":{"rendered":"<p>[vc_row][vc_column][vc_row_inner][vc_column_inner]<div class=\"mkdf-section-title-holder   mkdf-st-highlight mkdf-center-align\" style=\"padding: 0 3%;text-align: center\">\n\t<div class=\"mkdf-st-inner\">\n\t\t\t\t\t\t\t<h3 class=\"mkdf-st-title\" >\n                            Historia e <span class=\"mkdf-st-highlight-title-holder\" style=\"color: #ace0c0\">\n                                                        <span class=\"mkdf-st-highlight-title\" style=\"color: #00ae42\">Trep\u00e7\u00ebs<\/span>\n                                                        <span class=\"mkdf-st-highlight\">\n                                                        <svg version=\"1.1\" xmlns=\"http:\/\/www.w3.org\/2000\/svg\" xmlns:xlink=\"http:\/\/www.w3.org\/1999\/xlink\" x=\"0px\" y=\"0px\" viewBox=\"0 0 15.7 30\" style=\"enable-background:new 0 0 15.7 30;\" xml:space=\"preserve\" class=\"mkdf-active-hover-left\"><polygon class=\"st0\" points=\"2.6,1 0.7,3.3 2,5.8 2.3,7.6 2.9,8.7 4.4,10.5 3.9,10.8 4.4,11.9 4.4,12.8 4.1,13.8 3.3,14.7 3.9,15.8 4.4,16.8 4,17.5 3.5,18.1 2.2,20.2 3.4,21.5 4.2,24.1 3.4,25.4 2.5,27.4 2.5,27.8 3.2,28.3 4.1,28.5 4.9,29 14.8,29 14.8,1 \"\/><\/svg>\n                                                        <span class=\"mkdf-active-hover-middle\"><\/span>\n                                                        <svg version=\"1.1\" xmlns=\"http:\/\/www.w3.org\/2000\/svg\" xmlns:xlink=\"http:\/\/www.w3.org\/1999\/xlink\" x=\"0px\" y=\"0px\" viewBox=\"0 0 13.3 30\" style=\"enable-background:new 0 0 13.3 30;\" xml:space=\"preserve\" class=\"mkdf-active-hover-right\"><polygon class=\"st0\" points=\"10,1 10.2,2.1 10.6,2.9 10.6,3.3 10.8,3.7 10.8,4.3 11,5 11,5.7 11,6.3 10.5,6.7 10.8,7.3 11,7.8 \t11.6,8.3 11.6,8.6 11.5,8.9 11.6,9.9 11.6,10.5 12.4,11.6 12.1,12 12.4,12.2 11.8,12.8 11.4,13.5 11.6,13.7 11.9,13.7 12,13.9 11.5,15.1 10.8,16 9.1,17.7 9.7,18.2 9.3,19 9.7,19.8 9.6,20.6 9.7,21.5 9.6,21.9 9.6,22.3 10.1,22.8 9.6,23.6 9.7,24 9.7,24.2 9.9,24.4 9.5,24.7 9.3,25.4 9.3,25.9 8.8,26.2 8.5,27.1 8.8,27.8 9.4,28.6 7.8,29 0.9,29 0.9,1 \"\/><\/svg>\n                                                        <\/span>\n                                                    <\/span>            \t\t\t<\/h3>\n\t\t\t\t\t\t\t<\/div>\n<\/div>[vc_empty_space height=&#8221;50px&#8221;][vc_column_text]Trep\u00e7a \u00ebsh\u00eb e vendosur n\u00eb nj\u00eb fshat t\u00eb vog\u00ebl n\u00eb Mitrovic\u00eb, me nj\u00eb nj\u00eb histori t\u00eb pasur minerore e cila daton q\u00eb nga periudha romake, (bazuar ne nj\u00eb dokument t\u00eb gjetur n\u00eb arkivin e Dubrovnikut t\u00eb vitit 1303). Eksploatimi modern i minier\u00ebs filloi n\u00eb vitin 1927 nga nj\u00eb kompani e Londr\u00ebs, dhe Trep\u00e7a shum\u00eb shpejt\u00eb u b\u00eb nj\u00eb shtyll\u00eb industriale kryesore p\u00ebr ekonomin\u00eb e Kosov\u00ebs. Prodhimi i rregullt filloi n\u00eb vitin 1930, ku m\u00eb von\u00eb u b\u00ebn\u00eb investime n\u00eb metalurgjin\u00eb e plumbit dhe zinkut, dhe vazhdoi nd\u00ebrtimi i fabrikave p\u00ebr p\u00ebrpunimin e metalit n\u00eb qendra t\u00eb ndryshme t\u00eb Kosov\u00ebs.<\/p>\n<p>N\u00eb vitet 1950 dhe 1960, u b\u00ebn\u00eb investime t\u00eb r\u00ebnd\u00ebsishme n\u00eb industrin\u00eb metalike dhe metalurgjike. Pastaj filloi nd\u00ebrtimi i fabrikave p\u00ebr p\u00ebrpunimin e plumbit, zinkut dhe metaleve tjera, t\u00eb cilat u nd\u00ebrtuan n\u00eb Mitrovic\u00eb, Pej\u00eb, Gjakov\u00eb, Prizren, Gjilan, Vushtrri dhe Skenderaj. Sidoqoft\u00eb, n\u00eb vitet e \u201990-ta prodhimi i minier\u00ebs Trep\u00e7a u nd\u00ebrpre p\u00ebr shkak t\u00eb shtypjes s\u00eb autonomis\u00eb s\u00eb Kosov\u00ebs dhe d\u00ebbimit t\u00eb pun\u00ebtor\u00ebve shqiptar\u00eb nga vendet e tyre t\u00eb pun\u00ebs. Pas shpalljes s\u00eb Pavar\u00ebsis\u00eb s\u00eb Kosov\u00ebs, Trep\u00e7a kaloi n\u00ebn administrimin e Agjencionit Kosovar\u00eb p\u00ebr Privatizim dhe m\u00eb von\u00eb u shnd\u00ebrrua n\u00eb nj\u00eb shoq\u00ebri aksionare me 80% t\u00eb aksioneve t\u00eb saj n\u00eb pron\u00ebsi t\u00eb qeveris\u00eb s\u00eb Kosov\u00ebs dhe 20% n\u00eb pron\u00ebsi t\u00eb pun\u00ebtor\u00ebve t\u00eb Trep\u00e7\u00ebs.<\/p>\n<p>Duke e konsideruar k\u00ebt\u00eb histori t\u00eb r\u00ebnd\u00ebsishme dhe impaktin e Trep\u00e7\u00ebs n\u00eb fush\u00ebn ekonomike dhe social-kulturore, ne si \u201cTrep\u00e7Art Factories\u201d synojm\u00eb ta promovojm\u00eb integritetin dhe trash\u00ebgimin\u00eb industriale t\u00eb Trep\u00e7\u00ebs n\u00eb m\u00ebnyr\u00eb kreative t\u00eb krijojm\u00eb mund\u00ebsi atraktive p\u00ebr investitor\u00ebt lokal dhe t\u00eb huaj n\u00eb t\u00eb ardhmen e af\u00ebrt. P\u00ebrve\u00e7 vler\u00ebs n\u00ebntok\u00ebsore, \u00ebsht\u00eb koha ta kthejm\u00eb v\u00ebmendjen te trash\u00ebgimia industriale dhe kujtesa kolektive e Trep\u00e7\u00ebs. P\u00ebr k\u00ebt\u00eb arsye ne besojm\u00eb se Trep\u00e7a , me historin\u00eb e pasur minerore dhe jo vet\u00ebm, p\u00ebrfaq\u00ebson nj\u00eb pjes\u00eb t\u00eb r\u00ebnd\u00ebsishme t\u00eb trash\u00ebgimis\u00eb kulturore regjionale dhe zhvillimit t\u00eb vet Kosov\u00ebs. Duke pasur n\u00eb mend q\u00eb p\u00ebr dy dekada shumica e nd\u00ebrtesave jan\u00eb braktisur, ka ende mund\u00ebsi t\u00eb ruajtjes dhe promovimit t\u00eb k\u00ebsaj trash\u00ebgimie e cila do t\u00eb \u00e7oj\u00eb drejt potencialit t\u00eb nj\u00eb zhvillimi t\u00eb q\u00ebndruesh\u00ebm t\u00eb regjionit p\u00ebrmes turizmit dhe krijimit t\u00eb vendeve t\u00eb reja t\u00eb pun\u00ebs.[\/vc_column_text][\/vc_column_inner][\/vc_row_inner][vc_column_text]<\/p>\n<p>[\/vc_column_text][vc_row_inner css=&#8221;.vc_custom_1674136352752{margin-top: 60px !important;margin-right: 60px !important;margin-left: 60px !important;}&#8221;][vc_column_inner][vc_gallery type=&#8221;image_grid&#8221; images=&#8221;4066,4067,4068,4126,4127,4128,4129&#8243; img_size=&#8221;medium&#8221;][\/vc_column_inner][\/vc_row_inner][\/vc_column][\/vc_row]<\/p>\n","protected":false},"excerpt":{"rendered":"<p>[vc_row][vc_column][vc_row_inner][vc_column_inner][vc_empty_space height=&#8221;50px&#8221;][vc_column_text]Trep\u00e7a \u00ebsh\u00eb e vendosur n\u00eb nj\u00eb fshat t\u00eb vog\u00ebl n\u00eb Mitrovic\u00eb, me nj\u00eb nj\u00eb histori t\u00eb pasur minerore e cila daton q\u00eb nga periudha romake, (bazuar ne nj\u00eb dokument t\u00eb gjetur n\u00eb arkivin e Dubrovnikut t\u00eb vitit 1303). Eksploatimi modern i minier\u00ebs filloi n\u00eb vitin [&hellip;]<\/p>\n","protected":false},"author":1,"featured_media":0,"parent":0,"menu_order":0,"comment_status":"closed","ping_status":"closed","template":"","meta":{"footnotes":""},"class_list":["post-5513","page","type-page","status-publish","hentry"],"yoast_head":"<!-- This site is optimized with the Yoast SEO plugin v24.2 - https:\/\/yoast.com\/wordpress\/plugins\/seo\/ -->\n<title>Historia e Trep\u00e7\u00ebs - Visit Trepca<\/title>\n<meta name=\"robots\" content=\"index, follow, max-snippet:-1, max-image-preview:large, max-video-preview:-1\" \/>\n<link rel=\"canonical\" href=\"https:\/\/visittrepca.com\/sq\/historia-e-trepces\/\" \/>\n<meta property=\"og:locale\" content=\"sq_AL\" \/>\n<meta property=\"og:type\" content=\"article\" \/>\n<meta property=\"og:title\" content=\"Historia e Trep\u00e7\u00ebs - Visit Trepca\" \/>\n<meta property=\"og:description\" content=\"[vc_row][vc_column][vc_row_inner][vc_column_inner][vc_empty_space height=&#8221;50px&#8221;][vc_column_text]Trep\u00e7a \u00ebsh\u00eb e vendosur n\u00eb nj\u00eb fshat t\u00eb vog\u00ebl n\u00eb Mitrovic\u00eb, me nj\u00eb nj\u00eb histori t\u00eb pasur minerore e cila daton q\u00eb nga periudha romake, (bazuar ne nj\u00eb dokument t\u00eb gjetur n\u00eb arkivin e Dubrovnikut t\u00eb vitit 1303). Eksploatimi modern i minier\u00ebs filloi n\u00eb vitin [&hellip;]\" \/>\n<meta property=\"og:url\" content=\"https:\/\/visittrepca.com\/sq\/historia-e-trepces\/\" \/>\n<meta property=\"og:site_name\" content=\"Visit Trepca\" \/>\n<meta property=\"article:publisher\" content=\"https:\/\/www.facebook.com\/visittrepca\" \/>\n<meta property=\"article:modified_time\" content=\"2023-06-05T08:05:44+00:00\" \/>\n<meta name=\"twitter:card\" content=\"summary_large_image\" \/>\n<meta name=\"twitter:label1\" content=\"Est. reading time\" \/>\n\t<meta name=\"twitter:data1\" content=\"3 minutes\" \/>\n<script type=\"application\/ld+json\" class=\"yoast-schema-graph\">{\"@context\":\"https:\/\/schema.org\",\"@graph\":[{\"@type\":\"WebPage\",\"@id\":\"https:\/\/visittrepca.com\/sq\/historia-e-trepces\/\",\"url\":\"https:\/\/visittrepca.com\/sq\/historia-e-trepces\/\",\"name\":\"Historia e Trep\u00e7\u00ebs - Visit Trepca\",\"isPartOf\":{\"@id\":\"https:\/\/visittrepca.com\/#website\"},\"datePublished\":\"2023-01-17T11:16:33+00:00\",\"dateModified\":\"2023-06-05T08:05:44+00:00\",\"breadcrumb\":{\"@id\":\"https:\/\/visittrepca.com\/sq\/historia-e-trepces\/#breadcrumb\"},\"inLanguage\":\"sq-AL\",\"potentialAction\":[{\"@type\":\"ReadAction\",\"target\":[\"https:\/\/visittrepca.com\/sq\/historia-e-trepces\/\"]}]},{\"@type\":\"BreadcrumbList\",\"@id\":\"https:\/\/visittrepca.com\/sq\/historia-e-trepces\/#breadcrumb\",\"itemListElement\":[{\"@type\":\"ListItem\",\"position\":1,\"name\":\"Home\",\"item\":\"https:\/\/visittrepca.com\/sq\/\"},{\"@type\":\"ListItem\",\"position\":2,\"name\":\"Historia e Trep\u00e7\u00ebs\"}]},{\"@type\":\"WebSite\",\"@id\":\"https:\/\/visittrepca.com\/#website\",\"url\":\"https:\/\/visittrepca.com\/\",\"name\":\"Visit Trepca\",\"description\":\"\",\"publisher\":{\"@id\":\"https:\/\/visittrepca.com\/#organization\"},\"potentialAction\":[{\"@type\":\"SearchAction\",\"target\":{\"@type\":\"EntryPoint\",\"urlTemplate\":\"https:\/\/visittrepca.com\/?s={search_term_string}\"},\"query-input\":{\"@type\":\"PropertyValueSpecification\",\"valueRequired\":true,\"valueName\":\"search_term_string\"}}],\"inLanguage\":\"sq-AL\"},{\"@type\":\"Organization\",\"@id\":\"https:\/\/visittrepca.com\/#organization\",\"name\":\"Visit Trepca\",\"url\":\"https:\/\/visittrepca.com\/\",\"logo\":{\"@type\":\"ImageObject\",\"inLanguage\":\"sq-AL\",\"@id\":\"https:\/\/visittrepca.com\/#\/schema\/logo\/image\/\",\"url\":\"https:\/\/visittrepca.com\/wp-content\/uploads\/2023\/02\/favicon-1.png\",\"contentUrl\":\"https:\/\/visittrepca.com\/wp-content\/uploads\/2023\/02\/favicon-1.png\",\"width\":258,\"height\":253,\"caption\":\"Visit Trepca\"},\"image\":{\"@id\":\"https:\/\/visittrepca.com\/#\/schema\/logo\/image\/\"},\"sameAs\":[\"https:\/\/www.facebook.com\/visittrepca\",\"https:\/\/www.instagram.com\/visittrepca\"]}]}<\/script>\n<!-- \/ Yoast SEO plugin. -->","yoast_head_json":{"title":"Historia e Trep\u00e7\u00ebs - Visit Trepca","robots":{"index":"index","follow":"follow","max-snippet":"max-snippet:-1","max-image-preview":"max-image-preview:large","max-video-preview":"max-video-preview:-1"},"canonical":"https:\/\/visittrepca.com\/sq\/historia-e-trepces\/","og_locale":"sq_AL","og_type":"article","og_title":"Historia e Trep\u00e7\u00ebs - Visit Trepca","og_description":"[vc_row][vc_column][vc_row_inner][vc_column_inner][vc_empty_space height=&#8221;50px&#8221;][vc_column_text]Trep\u00e7a \u00ebsh\u00eb e vendosur n\u00eb nj\u00eb fshat t\u00eb vog\u00ebl n\u00eb Mitrovic\u00eb, me nj\u00eb nj\u00eb histori t\u00eb pasur minerore e cila daton q\u00eb nga periudha romake, (bazuar ne nj\u00eb dokument t\u00eb gjetur n\u00eb arkivin e Dubrovnikut t\u00eb vitit 1303). Eksploatimi modern i minier\u00ebs filloi n\u00eb vitin [&hellip;]","og_url":"https:\/\/visittrepca.com\/sq\/historia-e-trepces\/","og_site_name":"Visit Trepca","article_publisher":"https:\/\/www.facebook.com\/visittrepca","article_modified_time":"2023-06-05T08:05:44+00:00","twitter_card":"summary_large_image","twitter_misc":{"Est. reading time":"3 minutes"},"schema":{"@context":"https:\/\/schema.org","@graph":[{"@type":"WebPage","@id":"https:\/\/visittrepca.com\/sq\/historia-e-trepces\/","url":"https:\/\/visittrepca.com\/sq\/historia-e-trepces\/","name":"Historia e Trep\u00e7\u00ebs - Visit Trepca","isPartOf":{"@id":"https:\/\/visittrepca.com\/#website"},"datePublished":"2023-01-17T11:16:33+00:00","dateModified":"2023-06-05T08:05:44+00:00","breadcrumb":{"@id":"https:\/\/visittrepca.com\/sq\/historia-e-trepces\/#breadcrumb"},"inLanguage":"sq-AL","potentialAction":[{"@type":"ReadAction","target":["https:\/\/visittrepca.com\/sq\/historia-e-trepces\/"]}]},{"@type":"BreadcrumbList","@id":"https:\/\/visittrepca.com\/sq\/historia-e-trepces\/#breadcrumb","itemListElement":[{"@type":"ListItem","position":1,"name":"Home","item":"https:\/\/visittrepca.com\/sq\/"},{"@type":"ListItem","position":2,"name":"Historia e Trep\u00e7\u00ebs"}]},{"@type":"WebSite","@id":"https:\/\/visittrepca.com\/#website","url":"https:\/\/visittrepca.com\/","name":"Visit Trepca","description":"","publisher":{"@id":"https:\/\/visittrepca.com\/#organization"},"potentialAction":[{"@type":"SearchAction","target":{"@type":"EntryPoint","urlTemplate":"https:\/\/visittrepca.com\/?s={search_term_string}"},"query-input":{"@type":"PropertyValueSpecification","valueRequired":true,"valueName":"search_term_string"}}],"inLanguage":"sq-AL"},{"@type":"Organization","@id":"https:\/\/visittrepca.com\/#organization","name":"Visit Trepca","url":"https:\/\/visittrepca.com\/","logo":{"@type":"ImageObject","inLanguage":"sq-AL","@id":"https:\/\/visittrepca.com\/#\/schema\/logo\/image\/","url":"https:\/\/visittrepca.com\/wp-content\/uploads\/2023\/02\/favicon-1.png","contentUrl":"https:\/\/visittrepca.com\/wp-content\/uploads\/2023\/02\/favicon-1.png","width":258,"height":253,"caption":"Visit Trepca"},"image":{"@id":"https:\/\/visittrepca.com\/#\/schema\/logo\/image\/"},"sameAs":["https:\/\/www.facebook.com\/visittrepca","https:\/\/www.instagram.com\/visittrepca"]}]}},"_links":{"self":[{"href":"https:\/\/visittrepca.com\/sq\/wp-json\/wp\/v2\/pages\/5513","targetHints":{"allow":["GET"]}}],"collection":[{"href":"https:\/\/visittrepca.com\/sq\/wp-json\/wp\/v2\/pages"}],"about":[{"href":"https:\/\/visittrepca.com\/sq\/wp-json\/wp\/v2\/types\/page"}],"author":[{"embeddable":true,"href":"https:\/\/visittrepca.com\/sq\/wp-json\/wp\/v2\/users\/1"}],"replies":[{"embeddable":true,"href":"https:\/\/visittrepca.com\/sq\/wp-json\/wp\/v2\/comments?post=5513"}],"version-history":[{"count":9,"href":"https:\/\/visittrepca.com\/sq\/wp-json\/wp\/v2\/pages\/5513\/revisions"}],"predecessor-version":[{"id":6282,"href":"https:\/\/visittrepca.com\/sq\/wp-json\/wp\/v2\/pages\/5513\/revisions\/6282"}],"wp:attachment":[{"href":"https:\/\/visittrepca.com\/sq\/wp-json\/wp\/v2\/media?parent=5513"}],"curies":[{"name":"wp","href":"https:\/\/api.w.org\/{rel}","templated":true}]}}