{"id":5521,"date":"2022-12-09T09:34:06","date_gmt":"2022-12-09T09:34:06","guid":{"rendered":"https:\/\/visittrepca.com\/kujtesa-e-trepces\/"},"modified":"2023-05-16T11:41:28","modified_gmt":"2023-05-16T11:41:28","slug":"kujtesa-e-trepces","status":"publish","type":"page","link":"https:\/\/visittrepca.com\/sq\/kujtesa-e-trepces\/","title":{"rendered":"Kujtesa e Trep\u00e7\u00ebs"},"content":{"rendered":"<p>[vc_row][vc_column el_class=&#8221;bg-image-over&#8221;][vc_row_inner row_content_width=&#8221;grid&#8221;][vc_column_inner width=&#8221;5\/6&#8243; offset=&#8221;vc_col-lg-offset-3 vc_col-lg-6 vc_col-md-offset-1 vc_col-md-10 vc_col-sm-offset-1&#8243; css=&#8221;.vc_custom_1670509394866{margin-bottom: 50px !important;}&#8221;]<div class=\"mkdf-section-title-holder   mkdf-st-highlight mkdf-center-align\" style=\"text-align: center\">\n\t<div class=\"mkdf-st-inner\">\n\t\t\t\t\t\t\t<h2 class=\"mkdf-st-title\" >\n                            Kujtesa e <span class=\"mkdf-st-highlight-title-holder\" style=\"color: #ace0c0\">\n                                                        <span class=\"mkdf-st-highlight-title\" style=\"color: #00ae42\">Trep\u00e7\u00ebs<\/span>\n                                                        <span class=\"mkdf-st-highlight\">\n                                                        <svg version=\"1.1\" xmlns=\"http:\/\/www.w3.org\/2000\/svg\" xmlns:xlink=\"http:\/\/www.w3.org\/1999\/xlink\" x=\"0px\" y=\"0px\" viewBox=\"0 0 15.7 30\" style=\"enable-background:new 0 0 15.7 30;\" xml:space=\"preserve\" class=\"mkdf-active-hover-left\"><polygon class=\"st0\" points=\"2.6,1 0.7,3.3 2,5.8 2.3,7.6 2.9,8.7 4.4,10.5 3.9,10.8 4.4,11.9 4.4,12.8 4.1,13.8 3.3,14.7 3.9,15.8 4.4,16.8 4,17.5 3.5,18.1 2.2,20.2 3.4,21.5 4.2,24.1 3.4,25.4 2.5,27.4 2.5,27.8 3.2,28.3 4.1,28.5 4.9,29 14.8,29 14.8,1 \"\/><\/svg>\n                                                        <span class=\"mkdf-active-hover-middle\"><\/span>\n                                                        <svg version=\"1.1\" xmlns=\"http:\/\/www.w3.org\/2000\/svg\" xmlns:xlink=\"http:\/\/www.w3.org\/1999\/xlink\" x=\"0px\" y=\"0px\" viewBox=\"0 0 13.3 30\" style=\"enable-background:new 0 0 13.3 30;\" xml:space=\"preserve\" class=\"mkdf-active-hover-right\"><polygon class=\"st0\" points=\"10,1 10.2,2.1 10.6,2.9 10.6,3.3 10.8,3.7 10.8,4.3 11,5 11,5.7 11,6.3 10.5,6.7 10.8,7.3 11,7.8 \t11.6,8.3 11.6,8.6 11.5,8.9 11.6,9.9 11.6,10.5 12.4,11.6 12.1,12 12.4,12.2 11.8,12.8 11.4,13.5 11.6,13.7 11.9,13.7 12,13.9 11.5,15.1 10.8,16 9.1,17.7 9.7,18.2 9.3,19 9.7,19.8 9.6,20.6 9.7,21.5 9.6,21.9 9.6,22.3 10.1,22.8 9.6,23.6 9.7,24 9.7,24.2 9.9,24.4 9.5,24.7 9.3,25.4 9.3,25.9 8.8,26.2 8.5,27.1 8.8,27.8 9.4,28.6 7.8,29 0.9,29 0.9,1 \"\/><\/svg>\n                                                        <\/span>\n                                                    <\/span>            \t\t\t<\/h2>\n\t\t\t\t\t\t\t<\/div>\n<\/div>[\/vc_column_inner][\/vc_row_inner][vc_column_text]Projekti \u201cKujtesa e Trep\u00e7\u00ebs: rr\u00ebfime t\u00eb 100 pun\u00ebtor\u00ebve t\u00eb Trep\u00e7\u00ebs\u201d ka b\u00ebr\u00eb mbledhjen e rr\u00ebfimeve t\u00eb 100 pun\u00ebtor\u00ebve t\u00eb ndrysh\u00ebm t\u00eb Trep\u00e7\u00ebs: minator\u00ebve, drejtor\u00ebve, administrator\u00ebve, punonj\u00ebsve t\u00eb ndrysh\u00ebm n\u00eb sektoret e saj. Rr\u00ebfimet jan\u00eb mbledhur p\u00ebrmes intervistave autobiografike t\u00eb realizuara nga organizata 7Arte n\u00eb bashk\u00ebpunim me hulumtuese t\u00eb Universitetit t\u00eb Prishtin\u00ebs. Videoincizimet do t\u00eb ruhen si d\u00ebshmi e nj\u00eb kujtese t\u00eb Trep\u00e7\u00ebs q\u00eb ka b\u00ebr\u00eb historin\u00eb bashk\u00ebkohore t\u00eb Kosov\u00ebs. Ato do t\u00eb vendosen n\u00eb muze, biblioteka, arkive e uebfaqe, nd\u00ebrsa transkriptat e k\u00ebtyre intervistave jan\u00eb botuar n\u00eb v\u00ebllim t\u00eb 10 librave. N\u00eb t\u00eb ardhmen, synohet p\u00ebrkthimi i tyre n\u00eb gjuh\u00ebn angleze.[\/vc_column_text][\/vc_column][\/vc_row][vc_row][vc_column css=&#8221;.vc_custom_1670579282597{margin-top: 60px !important;}&#8221;]<div class=\"mkdf-section-title-holder   mkdf-center-align\" style=\"text-align: center\">\n\t<div class=\"mkdf-st-inner\">\n\t\t\t\t\t\t\t<h3 class=\"mkdf-st-title\" >\n                            Pse jan\u00eb mbledhur k\u00ebto rr\u00ebfime jet\u00ebsore t\u00eb pun\u00ebtor\u00ebve t\u00eb Trep\u00e7\u00ebs?            \t\t\t<\/h3>\n\t\t\t\t\t\t\t<\/div>\n<\/div>[\/vc_column][\/vc_row][vc_row][vc_column][vc_column_text]Trep\u00e7a identifikohet me Kosov\u00ebn moderne, si nga aspekti ekonomik, ashtu edhe nga ai politik. Rr\u00ebfimet e pun\u00ebtor\u00ebve t\u00eb Trep\u00e7\u00ebs do t\u00eb monumentalizojn\u00eb kujtes\u00ebn e patreguar t\u00eb Trep\u00e7\u00ebs, t\u00eb minator\u00ebve t\u00eb saj. Kujtesa kolektive e jet\u00ebs ekonomike e industriale nuk \u00ebsht\u00eb mbledhur sa duhet n\u00eb Kosov\u00eb. K\u00ebto rr\u00ebfime do t\u00eb b\u00ebhen nj\u00eb prej koleksioneve t\u00eb rralla t\u00eb kujtes\u00ebs s\u00eb industrializimit n\u00eb Kosov\u00eb. Ato, nj\u00ebherazi, do t\u00eb reflektojn\u00eb edhe kujtes\u00ebn politike, sociale e psikologjike t\u00eb jet\u00ebs n\u00eb Kosov\u00eb.[\/vc_column_text][\/vc_column][\/vc_row][vc_row][vc_column css=&#8221;.vc_custom_1670579300239{margin-top: 60px !important;}&#8221;]<div class=\"mkdf-section-title-holder   mkdf-center-align\" style=\"text-align: center\">\n\t<div class=\"mkdf-st-inner\">\n\t\t\t\t\t\t\t<h3 class=\"mkdf-st-title\" >\n                            Kujt i duhet kjo kujtes\u00eb e Trep\u00e7\u00ebs?            \t\t\t<\/h3>\n\t\t\t\t\t\t\t<\/div>\n<\/div>[\/vc_column][\/vc_row][vc_row][vc_column][vc_column_text]Intervistat me pun\u00ebtor\u00ebt e Trep\u00e7\u00ebs, sidomos ata q\u00eb mbajn\u00eb mend koh\u00ebn e zhvillimit t\u00eb hovsh\u00ebm industrial, por edhe transformimit n\u00eb struktur\u00ebn menaxheriale t\u00eb Trep\u00e7\u00ebs, do t\u00eb shnd\u00ebrrohen n\u00eb dokumente t\u00eb r\u00ebnd\u00ebsishme p\u00ebr studimet historiografike, sociologjike, antropologjike e me radh\u00eb. Ato do t\u00eb b\u00ebhen dokumente t\u00eb njeriut t\u00eb n\u00ebntok\u00ebs s\u00eb Kosov\u00ebs, fotografi t\u00eb kujtes\u00ebs s\u00eb minator\u00ebve q\u00eb ishin fanar\u00ebt kryesor\u00eb ekonomik t\u00eb koh\u00ebs.[\/vc_column_text][\/vc_column][\/vc_row][vc_row][vc_column css=&#8221;.vc_custom_1670579865133{margin-top: 50px !important;}&#8221;]<div class=\"mkdf-map-with-destinations-holder\">\n\t\t\t<div class=\"mkdf-mwl-map\" style=\"height: 600px\">\n\t\t\t<script type=\"text\/template\" class=\"mkdf-info-window-template\">\n\t\t\t\t<div class=\"mkdf-info-window\">\n\t\t\t\t\t<div class=\"mkdf-info-window-inner\">\n\t\t\t\t\t    <a itemprop=\"url\" class=\"mkdf-info-window-link\" href=\"<%= itemUrl %>\"><\/a>\n\t\t\t\t\t\t<% if ( featuredImage ) { %>\n\t\t\t\t\t\t\t<div class=\"mkdf-info-window-image\">\n\t\t\t\t\t\t\t    <span class=\"icon_close\"><\/span>\n\t\t\t\t\t\t\t\t<img decoding=\"async\" itemprop=\"image\" src=\"<%= featuredImage[0] %>\" alt=\"<%= title %>\" width=\"<%= featuredImage[1] %>\" height=\"<%= featuredImage[2] %>\">\n\t\t\t\t\t\t\t<\/div>\n\t\t\t\t\t\t<% } %>\n\t\t\t\t\t\t<div class=\"mkdf-info-window-details\">\n\t\t\t\t\t\t\t<h6 itemprop=\"name\" class=\"mkdf-info-window-title\"><%= title %><\/h6>\n\t\t\t\t\t\t\t<p itemprop=\"name\" class=\"mkdf-info-window-excerpt\"><%= excerpt %><\/p>\n\t\t\t\t\t\t<\/div>\n\t\t\t\t\t<\/div>\n\t\t\t\t<\/div>\n\t\t\t<\/script><script type=\"text\/template\" class=\"mkdf-marker-template\">\n\t\t\t\t<div class=\"mkdf-map-marker\">\n\t\t\t\t\t<div class=\"mkdf-map-marker-inner\">\n\t\t\t\t\t<svg version=\"1.1\" xmlns=\"http:\/\/www.w3.org\/2000\/svg\" xmlns:xlink=\"http:\/\/www.w3.org\/1999\/xlink\" x=\"0px\" y=\"0px\"\n\t viewBox=\"0 0 20.6 36\" style=\"enable-background:new 0 0 20.6 36;\" xml:space=\"preserve\">\n\t\t\t\t<g>\n\t\t\t\t\t<path style=\"fill:#59815C;\" d=\"M4.8,18.3V7C3.5,6.6,2.4,6,1.6,5.4C0.8,4.7,0.4,4.1,0.4,3.5c0-1.1,1.6-1.9,4.9-2.4s6.6-0.5,9.8,0\n\t\t\t\t\t\ts4.9,1.3,4.9,2.4c0,0.5-0.4,1.2-1.2,1.8c-0.8,0.7-1.9,1.2-3.2,1.7v11.3c2.9,0.7,4.4,2,4.4,3.8c0,0.8-0.8,1.5-2.5,1.9\n\t\t\t\t\t\tc-1.7,0.5-3.8,0.7-6.2,0.8v6.6c0,0.7-0.1,1.6-0.3,2.7s-0.5,1.6-0.8,1.6s-0.5-0.5-0.8-1.6s-0.3-2-0.3-2.7v-6.6\n\t\t\t\t\t\tC6.7,24.7,4.7,24.4,3,24c-1.7-0.5-2.5-1.1-2.5-1.9C0.4,20.3,1.9,19,4.8,18.3z\"\/>\n\t\t\t\t<\/g>\n\t\t\t\t<\/svg>\n\t\t\t\t\t<\/div>\n\t\t\t\t<\/div>\n\t\t\t<\/script><div id=\"mkdf-destination-multiple-map-holder\"><\/div>\t\t<\/div>\n\t<\/div>[\/vc_column][\/vc_row]<\/p>\n","protected":false},"excerpt":{"rendered":"<p>[vc_row][vc_column el_class=&#8221;bg-image-over&#8221;][vc_row_inner row_content_width=&#8221;grid&#8221;][vc_column_inner width=&#8221;5\/6&#8243; offset=&#8221;vc_col-lg-offset-3 vc_col-lg-6 vc_col-md-offset-1 vc_col-md-10 vc_col-sm-offset-1&#8243; css=&#8221;.vc_custom_1670509394866{margin-bottom: 50px !important;}&#8221;][\/vc_column_inner][\/vc_row_inner][vc_column_text]Projekti \u201cKujtesa e Trep\u00e7\u00ebs: rr\u00ebfime t\u00eb 100 pun\u00ebtor\u00ebve t\u00eb Trep\u00e7\u00ebs\u201d ka b\u00ebr\u00eb mbledhjen e rr\u00ebfimeve t\u00eb 100 pun\u00ebtor\u00ebve t\u00eb ndrysh\u00ebm t\u00eb Trep\u00e7\u00ebs: minator\u00ebve, drejtor\u00ebve, administrator\u00ebve, punonj\u00ebsve t\u00eb ndrysh\u00ebm n\u00eb sektoret e saj. Rr\u00ebfimet jan\u00eb mbledhur [&hellip;]<\/p>\n","protected":false},"author":1,"featured_media":0,"parent":0,"menu_order":0,"comment_status":"closed","ping_status":"closed","template":"","meta":{"footnotes":""},"class_list":["post-5521","page","type-page","status-publish","hentry"],"yoast_head":"<!-- This site is optimized with the Yoast SEO plugin v24.2 - https:\/\/yoast.com\/wordpress\/plugins\/seo\/ -->\n<title>Kujtesa e Trep\u00e7\u00ebs - Visit Trepca<\/title>\n<meta name=\"robots\" content=\"index, follow, max-snippet:-1, max-image-preview:large, max-video-preview:-1\" \/>\n<link rel=\"canonical\" href=\"https:\/\/visittrepca.com\/sq\/kujtesa-e-trepces\/\" \/>\n<meta property=\"og:locale\" content=\"sq_AL\" \/>\n<meta property=\"og:type\" content=\"article\" \/>\n<meta property=\"og:title\" content=\"Kujtesa e Trep\u00e7\u00ebs - Visit Trepca\" \/>\n<meta property=\"og:description\" content=\"[vc_row][vc_column el_class=&#8221;bg-image-over&#8221;][vc_row_inner row_content_width=&#8221;grid&#8221;][vc_column_inner width=&#8221;5\/6&#8243; offset=&#8221;vc_col-lg-offset-3 vc_col-lg-6 vc_col-md-offset-1 vc_col-md-10 vc_col-sm-offset-1&#8243; css=&#8221;.vc_custom_1670509394866{margin-bottom: 50px !important;}&#8221;][\/vc_column_inner][\/vc_row_inner][vc_column_text]Projekti \u201cKujtesa e Trep\u00e7\u00ebs: rr\u00ebfime t\u00eb 100 pun\u00ebtor\u00ebve t\u00eb Trep\u00e7\u00ebs\u201d ka b\u00ebr\u00eb mbledhjen e rr\u00ebfimeve t\u00eb 100 pun\u00ebtor\u00ebve t\u00eb ndrysh\u00ebm t\u00eb Trep\u00e7\u00ebs: minator\u00ebve, drejtor\u00ebve, administrator\u00ebve, punonj\u00ebsve t\u00eb ndrysh\u00ebm n\u00eb sektoret e saj. Rr\u00ebfimet jan\u00eb mbledhur [&hellip;]\" \/>\n<meta property=\"og:url\" content=\"https:\/\/visittrepca.com\/sq\/kujtesa-e-trepces\/\" \/>\n<meta property=\"og:site_name\" content=\"Visit Trepca\" \/>\n<meta property=\"article:publisher\" content=\"https:\/\/www.facebook.com\/visittrepca\" \/>\n<meta property=\"article:modified_time\" content=\"2023-05-16T11:41:28+00:00\" \/>\n<meta name=\"twitter:card\" content=\"summary_large_image\" \/>\n<meta name=\"twitter:label1\" content=\"Est. reading time\" \/>\n\t<meta name=\"twitter:data1\" content=\"2 minutes\" \/>\n<script type=\"application\/ld+json\" class=\"yoast-schema-graph\">{\"@context\":\"https:\/\/schema.org\",\"@graph\":[{\"@type\":\"WebPage\",\"@id\":\"https:\/\/visittrepca.com\/sq\/kujtesa-e-trepces\/\",\"url\":\"https:\/\/visittrepca.com\/sq\/kujtesa-e-trepces\/\",\"name\":\"Kujtesa e Trep\u00e7\u00ebs - Visit Trepca\",\"isPartOf\":{\"@id\":\"https:\/\/visittrepca.com\/#website\"},\"datePublished\":\"2022-12-09T09:34:06+00:00\",\"dateModified\":\"2023-05-16T11:41:28+00:00\",\"breadcrumb\":{\"@id\":\"https:\/\/visittrepca.com\/sq\/kujtesa-e-trepces\/#breadcrumb\"},\"inLanguage\":\"sq-AL\",\"potentialAction\":[{\"@type\":\"ReadAction\",\"target\":[\"https:\/\/visittrepca.com\/sq\/kujtesa-e-trepces\/\"]}]},{\"@type\":\"BreadcrumbList\",\"@id\":\"https:\/\/visittrepca.com\/sq\/kujtesa-e-trepces\/#breadcrumb\",\"itemListElement\":[{\"@type\":\"ListItem\",\"position\":1,\"name\":\"Home\",\"item\":\"https:\/\/visittrepca.com\/sq\/\"},{\"@type\":\"ListItem\",\"position\":2,\"name\":\"Kujtesa e Trep\u00e7\u00ebs\"}]},{\"@type\":\"WebSite\",\"@id\":\"https:\/\/visittrepca.com\/#website\",\"url\":\"https:\/\/visittrepca.com\/\",\"name\":\"Visit Trepca\",\"description\":\"\",\"publisher\":{\"@id\":\"https:\/\/visittrepca.com\/#organization\"},\"potentialAction\":[{\"@type\":\"SearchAction\",\"target\":{\"@type\":\"EntryPoint\",\"urlTemplate\":\"https:\/\/visittrepca.com\/?s={search_term_string}\"},\"query-input\":{\"@type\":\"PropertyValueSpecification\",\"valueRequired\":true,\"valueName\":\"search_term_string\"}}],\"inLanguage\":\"sq-AL\"},{\"@type\":\"Organization\",\"@id\":\"https:\/\/visittrepca.com\/#organization\",\"name\":\"Visit Trepca\",\"url\":\"https:\/\/visittrepca.com\/\",\"logo\":{\"@type\":\"ImageObject\",\"inLanguage\":\"sq-AL\",\"@id\":\"https:\/\/visittrepca.com\/#\/schema\/logo\/image\/\",\"url\":\"https:\/\/visittrepca.com\/wp-content\/uploads\/2023\/02\/favicon-1.png\",\"contentUrl\":\"https:\/\/visittrepca.com\/wp-content\/uploads\/2023\/02\/favicon-1.png\",\"width\":258,\"height\":253,\"caption\":\"Visit Trepca\"},\"image\":{\"@id\":\"https:\/\/visittrepca.com\/#\/schema\/logo\/image\/\"},\"sameAs\":[\"https:\/\/www.facebook.com\/visittrepca\",\"https:\/\/www.instagram.com\/visittrepca\"]}]}<\/script>\n<!-- \/ Yoast SEO plugin. -->","yoast_head_json":{"title":"Kujtesa e Trep\u00e7\u00ebs - Visit Trepca","robots":{"index":"index","follow":"follow","max-snippet":"max-snippet:-1","max-image-preview":"max-image-preview:large","max-video-preview":"max-video-preview:-1"},"canonical":"https:\/\/visittrepca.com\/sq\/kujtesa-e-trepces\/","og_locale":"sq_AL","og_type":"article","og_title":"Kujtesa e Trep\u00e7\u00ebs - Visit Trepca","og_description":"[vc_row][vc_column el_class=&#8221;bg-image-over&#8221;][vc_row_inner row_content_width=&#8221;grid&#8221;][vc_column_inner width=&#8221;5\/6&#8243; offset=&#8221;vc_col-lg-offset-3 vc_col-lg-6 vc_col-md-offset-1 vc_col-md-10 vc_col-sm-offset-1&#8243; css=&#8221;.vc_custom_1670509394866{margin-bottom: 50px !important;}&#8221;][\/vc_column_inner][\/vc_row_inner][vc_column_text]Projekti \u201cKujtesa e Trep\u00e7\u00ebs: rr\u00ebfime t\u00eb 100 pun\u00ebtor\u00ebve t\u00eb Trep\u00e7\u00ebs\u201d ka b\u00ebr\u00eb mbledhjen e rr\u00ebfimeve t\u00eb 100 pun\u00ebtor\u00ebve t\u00eb ndrysh\u00ebm t\u00eb Trep\u00e7\u00ebs: minator\u00ebve, drejtor\u00ebve, administrator\u00ebve, punonj\u00ebsve t\u00eb ndrysh\u00ebm n\u00eb sektoret e saj. Rr\u00ebfimet jan\u00eb mbledhur [&hellip;]","og_url":"https:\/\/visittrepca.com\/sq\/kujtesa-e-trepces\/","og_site_name":"Visit Trepca","article_publisher":"https:\/\/www.facebook.com\/visittrepca","article_modified_time":"2023-05-16T11:41:28+00:00","twitter_card":"summary_large_image","twitter_misc":{"Est. reading time":"2 minutes"},"schema":{"@context":"https:\/\/schema.org","@graph":[{"@type":"WebPage","@id":"https:\/\/visittrepca.com\/sq\/kujtesa-e-trepces\/","url":"https:\/\/visittrepca.com\/sq\/kujtesa-e-trepces\/","name":"Kujtesa e Trep\u00e7\u00ebs - Visit Trepca","isPartOf":{"@id":"https:\/\/visittrepca.com\/#website"},"datePublished":"2022-12-09T09:34:06+00:00","dateModified":"2023-05-16T11:41:28+00:00","breadcrumb":{"@id":"https:\/\/visittrepca.com\/sq\/kujtesa-e-trepces\/#breadcrumb"},"inLanguage":"sq-AL","potentialAction":[{"@type":"ReadAction","target":["https:\/\/visittrepca.com\/sq\/kujtesa-e-trepces\/"]}]},{"@type":"BreadcrumbList","@id":"https:\/\/visittrepca.com\/sq\/kujtesa-e-trepces\/#breadcrumb","itemListElement":[{"@type":"ListItem","position":1,"name":"Home","item":"https:\/\/visittrepca.com\/sq\/"},{"@type":"ListItem","position":2,"name":"Kujtesa e Trep\u00e7\u00ebs"}]},{"@type":"WebSite","@id":"https:\/\/visittrepca.com\/#website","url":"https:\/\/visittrepca.com\/","name":"Visit Trepca","description":"","publisher":{"@id":"https:\/\/visittrepca.com\/#organization"},"potentialAction":[{"@type":"SearchAction","target":{"@type":"EntryPoint","urlTemplate":"https:\/\/visittrepca.com\/?s={search_term_string}"},"query-input":{"@type":"PropertyValueSpecification","valueRequired":true,"valueName":"search_term_string"}}],"inLanguage":"sq-AL"},{"@type":"Organization","@id":"https:\/\/visittrepca.com\/#organization","name":"Visit Trepca","url":"https:\/\/visittrepca.com\/","logo":{"@type":"ImageObject","inLanguage":"sq-AL","@id":"https:\/\/visittrepca.com\/#\/schema\/logo\/image\/","url":"https:\/\/visittrepca.com\/wp-content\/uploads\/2023\/02\/favicon-1.png","contentUrl":"https:\/\/visittrepca.com\/wp-content\/uploads\/2023\/02\/favicon-1.png","width":258,"height":253,"caption":"Visit Trepca"},"image":{"@id":"https:\/\/visittrepca.com\/#\/schema\/logo\/image\/"},"sameAs":["https:\/\/www.facebook.com\/visittrepca","https:\/\/www.instagram.com\/visittrepca"]}]}},"_links":{"self":[{"href":"https:\/\/visittrepca.com\/sq\/wp-json\/wp\/v2\/pages\/5521","targetHints":{"allow":["GET"]}}],"collection":[{"href":"https:\/\/visittrepca.com\/sq\/wp-json\/wp\/v2\/pages"}],"about":[{"href":"https:\/\/visittrepca.com\/sq\/wp-json\/wp\/v2\/types\/page"}],"author":[{"embeddable":true,"href":"https:\/\/visittrepca.com\/sq\/wp-json\/wp\/v2\/users\/1"}],"replies":[{"embeddable":true,"href":"https:\/\/visittrepca.com\/sq\/wp-json\/wp\/v2\/comments?post=5521"}],"version-history":[{"count":2,"href":"https:\/\/visittrepca.com\/sq\/wp-json\/wp\/v2\/pages\/5521\/revisions"}],"predecessor-version":[{"id":5523,"href":"https:\/\/visittrepca.com\/sq\/wp-json\/wp\/v2\/pages\/5521\/revisions\/5523"}],"wp:attachment":[{"href":"https:\/\/visittrepca.com\/sq\/wp-json\/wp\/v2\/media?parent=5521"}],"curies":[{"name":"wp","href":"https:\/\/api.w.org\/{rel}","templated":true}]}}