{"id":5534,"date":"2023-05-16T11:43:45","date_gmt":"2023-05-16T11:43:45","guid":{"rendered":"https:\/\/visittrepca.com\/trepcart-city\/"},"modified":"2023-06-05T11:37:38","modified_gmt":"2023-06-05T11:37:38","slug":"trepcart-city","status":"publish","type":"page","link":"https:\/\/visittrepca.com\/sq\/trepcart-city\/","title":{"rendered":"Trep\u00e7Art City"},"content":{"rendered":"<p>[vc_row][vc_column]<div class=\"mkdf-section-title-holder   mkdf-st-highlight mkdf-center-align\" style=\"text-align: center\">\n\t<div class=\"mkdf-st-inner\">\n\t\t\t\t\t\t\t<h3 class=\"mkdf-st-title\" >\n                            <span class=\"mkdf-st-highlight-title-holder\" style=\"color: #ace0c0\">\n                                                        <span class=\"mkdf-st-highlight-title\" style=\"color: #00ae42\">Ndrite<\/span>\n                                                        <span class=\"mkdf-st-highlight\">\n                                                        <svg version=\"1.1\" xmlns=\"http:\/\/www.w3.org\/2000\/svg\" xmlns:xlink=\"http:\/\/www.w3.org\/1999\/xlink\" x=\"0px\" y=\"0px\" viewBox=\"0 0 15.7 30\" style=\"enable-background:new 0 0 15.7 30;\" xml:space=\"preserve\" class=\"mkdf-active-hover-left\"><polygon class=\"st0\" points=\"2.6,1 0.7,3.3 2,5.8 2.3,7.6 2.9,8.7 4.4,10.5 3.9,10.8 4.4,11.9 4.4,12.8 4.1,13.8 3.3,14.7 3.9,15.8 4.4,16.8 4,17.5 3.5,18.1 2.2,20.2 3.4,21.5 4.2,24.1 3.4,25.4 2.5,27.4 2.5,27.8 3.2,28.3 4.1,28.5 4.9,29 14.8,29 14.8,1 \"\/><\/svg>\n                                                        <span class=\"mkdf-active-hover-middle\"><\/span>\n                                                        <svg version=\"1.1\" xmlns=\"http:\/\/www.w3.org\/2000\/svg\" xmlns:xlink=\"http:\/\/www.w3.org\/1999\/xlink\" x=\"0px\" y=\"0px\" viewBox=\"0 0 13.3 30\" style=\"enable-background:new 0 0 13.3 30;\" xml:space=\"preserve\" class=\"mkdf-active-hover-right\"><polygon class=\"st0\" points=\"10,1 10.2,2.1 10.6,2.9 10.6,3.3 10.8,3.7 10.8,4.3 11,5 11,5.7 11,6.3 10.5,6.7 10.8,7.3 11,7.8 \t11.6,8.3 11.6,8.6 11.5,8.9 11.6,9.9 11.6,10.5 12.4,11.6 12.1,12 12.4,12.2 11.8,12.8 11.4,13.5 11.6,13.7 11.9,13.7 12,13.9 11.5,15.1 10.8,16 9.1,17.7 9.7,18.2 9.3,19 9.7,19.8 9.6,20.6 9.7,21.5 9.6,21.9 9.6,22.3 10.1,22.8 9.6,23.6 9.7,24 9.7,24.2 9.9,24.4 9.5,24.7 9.3,25.4 9.3,25.9 8.8,26.2 8.5,27.1 8.8,27.8 9.4,28.6 7.8,29 0.9,29 0.9,1 \"\/><\/svg>\n                                                        <\/span>\n                                                    <\/span> Trep\u00e7\u00ebn            \t\t\t<\/h3>\n\t\t\t\t\t\t\t<\/div>\n<\/div>[vc_column_text]<span style=\"font-weight: 400;\">Green Fest \u00ebsht\u00eb festivali vjetor q\u00eb 7 Arte organizon, \u00e7do vit tema e aktiviteteve lidhet me nj\u00eb nga SDG-t\u00eb (Sustainable Development Goals; Synimet e Zhvilimit t\u00eb Q\u00ebndruesh\u00ebm). Si pjes\u00eb e edicionit t\u00eb 11-t\u00eb, motoja e festivalit ishte &#8220;Ndrite qytetin&#8221;, tema e vendosur n\u00eb SDG 11; Qytete dhe komunitete t\u00eb q\u00ebndrueshme.<\/span><\/p>\n<p><span style=\"font-weight: 400;\">K\u00ebshtu, 7 Arte organizoi pun\u00ebtorin\u00eb &#8220;Ndrite Trep\u00e7\u00ebn&#8221;, duke hedhur nj\u00eb hap t\u00eb r\u00ebnd\u00ebsish\u00ebm drejt arritjes s\u00eb q\u00ebllimit t\u00eb &#8220;Trepc&#8217;Art Factories&#8221;. Pun\u00ebtoria e zhvilluar gjat\u00eb 5 dit\u00ebve trajtoi mund\u00ebsin\u00eb e rivitalizimit dhe krijimit t\u00eb hap\u00ebsirave t\u00eb q\u00ebndrueshme n\u00eb parkun industrial &#8220;Trep\u00e7a&#8221;.<\/span><\/p>\n<p><span style=\"font-weight: 400;\">Pun\u00ebtoria u mbajt\u00eb n\u00eb k\u00ebto hap\u00ebsira me pjes\u00ebmarr\u00ebs nga qytete t\u00eb ndryshme t\u00eb Kosov\u00ebs, kryesisht student t\u00eb arkitektur\u00ebs.<\/span><\/p>\n<p><span style=\"font-weight: 400;\">Si pjes\u00eb e agjend\u00ebs s\u00eb pun\u00ebtoris\u00eb, nj\u00eb dit\u00eb e t\u00ebr\u00eb iu kushtua vizitave t\u00eb pikave identifikuese historike dhe kulturore t\u00eb qytetit, k\u00ebshtu pjes\u00ebmarr\u00ebsit nga qytetet e tjera pat\u00ebn mund\u00ebsin\u00eb t\u00eb njihen me karakterin e qytetit dhe vlerat e tij. Gjat\u00eb kat\u00ebr diteve t\u00eb tjera u realizuan leksione t\u00eb shumta. Tutje pjes\u00ebmarr\u00ebsit punuan n\u00eb disa ide konceptuale n\u00eb lidhje me zon\u00ebn, bazuar n\u00eb njohurit\u00eb e marra nga lektor\u00ebt dhe analizat e lokacionit.<\/span><\/p>\n<p><span style=\"font-weight: 400;\">Mentorja e pun\u00ebtoris\u00eb ishte arkitektja Leunita Syla. N\u00eb kuad\u00ebr t\u00eb pun\u00ebtoris\u00eb u zhvilluan diskutime aktive n\u00eb mes t\u00eb pjes\u00ebmarr\u00ebsve dhe t\u00eb ftuarve; si zyrtar\u00eb nga Komuna e Mitrovic\u00ebs, aktivisti i qytetit Z. Nexhmedin Spahiu, znj. Nora Prekazi nga Muzeu i Mitrovic\u00ebs dhe Mevlude Skuroshi nga Qendra Artizanale, &#8220;Social Space for Deconstruction&#8221; (&#8220;Hap\u00ebsira sociale p\u00ebr dekonstruksion&#8221;). P\u00ebr t\u00eb trajtuar m\u00eb n\u00eb detaje tem\u00ebn e pun\u00ebtoris\u00eb, ishin t\u00eb ftuar ligi\u00ebruesit: arkitekt z. Rron Begiri, TA n\u00eb Fakultetin e Arkitektur\u00ebs, Universiteti i Prishtin\u00ebs, z. Valon Xhabali, nga OJQ EC Ma Ndryshe, GE Ramadan S. Uka, arkitekti z. Blendar Cana, arkitekti z. Kosovar Jashari, arkitekti z. Genc Demiraj, dhe arkitektja znj. Arbnora Skuroshi. Ata ndan\u00eb q\u00ebndrimet dhe ekspertiz\u00ebn e tyre ndaj hap\u00ebsir\u00ebs s\u00eb hulumtuar.<\/span><\/p>\n<ol>\n<li style=\"font-weight: 400;\" aria-level=\"1\"><strong>ENLIGHTEN TREPCA<\/strong><\/li>\n<li style=\"font-weight: 400;\" aria-level=\"1\"><strong>ZONIMI HISTORIK I TREPCES<\/strong><\/li>\n<li style=\"font-weight: 400;\" aria-level=\"1\"><strong>VIZIONI I TREPCART CITY<\/strong><\/li>\n<\/ol>\n<p>[\/vc_column_text][\/vc_column][\/vc_row]<\/p>\n","protected":false},"excerpt":{"rendered":"<p>[vc_row][vc_column][vc_column_text]Green Fest \u00ebsht\u00eb festivali vjetor q\u00eb 7 Arte organizon, \u00e7do vit tema e aktiviteteve lidhet me nj\u00eb nga SDG-t\u00eb (Sustainable Development Goals; Synimet e Zhvilimit t\u00eb Q\u00ebndruesh\u00ebm). Si pjes\u00eb e edicionit t\u00eb 11-t\u00eb, motoja e festivalit ishte &#8220;Ndrite qytetin&#8221;, tema e vendosur n\u00eb SDG 11; Qytete [&hellip;]<\/p>\n","protected":false},"author":1,"featured_media":0,"parent":0,"menu_order":0,"comment_status":"closed","ping_status":"closed","template":"","meta":{"footnotes":""},"class_list":["post-5534","page","type-page","status-publish","hentry"],"yoast_head":"<!-- This site is optimized with the Yoast SEO plugin v24.2 - https:\/\/yoast.com\/wordpress\/plugins\/seo\/ -->\n<title>Trep\u00e7Art City - Visit Trepca<\/title>\n<meta name=\"robots\" content=\"index, follow, max-snippet:-1, max-image-preview:large, max-video-preview:-1\" \/>\n<link rel=\"canonical\" href=\"https:\/\/visittrepca.com\/sq\/trepcart-city\/\" \/>\n<meta property=\"og:locale\" content=\"sq_AL\" \/>\n<meta property=\"og:type\" content=\"article\" \/>\n<meta property=\"og:title\" content=\"Trep\u00e7Art City - Visit Trepca\" \/>\n<meta property=\"og:description\" content=\"[vc_row][vc_column][vc_column_text]Green Fest \u00ebsht\u00eb festivali vjetor q\u00eb 7 Arte organizon, \u00e7do vit tema e aktiviteteve lidhet me nj\u00eb nga SDG-t\u00eb (Sustainable Development Goals; Synimet e Zhvilimit t\u00eb Q\u00ebndruesh\u00ebm). Si pjes\u00eb e edicionit t\u00eb 11-t\u00eb, motoja e festivalit ishte &#8220;Ndrite qytetin&#8221;, tema e vendosur n\u00eb SDG 11; Qytete [&hellip;]\" \/>\n<meta property=\"og:url\" content=\"https:\/\/visittrepca.com\/sq\/trepcart-city\/\" \/>\n<meta property=\"og:site_name\" content=\"Visit Trepca\" \/>\n<meta property=\"article:publisher\" content=\"https:\/\/www.facebook.com\/visittrepca\" \/>\n<meta property=\"article:modified_time\" content=\"2023-06-05T11:37:38+00:00\" \/>\n<meta name=\"twitter:card\" content=\"summary_large_image\" \/>\n<meta name=\"twitter:label1\" content=\"Est. reading time\" \/>\n\t<meta name=\"twitter:data1\" content=\"2 minutes\" \/>\n<script type=\"application\/ld+json\" class=\"yoast-schema-graph\">{\"@context\":\"https:\/\/schema.org\",\"@graph\":[{\"@type\":\"WebPage\",\"@id\":\"https:\/\/visittrepca.com\/sq\/trepcart-city\/\",\"url\":\"https:\/\/visittrepca.com\/sq\/trepcart-city\/\",\"name\":\"Trep\u00e7Art City - Visit Trepca\",\"isPartOf\":{\"@id\":\"https:\/\/visittrepca.com\/#website\"},\"datePublished\":\"2023-05-16T11:43:45+00:00\",\"dateModified\":\"2023-06-05T11:37:38+00:00\",\"breadcrumb\":{\"@id\":\"https:\/\/visittrepca.com\/sq\/trepcart-city\/#breadcrumb\"},\"inLanguage\":\"sq-AL\",\"potentialAction\":[{\"@type\":\"ReadAction\",\"target\":[\"https:\/\/visittrepca.com\/sq\/trepcart-city\/\"]}]},{\"@type\":\"BreadcrumbList\",\"@id\":\"https:\/\/visittrepca.com\/sq\/trepcart-city\/#breadcrumb\",\"itemListElement\":[{\"@type\":\"ListItem\",\"position\":1,\"name\":\"Home\",\"item\":\"https:\/\/visittrepca.com\/sq\/\"},{\"@type\":\"ListItem\",\"position\":2,\"name\":\"Trep\u00e7Art City\"}]},{\"@type\":\"WebSite\",\"@id\":\"https:\/\/visittrepca.com\/#website\",\"url\":\"https:\/\/visittrepca.com\/\",\"name\":\"Visit Trepca\",\"description\":\"\",\"publisher\":{\"@id\":\"https:\/\/visittrepca.com\/#organization\"},\"potentialAction\":[{\"@type\":\"SearchAction\",\"target\":{\"@type\":\"EntryPoint\",\"urlTemplate\":\"https:\/\/visittrepca.com\/?s={search_term_string}\"},\"query-input\":{\"@type\":\"PropertyValueSpecification\",\"valueRequired\":true,\"valueName\":\"search_term_string\"}}],\"inLanguage\":\"sq-AL\"},{\"@type\":\"Organization\",\"@id\":\"https:\/\/visittrepca.com\/#organization\",\"name\":\"Visit Trepca\",\"url\":\"https:\/\/visittrepca.com\/\",\"logo\":{\"@type\":\"ImageObject\",\"inLanguage\":\"sq-AL\",\"@id\":\"https:\/\/visittrepca.com\/#\/schema\/logo\/image\/\",\"url\":\"https:\/\/visittrepca.com\/wp-content\/uploads\/2023\/02\/favicon-1.png\",\"contentUrl\":\"https:\/\/visittrepca.com\/wp-content\/uploads\/2023\/02\/favicon-1.png\",\"width\":258,\"height\":253,\"caption\":\"Visit Trepca\"},\"image\":{\"@id\":\"https:\/\/visittrepca.com\/#\/schema\/logo\/image\/\"},\"sameAs\":[\"https:\/\/www.facebook.com\/visittrepca\",\"https:\/\/www.instagram.com\/visittrepca\"]}]}<\/script>\n<!-- \/ Yoast SEO plugin. -->","yoast_head_json":{"title":"Trep\u00e7Art City - Visit Trepca","robots":{"index":"index","follow":"follow","max-snippet":"max-snippet:-1","max-image-preview":"max-image-preview:large","max-video-preview":"max-video-preview:-1"},"canonical":"https:\/\/visittrepca.com\/sq\/trepcart-city\/","og_locale":"sq_AL","og_type":"article","og_title":"Trep\u00e7Art City - Visit Trepca","og_description":"[vc_row][vc_column][vc_column_text]Green Fest \u00ebsht\u00eb festivali vjetor q\u00eb 7 Arte organizon, \u00e7do vit tema e aktiviteteve lidhet me nj\u00eb nga SDG-t\u00eb (Sustainable Development Goals; Synimet e Zhvilimit t\u00eb Q\u00ebndruesh\u00ebm). Si pjes\u00eb e edicionit t\u00eb 11-t\u00eb, motoja e festivalit ishte &#8220;Ndrite qytetin&#8221;, tema e vendosur n\u00eb SDG 11; Qytete [&hellip;]","og_url":"https:\/\/visittrepca.com\/sq\/trepcart-city\/","og_site_name":"Visit Trepca","article_publisher":"https:\/\/www.facebook.com\/visittrepca","article_modified_time":"2023-06-05T11:37:38+00:00","twitter_card":"summary_large_image","twitter_misc":{"Est. reading time":"2 minutes"},"schema":{"@context":"https:\/\/schema.org","@graph":[{"@type":"WebPage","@id":"https:\/\/visittrepca.com\/sq\/trepcart-city\/","url":"https:\/\/visittrepca.com\/sq\/trepcart-city\/","name":"Trep\u00e7Art City - Visit Trepca","isPartOf":{"@id":"https:\/\/visittrepca.com\/#website"},"datePublished":"2023-05-16T11:43:45+00:00","dateModified":"2023-06-05T11:37:38+00:00","breadcrumb":{"@id":"https:\/\/visittrepca.com\/sq\/trepcart-city\/#breadcrumb"},"inLanguage":"sq-AL","potentialAction":[{"@type":"ReadAction","target":["https:\/\/visittrepca.com\/sq\/trepcart-city\/"]}]},{"@type":"BreadcrumbList","@id":"https:\/\/visittrepca.com\/sq\/trepcart-city\/#breadcrumb","itemListElement":[{"@type":"ListItem","position":1,"name":"Home","item":"https:\/\/visittrepca.com\/sq\/"},{"@type":"ListItem","position":2,"name":"Trep\u00e7Art City"}]},{"@type":"WebSite","@id":"https:\/\/visittrepca.com\/#website","url":"https:\/\/visittrepca.com\/","name":"Visit Trepca","description":"","publisher":{"@id":"https:\/\/visittrepca.com\/#organization"},"potentialAction":[{"@type":"SearchAction","target":{"@type":"EntryPoint","urlTemplate":"https:\/\/visittrepca.com\/?s={search_term_string}"},"query-input":{"@type":"PropertyValueSpecification","valueRequired":true,"valueName":"search_term_string"}}],"inLanguage":"sq-AL"},{"@type":"Organization","@id":"https:\/\/visittrepca.com\/#organization","name":"Visit Trepca","url":"https:\/\/visittrepca.com\/","logo":{"@type":"ImageObject","inLanguage":"sq-AL","@id":"https:\/\/visittrepca.com\/#\/schema\/logo\/image\/","url":"https:\/\/visittrepca.com\/wp-content\/uploads\/2023\/02\/favicon-1.png","contentUrl":"https:\/\/visittrepca.com\/wp-content\/uploads\/2023\/02\/favicon-1.png","width":258,"height":253,"caption":"Visit Trepca"},"image":{"@id":"https:\/\/visittrepca.com\/#\/schema\/logo\/image\/"},"sameAs":["https:\/\/www.facebook.com\/visittrepca","https:\/\/www.instagram.com\/visittrepca"]}]}},"_links":{"self":[{"href":"https:\/\/visittrepca.com\/sq\/wp-json\/wp\/v2\/pages\/5534","targetHints":{"allow":["GET"]}}],"collection":[{"href":"https:\/\/visittrepca.com\/sq\/wp-json\/wp\/v2\/pages"}],"about":[{"href":"https:\/\/visittrepca.com\/sq\/wp-json\/wp\/v2\/types\/page"}],"author":[{"embeddable":true,"href":"https:\/\/visittrepca.com\/sq\/wp-json\/wp\/v2\/users\/1"}],"replies":[{"embeddable":true,"href":"https:\/\/visittrepca.com\/sq\/wp-json\/wp\/v2\/comments?post=5534"}],"version-history":[{"count":8,"href":"https:\/\/visittrepca.com\/sq\/wp-json\/wp\/v2\/pages\/5534\/revisions"}],"predecessor-version":[{"id":6310,"href":"https:\/\/visittrepca.com\/sq\/wp-json\/wp\/v2\/pages\/5534\/revisions\/6310"}],"wp:attachment":[{"href":"https:\/\/visittrepca.com\/sq\/wp-json\/wp\/v2\/media?parent=5534"}],"curies":[{"name":"wp","href":"https:\/\/api.w.org\/{rel}","templated":true}]}}