{"id":5537,"date":"2023-05-02T12:36:50","date_gmt":"2023-05-02T12:36:50","guid":{"rendered":"https:\/\/visittrepca.com\/tuneli-i-pare-t1\/"},"modified":"2023-05-16T12:11:22","modified_gmt":"2023-05-16T12:11:22","slug":"tuneli-i-pare-t1","status":"publish","type":"page","link":"https:\/\/visittrepca.com\/sq\/tuneli-i-pare-t1\/","title":{"rendered":"Tuneli i Par\u00eb\/ T1"},"content":{"rendered":"<p>[vc_row][vc_column][vc_row_inner][vc_column_inner]<div class=\"mkdf-section-title-holder   mkdf-st-highlight mkdf-center-align\" style=\"padding: 0 3%;text-align: center\">\n\t<div class=\"mkdf-st-inner\">\n\t\t\t\t\t\t\t<h3 class=\"mkdf-st-title\" >\n                            THE <span class=\"mkdf-st-highlight-title-holder\" style=\"color: #ace0c0\">\n                                                        <span class=\"mkdf-st-highlight-title\" style=\"color: #00ae42\">FIRST<\/span>\n                                                        <span class=\"mkdf-st-highlight\">\n                                                        <svg version=\"1.1\" xmlns=\"http:\/\/www.w3.org\/2000\/svg\" xmlns:xlink=\"http:\/\/www.w3.org\/1999\/xlink\" x=\"0px\" y=\"0px\" viewBox=\"0 0 15.7 30\" style=\"enable-background:new 0 0 15.7 30;\" xml:space=\"preserve\" class=\"mkdf-active-hover-left\"><polygon class=\"st0\" points=\"2.6,1 0.7,3.3 2,5.8 2.3,7.6 2.9,8.7 4.4,10.5 3.9,10.8 4.4,11.9 4.4,12.8 4.1,13.8 3.3,14.7 3.9,15.8 4.4,16.8 4,17.5 3.5,18.1 2.2,20.2 3.4,21.5 4.2,24.1 3.4,25.4 2.5,27.4 2.5,27.8 3.2,28.3 4.1,28.5 4.9,29 14.8,29 14.8,1 \"\/><\/svg>\n                                                        <span class=\"mkdf-active-hover-middle\"><\/span>\n                                                        <svg version=\"1.1\" xmlns=\"http:\/\/www.w3.org\/2000\/svg\" xmlns:xlink=\"http:\/\/www.w3.org\/1999\/xlink\" x=\"0px\" y=\"0px\" viewBox=\"0 0 13.3 30\" style=\"enable-background:new 0 0 13.3 30;\" xml:space=\"preserve\" class=\"mkdf-active-hover-right\"><polygon class=\"st0\" points=\"10,1 10.2,2.1 10.6,2.9 10.6,3.3 10.8,3.7 10.8,4.3 11,5 11,5.7 11,6.3 10.5,6.7 10.8,7.3 11,7.8 \t11.6,8.3 11.6,8.6 11.5,8.9 11.6,9.9 11.6,10.5 12.4,11.6 12.1,12 12.4,12.2 11.8,12.8 11.4,13.5 11.6,13.7 11.9,13.7 12,13.9 11.5,15.1 10.8,16 9.1,17.7 9.7,18.2 9.3,19 9.7,19.8 9.6,20.6 9.7,21.5 9.6,21.9 9.6,22.3 10.1,22.8 9.6,23.6 9.7,24 9.7,24.2 9.9,24.4 9.5,24.7 9.3,25.4 9.3,25.9 8.8,26.2 8.5,27.1 8.8,27.8 9.4,28.6 7.8,29 0.9,29 0.9,1 \"\/><\/svg>\n                                                        <\/span>\n                                                    <\/span> TUNNEL\/ T1            \t\t\t<\/h3>\n\t\t\t\t\t\t\t<\/div>\n<\/div>[vc_empty_space height=&#8221;50px&#8221;][vc_column_text]<span style=\"font-weight: 400;\">Tuneli i par\u00eb thuhet se u nd\u00ebrtua nga anglez\u00ebt n\u00eb vitin 1926 p\u00ebr nevojat e pun\u00ebtor\u00ebve t\u00eb Trep\u00e7\u00ebs q\u00eb nuk banonin n\u00eb Mitrovic\u00eb Emrin &#8220;Tuneli i Par\u00eb&#8221; e ka marr\u00eb nga nj\u00eb tunel q\u00eb gjendet mes k\u00ebtij vendi dhe fshatit Stan T\u00ebrg. Sipas burimeve t\u00eb viteve &#8217;70, Tuneli i Par\u00eb i vendosur n\u00eb nj\u00eb lugin\u00eb af\u00ebr lumit Trep\u00e7a ishte n\u00eb gjendje t\u00eb r\u00ebnd\u00eb dhe kushte primitive t\u00eb jetes\u00ebs. Thuhet se kur filloi puna n\u00eb minier\u00ebn e Trep\u00e7\u00ebs, nuk kishte mjaftuesh\u00ebm resurse humane p\u00ebr t\u00eb plot\u00ebsuar nevojat e pun\u00ebs s\u00eb minier\u00ebs dhe p\u00ebr k\u00ebt\u00eb arsye, Trep\u00e7a filloi t\u00eb pun\u00ebsonte nga gjith\u00eb territori i Kosov\u00ebs, por edhe nga Ballkani, si Serbia, Mali i Zi dhe Kroacia.<\/span><\/p>\n<p>&nbsp;<\/p>\n<p><span style=\"font-weight: 400;\">N\u00eb vitin 1974, n\u00eb Trep\u00e7\u00eb u b\u00eb drejtor i p\u00ebrgjithsh\u00ebm Veli Deva, i cili pas ankesave t\u00eb rregullta t\u00eb banor\u00ebve t\u00eb Tunelit t\u00eb Par\u00eb, formoi nj\u00eb komision me kryetar Latif Jashari p\u00ebr ta vler\u00ebsuar gjendjen e asaj lagjeje dhe dha urdh\u00ebr p\u00ebr t\u00eb mar\u00eb masa urgjente p\u00ebr zgjidhjen e problemeve. Me fillimin e grev\u00ebs s\u00eb minator\u00ebve n\u00eb vitin 1989, filloi edhe p\u00ebrkeq\u00ebsimi i situat\u00ebs politike n\u00eb vend. Trep\u00e7a e nd\u00ebrpreu investimin p\u00ebr kineman\u00eb e Tunelit t\u00eb Par\u00eb, me \u00e7&#8217;rast u nd\u00ebrpre edhe puna p\u00ebr nd\u00ebrtimin e kinemas\u00eb. <\/span><\/p>\n<p>&nbsp;<\/p>\n<p><span style=\"font-weight: 400;\">Banor\u00ebt e Mitrovic\u00ebs, dhe n\u00eb ve\u00e7anti ata t\u00eb Tunelit t\u00eb Par\u00eb, thon\u00eb se destabilizimi i situat\u00ebs b\u00ebri q\u00eb nd\u00ebrtimi i kinemas\u00eb t\u00eb nd\u00ebrprehet. Kur nd\u00ebrtimi i kinemas\u00eb u nd\u00ebrpre dhe pun\u00ebtor\u00ebt e kompanis\u00eb Kablari u larguan nga Tuneli i Par\u00eb, nj\u00eb num\u00ebr i banor\u00ebve t\u00eb lagjes thon\u00eb se brenda objektit kishte edhe materiale t\u00eb nd\u00ebrtimit p\u00ebr ta perfunduar nd\u00ebrtimin e kinemas\u00eb.<\/span><\/p>\n<p><span style=\"font-weight: 400;\">Gjithashtu, sot nd\u00ebrtesa potencialisht mund t\u00eb sh\u00ebrbej\u00eb si simbol i progresit dhe zhvillimit p\u00ebr lagjen dhe komunitetin e gjer\u00eb, n\u00ebse realizohet investimi dhe rivitalizimi i duhur.<\/span>[\/vc_column_text][\/vc_column_inner][\/vc_row_inner][vc_column_text]<\/p>\n<p>[\/vc_column_text][vc_row_inner css=&#8221;.vc_custom_1674136352752{margin-top: 60px !important;margin-right: 60px !important;margin-left: 60px !important;}&#8221;][vc_column_inner][vc_gallery type=&#8221;image_grid&#8221; images=&#8221;4066,4067,4068,4126,4127,4128,4129&#8243; img_size=&#8221;medium&#8221;][\/vc_column_inner][\/vc_row_inner][\/vc_column][\/vc_row]<\/p>\n","protected":false},"excerpt":{"rendered":"<p>[vc_row][vc_column][vc_row_inner][vc_column_inner][vc_empty_space height=&#8221;50px&#8221;][vc_column_text]Tuneli i par\u00eb thuhet se u nd\u00ebrtua nga anglez\u00ebt n\u00eb vitin 1926 p\u00ebr nevojat e pun\u00ebtor\u00ebve t\u00eb Trep\u00e7\u00ebs q\u00eb nuk banonin n\u00eb Mitrovic\u00eb Emrin &#8220;Tuneli i Par\u00eb&#8221; e ka marr\u00eb nga nj\u00eb tunel q\u00eb gjendet mes k\u00ebtij vendi dhe fshatit Stan T\u00ebrg. Sipas burimeve t\u00eb [&hellip;]<\/p>\n","protected":false},"author":1,"featured_media":0,"parent":0,"menu_order":0,"comment_status":"closed","ping_status":"closed","template":"","meta":{"footnotes":""},"class_list":["post-5537","page","type-page","status-publish","hentry"],"yoast_head":"<!-- This site is optimized with the Yoast SEO plugin v27.4 - https:\/\/yoast.com\/product\/yoast-seo-wordpress\/ -->\n<title>Tuneli i Par\u00eb\/ T1 - Visit Trepca<\/title>\n<meta name=\"robots\" content=\"index, follow, max-snippet:-1, max-image-preview:large, max-video-preview:-1\" \/>\n<link rel=\"canonical\" href=\"https:\/\/visittrepca.com\/sq\/tuneli-i-pare-t1\/\" \/>\n<meta property=\"og:locale\" content=\"sq_AL\" \/>\n<meta property=\"og:type\" content=\"article\" \/>\n<meta property=\"og:title\" content=\"Tuneli i Par\u00eb\/ T1 - Visit Trepca\" \/>\n<meta property=\"og:description\" content=\"[vc_row][vc_column][vc_row_inner][vc_column_inner][vc_empty_space height=&#8221;50px&#8221;][vc_column_text]Tuneli i par\u00eb thuhet se u nd\u00ebrtua nga anglez\u00ebt n\u00eb vitin 1926 p\u00ebr nevojat e pun\u00ebtor\u00ebve t\u00eb Trep\u00e7\u00ebs q\u00eb nuk banonin n\u00eb Mitrovic\u00eb Emrin &#8220;Tuneli i Par\u00eb&#8221; e ka marr\u00eb nga nj\u00eb tunel q\u00eb gjendet mes k\u00ebtij vendi dhe fshatit Stan T\u00ebrg. Sipas burimeve t\u00eb [&hellip;]\" \/>\n<meta property=\"og:url\" content=\"https:\/\/visittrepca.com\/sq\/tuneli-i-pare-t1\/\" \/>\n<meta property=\"og:site_name\" content=\"Visit Trepca\" \/>\n<meta property=\"article:publisher\" content=\"https:\/\/www.facebook.com\/visittrepca\" \/>\n<meta property=\"article:modified_time\" content=\"2023-05-16T12:11:22+00:00\" \/>\n<meta name=\"twitter:card\" content=\"summary_large_image\" \/>\n<meta name=\"twitter:label1\" content=\"Est. reading time\" \/>\n\t<meta name=\"twitter:data1\" content=\"2 minutes\" \/>\n<script type=\"application\/ld+json\" class=\"yoast-schema-graph\">{\"@context\":\"https:\\\/\\\/schema.org\",\"@graph\":[{\"@type\":\"WebPage\",\"@id\":\"https:\\\/\\\/visittrepca.com\\\/sq\\\/tuneli-i-pare-t1\\\/\",\"url\":\"https:\\\/\\\/visittrepca.com\\\/sq\\\/tuneli-i-pare-t1\\\/\",\"name\":\"Tuneli i Par\u00eb\\\/ T1 - Visit Trepca\",\"isPartOf\":{\"@id\":\"https:\\\/\\\/visittrepca.com\\\/#website\"},\"datePublished\":\"2023-05-02T12:36:50+00:00\",\"dateModified\":\"2023-05-16T12:11:22+00:00\",\"breadcrumb\":{\"@id\":\"https:\\\/\\\/visittrepca.com\\\/sq\\\/tuneli-i-pare-t1\\\/#breadcrumb\"},\"inLanguage\":\"sq-AL\",\"potentialAction\":[{\"@type\":\"ReadAction\",\"target\":[\"https:\\\/\\\/visittrepca.com\\\/sq\\\/tuneli-i-pare-t1\\\/\"]}]},{\"@type\":\"BreadcrumbList\",\"@id\":\"https:\\\/\\\/visittrepca.com\\\/sq\\\/tuneli-i-pare-t1\\\/#breadcrumb\",\"itemListElement\":[{\"@type\":\"ListItem\",\"position\":1,\"name\":\"Home\",\"item\":\"https:\\\/\\\/visittrepca.com\\\/sq\\\/\"},{\"@type\":\"ListItem\",\"position\":2,\"name\":\"Tuneli i Par\u00eb\\\/ T1\"}]},{\"@type\":\"WebSite\",\"@id\":\"https:\\\/\\\/visittrepca.com\\\/#website\",\"url\":\"https:\\\/\\\/visittrepca.com\\\/\",\"name\":\"Visit Trepca\",\"description\":\"\",\"publisher\":{\"@id\":\"https:\\\/\\\/visittrepca.com\\\/#organization\"},\"potentialAction\":[{\"@type\":\"SearchAction\",\"target\":{\"@type\":\"EntryPoint\",\"urlTemplate\":\"https:\\\/\\\/visittrepca.com\\\/?s={search_term_string}\"},\"query-input\":{\"@type\":\"PropertyValueSpecification\",\"valueRequired\":true,\"valueName\":\"search_term_string\"}}],\"inLanguage\":\"sq-AL\"},{\"@type\":\"Organization\",\"@id\":\"https:\\\/\\\/visittrepca.com\\\/#organization\",\"name\":\"Visit Trepca\",\"url\":\"https:\\\/\\\/visittrepca.com\\\/\",\"logo\":{\"@type\":\"ImageObject\",\"inLanguage\":\"sq-AL\",\"@id\":\"https:\\\/\\\/visittrepca.com\\\/#\\\/schema\\\/logo\\\/image\\\/\",\"url\":\"https:\\\/\\\/visittrepca.com\\\/wp-content\\\/uploads\\\/2023\\\/02\\\/favicon-1.png\",\"contentUrl\":\"https:\\\/\\\/visittrepca.com\\\/wp-content\\\/uploads\\\/2023\\\/02\\\/favicon-1.png\",\"width\":258,\"height\":253,\"caption\":\"Visit Trepca\"},\"image\":{\"@id\":\"https:\\\/\\\/visittrepca.com\\\/#\\\/schema\\\/logo\\\/image\\\/\"},\"sameAs\":[\"https:\\\/\\\/www.facebook.com\\\/visittrepca\",\"https:\\\/\\\/www.instagram.com\\\/visittrepca\"]}]}<\/script>\n<!-- \/ Yoast SEO plugin. -->","yoast_head_json":{"title":"Tuneli i Par\u00eb\/ T1 - Visit Trepca","robots":{"index":"index","follow":"follow","max-snippet":"max-snippet:-1","max-image-preview":"max-image-preview:large","max-video-preview":"max-video-preview:-1"},"canonical":"https:\/\/visittrepca.com\/sq\/tuneli-i-pare-t1\/","og_locale":"sq_AL","og_type":"article","og_title":"Tuneli i Par\u00eb\/ T1 - Visit Trepca","og_description":"[vc_row][vc_column][vc_row_inner][vc_column_inner][vc_empty_space height=&#8221;50px&#8221;][vc_column_text]Tuneli i par\u00eb thuhet se u nd\u00ebrtua nga anglez\u00ebt n\u00eb vitin 1926 p\u00ebr nevojat e pun\u00ebtor\u00ebve t\u00eb Trep\u00e7\u00ebs q\u00eb nuk banonin n\u00eb Mitrovic\u00eb Emrin &#8220;Tuneli i Par\u00eb&#8221; e ka marr\u00eb nga nj\u00eb tunel q\u00eb gjendet mes k\u00ebtij vendi dhe fshatit Stan T\u00ebrg. Sipas burimeve t\u00eb [&hellip;]","og_url":"https:\/\/visittrepca.com\/sq\/tuneli-i-pare-t1\/","og_site_name":"Visit Trepca","article_publisher":"https:\/\/www.facebook.com\/visittrepca","article_modified_time":"2023-05-16T12:11:22+00:00","twitter_card":"summary_large_image","twitter_misc":{"Est. reading time":"2 minutes"},"schema":{"@context":"https:\/\/schema.org","@graph":[{"@type":"WebPage","@id":"https:\/\/visittrepca.com\/sq\/tuneli-i-pare-t1\/","url":"https:\/\/visittrepca.com\/sq\/tuneli-i-pare-t1\/","name":"Tuneli i Par\u00eb\/ T1 - Visit Trepca","isPartOf":{"@id":"https:\/\/visittrepca.com\/#website"},"datePublished":"2023-05-02T12:36:50+00:00","dateModified":"2023-05-16T12:11:22+00:00","breadcrumb":{"@id":"https:\/\/visittrepca.com\/sq\/tuneli-i-pare-t1\/#breadcrumb"},"inLanguage":"sq-AL","potentialAction":[{"@type":"ReadAction","target":["https:\/\/visittrepca.com\/sq\/tuneli-i-pare-t1\/"]}]},{"@type":"BreadcrumbList","@id":"https:\/\/visittrepca.com\/sq\/tuneli-i-pare-t1\/#breadcrumb","itemListElement":[{"@type":"ListItem","position":1,"name":"Home","item":"https:\/\/visittrepca.com\/sq\/"},{"@type":"ListItem","position":2,"name":"Tuneli i Par\u00eb\/ T1"}]},{"@type":"WebSite","@id":"https:\/\/visittrepca.com\/#website","url":"https:\/\/visittrepca.com\/","name":"Visit Trepca","description":"","publisher":{"@id":"https:\/\/visittrepca.com\/#organization"},"potentialAction":[{"@type":"SearchAction","target":{"@type":"EntryPoint","urlTemplate":"https:\/\/visittrepca.com\/?s={search_term_string}"},"query-input":{"@type":"PropertyValueSpecification","valueRequired":true,"valueName":"search_term_string"}}],"inLanguage":"sq-AL"},{"@type":"Organization","@id":"https:\/\/visittrepca.com\/#organization","name":"Visit Trepca","url":"https:\/\/visittrepca.com\/","logo":{"@type":"ImageObject","inLanguage":"sq-AL","@id":"https:\/\/visittrepca.com\/#\/schema\/logo\/image\/","url":"https:\/\/visittrepca.com\/wp-content\/uploads\/2023\/02\/favicon-1.png","contentUrl":"https:\/\/visittrepca.com\/wp-content\/uploads\/2023\/02\/favicon-1.png","width":258,"height":253,"caption":"Visit Trepca"},"image":{"@id":"https:\/\/visittrepca.com\/#\/schema\/logo\/image\/"},"sameAs":["https:\/\/www.facebook.com\/visittrepca","https:\/\/www.instagram.com\/visittrepca"]}]}},"_links":{"self":[{"href":"https:\/\/visittrepca.com\/sq\/wp-json\/wp\/v2\/pages\/5537","targetHints":{"allow":["GET"]}}],"collection":[{"href":"https:\/\/visittrepca.com\/sq\/wp-json\/wp\/v2\/pages"}],"about":[{"href":"https:\/\/visittrepca.com\/sq\/wp-json\/wp\/v2\/types\/page"}],"author":[{"embeddable":true,"href":"https:\/\/visittrepca.com\/sq\/wp-json\/wp\/v2\/users\/1"}],"replies":[{"embeddable":true,"href":"https:\/\/visittrepca.com\/sq\/wp-json\/wp\/v2\/comments?post=5537"}],"version-history":[{"count":2,"href":"https:\/\/visittrepca.com\/sq\/wp-json\/wp\/v2\/pages\/5537\/revisions"}],"predecessor-version":[{"id":5539,"href":"https:\/\/visittrepca.com\/sq\/wp-json\/wp\/v2\/pages\/5537\/revisions\/5539"}],"wp:attachment":[{"href":"https:\/\/visittrepca.com\/sq\/wp-json\/wp\/v2\/media?parent=5537"}],"curies":[{"name":"wp","href":"https:\/\/api.w.org\/{rel}","templated":true}]}}