{"id":5897,"date":"2023-05-02T13:29:26","date_gmt":"2023-05-02T13:29:26","guid":{"rendered":"https:\/\/visittrepca.com\/trepcart-fest\/"},"modified":"2024-02-28T11:03:33","modified_gmt":"2024-02-28T11:03:33","slug":"trepcart-fest","status":"publish","type":"page","link":"https:\/\/visittrepca.com\/sq\/trepcart-fest\/","title":{"rendered":"Trep\u00e7Art Fest"},"content":{"rendered":"<p>[vc_row][vc_column]<div class=\"mkdf-section-title-holder   mkdf-st-highlight mkdf-center-align\" style=\"padding: 0 3%;text-align: center\">\n\t<div class=\"mkdf-st-inner\">\n\t\t\t\t\t\t\t<h1 class=\"mkdf-st-title\" >\n                            <span class=\"mkdf-st-highlight-title-holder\" style=\"color: #ace0c0\">\n                                                        <span class=\"mkdf-st-highlight-title\" style=\"color: #00ae42\">Green<\/span>\n                                                        <span class=\"mkdf-st-highlight\">\n                                                        <svg version=\"1.1\" xmlns=\"http:\/\/www.w3.org\/2000\/svg\" xmlns:xlink=\"http:\/\/www.w3.org\/1999\/xlink\" x=\"0px\" y=\"0px\" viewBox=\"0 0 15.7 30\" style=\"enable-background:new 0 0 15.7 30;\" xml:space=\"preserve\" class=\"mkdf-active-hover-left\"><polygon class=\"st0\" points=\"2.6,1 0.7,3.3 2,5.8 2.3,7.6 2.9,8.7 4.4,10.5 3.9,10.8 4.4,11.9 4.4,12.8 4.1,13.8 3.3,14.7 3.9,15.8 4.4,16.8 4,17.5 3.5,18.1 2.2,20.2 3.4,21.5 4.2,24.1 3.4,25.4 2.5,27.4 2.5,27.8 3.2,28.3 4.1,28.5 4.9,29 14.8,29 14.8,1 \"\/><\/svg>\n                                                        <span class=\"mkdf-active-hover-middle\"><\/span>\n                                                        <svg version=\"1.1\" xmlns=\"http:\/\/www.w3.org\/2000\/svg\" xmlns:xlink=\"http:\/\/www.w3.org\/1999\/xlink\" x=\"0px\" y=\"0px\" viewBox=\"0 0 13.3 30\" style=\"enable-background:new 0 0 13.3 30;\" xml:space=\"preserve\" class=\"mkdf-active-hover-right\"><polygon class=\"st0\" points=\"10,1 10.2,2.1 10.6,2.9 10.6,3.3 10.8,3.7 10.8,4.3 11,5 11,5.7 11,6.3 10.5,6.7 10.8,7.3 11,7.8 \t11.6,8.3 11.6,8.6 11.5,8.9 11.6,9.9 11.6,10.5 12.4,11.6 12.1,12 12.4,12.2 11.8,12.8 11.4,13.5 11.6,13.7 11.9,13.7 12,13.9 11.5,15.1 10.8,16 9.1,17.7 9.7,18.2 9.3,19 9.7,19.8 9.6,20.6 9.7,21.5 9.6,21.9 9.6,22.3 10.1,22.8 9.6,23.6 9.7,24 9.7,24.2 9.9,24.4 9.5,24.7 9.3,25.4 9.3,25.9 8.8,26.2 8.5,27.1 8.8,27.8 9.4,28.6 7.8,29 0.9,29 0.9,1 \"\/><\/svg>\n                                                        <\/span>\n                                                    <\/span> Fest            \t\t\t<\/h1>\n\t\t\t\t\t\t\t<\/div>\n<\/div>[vc_row_inner][vc_column_inner width=&#8221;1\/2&#8243;][vc_empty_space height=&#8221;50px&#8221;][vc_column_text]Green Fest \u00ebsht\u00eb ngjarje vjetore q\u00eb synon t\u00eb ngris\u00eb vet\u00ebdijen p\u00ebr zhvillimin e q\u00ebndruesh\u00ebm dhe p\u00ebr objektivat e zhvillimit t\u00eb q\u00ebndruesh\u00ebm (SDG) t\u00eb Kombeve t\u00eb Bashkuara p\u00ebrmes mediumeve t\u00eb artit dhe kultur\u00ebs.<\/p>\n<p>Misioni yn\u00eb \u00ebsht\u00eb p\u00ebrdorimi i mediumit t\u00eb arteve dhe kultur\u00ebs p\u00ebr t\u00eb edukuar dhe frym\u00ebzuar individ\u00eb, komunitete dhe shoq\u00ebri p\u00ebr t\u00eb nd\u00ebrmarr\u00eb veprime ashtu q\u00eb t\u00eb luftohen ndryshimet klimatike dhe t\u00eb punohet drejt nj\u00eb t\u00eb ardhmeje m\u00eb t\u00eb q\u00ebndrueshme. Besojm\u00eb se kultura dhe arti mund t\u00eb luajn\u00eb rol t\u00eb fuqish\u00ebm n\u00eb ngritjen e vet\u00ebdijes, inkurajimin e dialogut dhe frym\u00ebzimin e individ\u00ebve p\u00ebr t\u00eb b\u00ebr\u00eb ndryshime pozitive.<\/p>\n<p>Festivali yn\u00eb vjetor \u00ebsht\u00eb pika kryesore e aktiviteteve tona.<br \/>\nJemi t\u00eb p\u00ebrkushtuar q\u00eb festivalin ta b\u00ebjm\u00eb ngjarje gjith\u00ebp\u00ebrfshir\u00ebse, t\u00ebrheq\u00ebse dhe edukative p\u00ebr t\u00eb gjith\u00eb. Ju ftojm\u00eb t\u00eb na bashkoheni n\u00eb misionin ton\u00eb p\u00ebr ta promovuar zhvillimin e q\u00ebndruesh\u00ebm p\u00ebrmes kultur\u00ebs dhe artit.<\/p>\n<p>P\u00ebr m\u00eb shum\u00eb info rreth festivalit ton\u00eb klikoni k\u00ebtu: <a href=\"https:\/\/mitrovicagreenfest.com\/sq\/\">https:\/\/mitrovicagreenfest.com\/sq\/<\/a>[\/vc_column_text][vc_empty_space height=&#8221;35px&#8221;][\/vc_column_inner][vc_column_inner width=&#8221;1\/2&#8243;][vc_empty_space height=&#8221;35px&#8221;][vc_gallery interval=&#8221;3&#8243; images=&#8221;7026,7050,7062&#8243; img_size=&#8221;large&#8221;][\/vc_column_inner][\/vc_row_inner]<div class=\"mkdf-section-title-holder   mkdf-st-highlight mkdf-center-align\" style=\"padding: 0 3%;text-align: center\">\n\t<div class=\"mkdf-st-inner\">\n\t\t\t\t\t\t\t<h1 class=\"mkdf-st-title\" >\n                            <span class=\"mkdf-st-highlight-title-holder\" style=\"color: #c4aee2\">\n                                                        <span class=\"mkdf-st-highlight-title\" style=\"color: #cf00ea\">trash\u00ebgimia<\/span>\n                                                        <span class=\"mkdf-st-highlight\">\n                                                        <svg version=\"1.1\" xmlns=\"http:\/\/www.w3.org\/2000\/svg\" xmlns:xlink=\"http:\/\/www.w3.org\/1999\/xlink\" x=\"0px\" y=\"0px\" viewBox=\"0 0 15.7 30\" style=\"enable-background:new 0 0 15.7 30;\" xml:space=\"preserve\" class=\"mkdf-active-hover-left\"><polygon class=\"st0\" points=\"2.6,1 0.7,3.3 2,5.8 2.3,7.6 2.9,8.7 4.4,10.5 3.9,10.8 4.4,11.9 4.4,12.8 4.1,13.8 3.3,14.7 3.9,15.8 4.4,16.8 4,17.5 3.5,18.1 2.2,20.2 3.4,21.5 4.2,24.1 3.4,25.4 2.5,27.4 2.5,27.8 3.2,28.3 4.1,28.5 4.9,29 14.8,29 14.8,1 \"\/><\/svg>\n                                                        <span class=\"mkdf-active-hover-middle\"><\/span>\n                                                        <svg version=\"1.1\" xmlns=\"http:\/\/www.w3.org\/2000\/svg\" xmlns:xlink=\"http:\/\/www.w3.org\/1999\/xlink\" x=\"0px\" y=\"0px\" viewBox=\"0 0 13.3 30\" style=\"enable-background:new 0 0 13.3 30;\" xml:space=\"preserve\" class=\"mkdf-active-hover-right\"><polygon class=\"st0\" points=\"10,1 10.2,2.1 10.6,2.9 10.6,3.3 10.8,3.7 10.8,4.3 11,5 11,5.7 11,6.3 10.5,6.7 10.8,7.3 11,7.8 \t11.6,8.3 11.6,8.6 11.5,8.9 11.6,9.9 11.6,10.5 12.4,11.6 12.1,12 12.4,12.2 11.8,12.8 11.4,13.5 11.6,13.7 11.9,13.7 12,13.9 11.5,15.1 10.8,16 9.1,17.7 9.7,18.2 9.3,19 9.7,19.8 9.6,20.6 9.7,21.5 9.6,21.9 9.6,22.3 10.1,22.8 9.6,23.6 9.7,24 9.7,24.2 9.9,24.4 9.5,24.7 9.3,25.4 9.3,25.9 8.8,26.2 8.5,27.1 8.8,27.8 9.4,28.6 7.8,29 0.9,29 0.9,1 \"\/><\/svg>\n                                                        <\/span>\n                                                    <\/span> industriale            \t\t\t<\/h1>\n\t\t\t\t\t\t\t<\/div>\n<\/div>[vc_row_inner][vc_column_inner width=&#8221;1\/2&#8243;][vc_empty_space height=&#8221;35px&#8221;][vc_gallery interval=&#8221;3&#8243; images=&#8221;7071,7056,7053&#8243; img_size=&#8221;large&#8221;][\/vc_column_inner][vc_column_inner width=&#8221;1\/2&#8243;][vc_empty_space height=&#8221;50px&#8221;][vc_column_text]Promovimi i trash\u00ebgimis\u00eb industriale \u00ebsht\u00eb nj\u00eb aspekt ky\u00e7 i festivalit, pasi synon t\u00eb nxjerr\u00eb n\u00eb pah r\u00ebnd\u00ebsin\u00eb e ruajtjes s\u00eb trash\u00ebgimis\u00eb kulturore dhe historike p\u00ebr brezat e ardhsh\u00ebm. Trash\u00ebgimia industriale i referohet trash\u00ebgimis\u00eb kulturore materiale dhe jomateriale t\u00eb lidhur me industrializimin e nj\u00eb rajoni t\u00eb caktuar. Kjo p\u00ebrfshin\u00eb fabrikat, minierat, peizazhe industriale, banesat e pun\u00ebtor\u00ebve dhe vende t\u00eb tjera, si dhe histori e kujtesa kolektive t\u00eb njer\u00ebzve q\u00eb punuan n\u00eb k\u00ebto peizazhe industriale. Nj\u00eb nga platformat q\u00eb \u00ebsht\u00eb krijuar p\u00ebr k\u00ebt\u00eb kauz\u00eb njihet si Visit Trep\u00e7a, ku mund t\u00eb informoheni m\u00eb shum\u00eb p\u00ebr t\u00eb duke klikuar k\u00ebtu.<\/p>\n<p>Duke promovuar trash\u00ebgimin\u00eb industriale gjat\u00eb festivalit, synojm\u00eb t\u00eb rrisim nd\u00ebrgjegj\u00ebsimin p\u00ebr r\u00ebnd\u00ebsin\u00eb e ruajtjes s\u00eb trash\u00ebgimis\u00eb kulturore dhe historike p\u00ebr gjeneratat e ardhshme dhe t\u00eb ofrojm\u00eb mund\u00ebsi p\u00ebr frekuentuesit e festivalit t\u00eb m\u00ebsojn\u00eb m\u00eb shum\u00eb p\u00ebr trash\u00ebgimin\u00eb industriale t\u00eb rajonit. Ky program gjithashtu do ta inkurajoj komunitetin t\u00eb m\u00ebsoj m\u00eb shum\u00eb p\u00ebr trash\u00ebgimin\u00eb dhe t\u00eb nd\u00ebrmarrin veprime p\u00ebr ta ruajtur dhe p\u00ebr ta p\u00ebrdorur at\u00eb si nj\u00eb mjet p\u00ebr q\u00ebndrueshm\u00ebri.[\/vc_column_text][vc_empty_space height=&#8221;35px&#8221;][\/vc_column_inner][\/vc_row_inner][vc_column_text]<\/p>\n<p>[\/vc_column_text][vc_row_inner css=&#8221;.vc_custom_1674136352752{margin-top: 60px !important;margin-right: 60px !important;margin-left: 60px !important;}&#8221;][vc_column_inner][\/vc_column_inner][\/vc_row_inner][\/vc_column][\/vc_row]<\/p>\n","protected":false},"excerpt":{"rendered":"<p>[vc_row][vc_column][vc_row_inner][vc_column_inner width=&#8221;1\/2&#8243;][vc_empty_space height=&#8221;50px&#8221;][vc_column_text]Green Fest \u00ebsht\u00eb ngjarje vjetore q\u00eb synon t\u00eb ngris\u00eb vet\u00ebdijen p\u00ebr zhvillimin e q\u00ebndruesh\u00ebm dhe p\u00ebr objektivat e zhvillimit t\u00eb q\u00ebndruesh\u00ebm (SDG) t\u00eb Kombeve t\u00eb Bashkuara p\u00ebrmes mediumeve t\u00eb artit dhe kultur\u00ebs. Misioni yn\u00eb \u00ebsht\u00eb p\u00ebrdorimi i mediumit t\u00eb arteve dhe kultur\u00ebs p\u00ebr t\u00eb [&hellip;]<\/p>\n","protected":false},"author":1,"featured_media":0,"parent":0,"menu_order":0,"comment_status":"closed","ping_status":"closed","template":"","meta":{"footnotes":""},"class_list":["post-5897","page","type-page","status-publish","hentry"],"yoast_head":"<!-- This site is optimized with the Yoast SEO plugin v24.2 - https:\/\/yoast.com\/wordpress\/plugins\/seo\/ -->\n<title>Trep\u00e7Art Fest - Visit Trepca<\/title>\n<meta name=\"robots\" content=\"index, follow, max-snippet:-1, max-image-preview:large, max-video-preview:-1\" \/>\n<link rel=\"canonical\" href=\"https:\/\/visittrepca.com\/sq\/trepcart-fest\/\" \/>\n<meta property=\"og:locale\" content=\"sq_AL\" \/>\n<meta property=\"og:type\" content=\"article\" \/>\n<meta property=\"og:title\" content=\"Trep\u00e7Art Fest - Visit Trepca\" \/>\n<meta property=\"og:description\" content=\"[vc_row][vc_column][vc_row_inner][vc_column_inner width=&#8221;1\/2&#8243;][vc_empty_space height=&#8221;50px&#8221;][vc_column_text]Green Fest \u00ebsht\u00eb ngjarje vjetore q\u00eb synon t\u00eb ngris\u00eb vet\u00ebdijen p\u00ebr zhvillimin e q\u00ebndruesh\u00ebm dhe p\u00ebr objektivat e zhvillimit t\u00eb q\u00ebndruesh\u00ebm (SDG) t\u00eb Kombeve t\u00eb Bashkuara p\u00ebrmes mediumeve t\u00eb artit dhe kultur\u00ebs. Misioni yn\u00eb \u00ebsht\u00eb p\u00ebrdorimi i mediumit t\u00eb arteve dhe kultur\u00ebs p\u00ebr t\u00eb [&hellip;]\" \/>\n<meta property=\"og:url\" content=\"https:\/\/visittrepca.com\/sq\/trepcart-fest\/\" \/>\n<meta property=\"og:site_name\" content=\"Visit Trepca\" \/>\n<meta property=\"article:publisher\" content=\"https:\/\/www.facebook.com\/visittrepca\" \/>\n<meta property=\"article:modified_time\" content=\"2024-02-28T11:03:33+00:00\" \/>\n<meta name=\"twitter:card\" content=\"summary_large_image\" \/>\n<meta name=\"twitter:label1\" content=\"Est. reading time\" \/>\n\t<meta name=\"twitter:data1\" content=\"2 minutes\" \/>\n<script type=\"application\/ld+json\" class=\"yoast-schema-graph\">{\"@context\":\"https:\/\/schema.org\",\"@graph\":[{\"@type\":\"WebPage\",\"@id\":\"https:\/\/visittrepca.com\/sq\/trepcart-fest\/\",\"url\":\"https:\/\/visittrepca.com\/sq\/trepcart-fest\/\",\"name\":\"Trep\u00e7Art Fest - Visit Trepca\",\"isPartOf\":{\"@id\":\"https:\/\/visittrepca.com\/#website\"},\"datePublished\":\"2023-05-02T13:29:26+00:00\",\"dateModified\":\"2024-02-28T11:03:33+00:00\",\"breadcrumb\":{\"@id\":\"https:\/\/visittrepca.com\/sq\/trepcart-fest\/#breadcrumb\"},\"inLanguage\":\"sq-AL\",\"potentialAction\":[{\"@type\":\"ReadAction\",\"target\":[\"https:\/\/visittrepca.com\/sq\/trepcart-fest\/\"]}]},{\"@type\":\"BreadcrumbList\",\"@id\":\"https:\/\/visittrepca.com\/sq\/trepcart-fest\/#breadcrumb\",\"itemListElement\":[{\"@type\":\"ListItem\",\"position\":1,\"name\":\"Home\",\"item\":\"https:\/\/visittrepca.com\/sq\/\"},{\"@type\":\"ListItem\",\"position\":2,\"name\":\"Trep\u00e7Art Fest\"}]},{\"@type\":\"WebSite\",\"@id\":\"https:\/\/visittrepca.com\/#website\",\"url\":\"https:\/\/visittrepca.com\/\",\"name\":\"Visit Trepca\",\"description\":\"\",\"publisher\":{\"@id\":\"https:\/\/visittrepca.com\/#organization\"},\"potentialAction\":[{\"@type\":\"SearchAction\",\"target\":{\"@type\":\"EntryPoint\",\"urlTemplate\":\"https:\/\/visittrepca.com\/?s={search_term_string}\"},\"query-input\":{\"@type\":\"PropertyValueSpecification\",\"valueRequired\":true,\"valueName\":\"search_term_string\"}}],\"inLanguage\":\"sq-AL\"},{\"@type\":\"Organization\",\"@id\":\"https:\/\/visittrepca.com\/#organization\",\"name\":\"Visit Trepca\",\"url\":\"https:\/\/visittrepca.com\/\",\"logo\":{\"@type\":\"ImageObject\",\"inLanguage\":\"sq-AL\",\"@id\":\"https:\/\/visittrepca.com\/#\/schema\/logo\/image\/\",\"url\":\"https:\/\/visittrepca.com\/wp-content\/uploads\/2023\/02\/favicon-1.png\",\"contentUrl\":\"https:\/\/visittrepca.com\/wp-content\/uploads\/2023\/02\/favicon-1.png\",\"width\":258,\"height\":253,\"caption\":\"Visit Trepca\"},\"image\":{\"@id\":\"https:\/\/visittrepca.com\/#\/schema\/logo\/image\/\"},\"sameAs\":[\"https:\/\/www.facebook.com\/visittrepca\",\"https:\/\/www.instagram.com\/visittrepca\"]}]}<\/script>\n<!-- \/ Yoast SEO plugin. -->","yoast_head_json":{"title":"Trep\u00e7Art Fest - Visit Trepca","robots":{"index":"index","follow":"follow","max-snippet":"max-snippet:-1","max-image-preview":"max-image-preview:large","max-video-preview":"max-video-preview:-1"},"canonical":"https:\/\/visittrepca.com\/sq\/trepcart-fest\/","og_locale":"sq_AL","og_type":"article","og_title":"Trep\u00e7Art Fest - Visit Trepca","og_description":"[vc_row][vc_column][vc_row_inner][vc_column_inner width=&#8221;1\/2&#8243;][vc_empty_space height=&#8221;50px&#8221;][vc_column_text]Green Fest \u00ebsht\u00eb ngjarje vjetore q\u00eb synon t\u00eb ngris\u00eb vet\u00ebdijen p\u00ebr zhvillimin e q\u00ebndruesh\u00ebm dhe p\u00ebr objektivat e zhvillimit t\u00eb q\u00ebndruesh\u00ebm (SDG) t\u00eb Kombeve t\u00eb Bashkuara p\u00ebrmes mediumeve t\u00eb artit dhe kultur\u00ebs. Misioni yn\u00eb \u00ebsht\u00eb p\u00ebrdorimi i mediumit t\u00eb arteve dhe kultur\u00ebs p\u00ebr t\u00eb [&hellip;]","og_url":"https:\/\/visittrepca.com\/sq\/trepcart-fest\/","og_site_name":"Visit Trepca","article_publisher":"https:\/\/www.facebook.com\/visittrepca","article_modified_time":"2024-02-28T11:03:33+00:00","twitter_card":"summary_large_image","twitter_misc":{"Est. reading time":"2 minutes"},"schema":{"@context":"https:\/\/schema.org","@graph":[{"@type":"WebPage","@id":"https:\/\/visittrepca.com\/sq\/trepcart-fest\/","url":"https:\/\/visittrepca.com\/sq\/trepcart-fest\/","name":"Trep\u00e7Art Fest - Visit Trepca","isPartOf":{"@id":"https:\/\/visittrepca.com\/#website"},"datePublished":"2023-05-02T13:29:26+00:00","dateModified":"2024-02-28T11:03:33+00:00","breadcrumb":{"@id":"https:\/\/visittrepca.com\/sq\/trepcart-fest\/#breadcrumb"},"inLanguage":"sq-AL","potentialAction":[{"@type":"ReadAction","target":["https:\/\/visittrepca.com\/sq\/trepcart-fest\/"]}]},{"@type":"BreadcrumbList","@id":"https:\/\/visittrepca.com\/sq\/trepcart-fest\/#breadcrumb","itemListElement":[{"@type":"ListItem","position":1,"name":"Home","item":"https:\/\/visittrepca.com\/sq\/"},{"@type":"ListItem","position":2,"name":"Trep\u00e7Art Fest"}]},{"@type":"WebSite","@id":"https:\/\/visittrepca.com\/#website","url":"https:\/\/visittrepca.com\/","name":"Visit Trepca","description":"","publisher":{"@id":"https:\/\/visittrepca.com\/#organization"},"potentialAction":[{"@type":"SearchAction","target":{"@type":"EntryPoint","urlTemplate":"https:\/\/visittrepca.com\/?s={search_term_string}"},"query-input":{"@type":"PropertyValueSpecification","valueRequired":true,"valueName":"search_term_string"}}],"inLanguage":"sq-AL"},{"@type":"Organization","@id":"https:\/\/visittrepca.com\/#organization","name":"Visit Trepca","url":"https:\/\/visittrepca.com\/","logo":{"@type":"ImageObject","inLanguage":"sq-AL","@id":"https:\/\/visittrepca.com\/#\/schema\/logo\/image\/","url":"https:\/\/visittrepca.com\/wp-content\/uploads\/2023\/02\/favicon-1.png","contentUrl":"https:\/\/visittrepca.com\/wp-content\/uploads\/2023\/02\/favicon-1.png","width":258,"height":253,"caption":"Visit Trepca"},"image":{"@id":"https:\/\/visittrepca.com\/#\/schema\/logo\/image\/"},"sameAs":["https:\/\/www.facebook.com\/visittrepca","https:\/\/www.instagram.com\/visittrepca"]}]}},"_links":{"self":[{"href":"https:\/\/visittrepca.com\/sq\/wp-json\/wp\/v2\/pages\/5897","targetHints":{"allow":["GET"]}}],"collection":[{"href":"https:\/\/visittrepca.com\/sq\/wp-json\/wp\/v2\/pages"}],"about":[{"href":"https:\/\/visittrepca.com\/sq\/wp-json\/wp\/v2\/types\/page"}],"author":[{"embeddable":true,"href":"https:\/\/visittrepca.com\/sq\/wp-json\/wp\/v2\/users\/1"}],"replies":[{"embeddable":true,"href":"https:\/\/visittrepca.com\/sq\/wp-json\/wp\/v2\/comments?post=5897"}],"version-history":[{"count":6,"href":"https:\/\/visittrepca.com\/sq\/wp-json\/wp\/v2\/pages\/5897\/revisions"}],"predecessor-version":[{"id":7209,"href":"https:\/\/visittrepca.com\/sq\/wp-json\/wp\/v2\/pages\/5897\/revisions\/7209"}],"wp:attachment":[{"href":"https:\/\/visittrepca.com\/sq\/wp-json\/wp\/v2\/media?parent=5897"}],"curies":[{"name":"wp","href":"https:\/\/api.w.org\/{rel}","templated":true}]}}