{"id":5918,"date":"2022-12-09T09:14:47","date_gmt":"2022-12-09T09:14:47","guid":{"rendered":"https:\/\/visittrepca.com\/trepca-utopiane\/"},"modified":"2023-11-22T13:25:45","modified_gmt":"2023-11-22T13:25:45","slug":"trepca-utopiane","status":"publish","type":"page","link":"https:\/\/visittrepca.com\/sq\/trepca-utopiane\/","title":{"rendered":"Trep\u00e7a Utopike"},"content":{"rendered":"<p>[vc_row][vc_column width=&#8221;1\/2&#8243;]<div class=\"mkdf-section-title-holder   mkdf-st-highlight mkdf-center-align\" style=\"text-align: center\">\n\t<div class=\"mkdf-st-inner\">\n\t\t\t\t\t\t\t<h2 class=\"mkdf-st-title\" >\n                            <span class=\"mkdf-st-highlight-title-holder\" style=\"color: #ace0c0\">\n                                                        <span class=\"mkdf-st-highlight-title\" style=\"color: #00ae42\">Trep\u00e7a<\/span>\n                                                        <span class=\"mkdf-st-highlight\">\n                                                        <svg version=\"1.1\" xmlns=\"http:\/\/www.w3.org\/2000\/svg\" xmlns:xlink=\"http:\/\/www.w3.org\/1999\/xlink\" x=\"0px\" y=\"0px\" viewBox=\"0 0 15.7 30\" style=\"enable-background:new 0 0 15.7 30;\" xml:space=\"preserve\" class=\"mkdf-active-hover-left\"><polygon class=\"st0\" points=\"2.6,1 0.7,3.3 2,5.8 2.3,7.6 2.9,8.7 4.4,10.5 3.9,10.8 4.4,11.9 4.4,12.8 4.1,13.8 3.3,14.7 3.9,15.8 4.4,16.8 4,17.5 3.5,18.1 2.2,20.2 3.4,21.5 4.2,24.1 3.4,25.4 2.5,27.4 2.5,27.8 3.2,28.3 4.1,28.5 4.9,29 14.8,29 14.8,1 \"\/><\/svg>\n                                                        <span class=\"mkdf-active-hover-middle\"><\/span>\n                                                        <svg version=\"1.1\" xmlns=\"http:\/\/www.w3.org\/2000\/svg\" xmlns:xlink=\"http:\/\/www.w3.org\/1999\/xlink\" x=\"0px\" y=\"0px\" viewBox=\"0 0 13.3 30\" style=\"enable-background:new 0 0 13.3 30;\" xml:space=\"preserve\" class=\"mkdf-active-hover-right\"><polygon class=\"st0\" points=\"10,1 10.2,2.1 10.6,2.9 10.6,3.3 10.8,3.7 10.8,4.3 11,5 11,5.7 11,6.3 10.5,6.7 10.8,7.3 11,7.8 \t11.6,8.3 11.6,8.6 11.5,8.9 11.6,9.9 11.6,10.5 12.4,11.6 12.1,12 12.4,12.2 11.8,12.8 11.4,13.5 11.6,13.7 11.9,13.7 12,13.9 11.5,15.1 10.8,16 9.1,17.7 9.7,18.2 9.3,19 9.7,19.8 9.6,20.6 9.7,21.5 9.6,21.9 9.6,22.3 10.1,22.8 9.6,23.6 9.7,24 9.7,24.2 9.9,24.4 9.5,24.7 9.3,25.4 9.3,25.9 8.8,26.2 8.5,27.1 8.8,27.8 9.4,28.6 7.8,29 0.9,29 0.9,1 \"\/><\/svg>\n                                                        <\/span>\n                                                    <\/span> Utopike            \t\t\t<\/h2>\n\t\t\t\t\t\t\t<\/div>\n<\/div>[vc_column_text]<span style=\"font-weight: 400;\">Ajo \u00e7far\u00eb kemi d\u00ebgjuar p\u00ebr Trep\u00e7\u00ebn e dikurshme, at\u00eb t\u00eb viteve t\u00eb arta t\u00eb Jugosllavis\u00eb s\u00eb Titos, p\u00ebr kultur\u00ebn e pun\u00ebs, mund\u00ebsit\u00eb p\u00ebr aktivitete rekreative e realizim t\u00eb projekt ideve nga m\u00eb t\u00eb ndryshimet, jet\u00ebn sociale e kulturore, vizitat jasht\u00eb vendit, nd\u00ebrtimin e krenaris\u00eb s\u00eb t\u00eb qenurit i pun\u00ebsuar n\u00eb Trep\u00e7\u00eb, sot ajo e kaluar duket utopike, derisa ne duke u bazuar n\u00eb po at\u00eb t\u00eb kaluar t\u00eb Trep\u00e7\u00ebs dhe duke ia shtuar faktor\u00ebt tjer\u00eb t\u00eb k\u00ebsaj epoke, po e nd\u00ebrtojm\u00eb nj\u00eb Trep\u00e7\u00eb Utopike akoma m\u00eb t\u00eb k\u00ebndshme p\u00ebr imagjinat\u00ebn e njeriut e p\u00ebr ushqimin shpirt\u00ebror.<\/span><\/p>\n<p><span style=\"font-weight: 400;\">Parku Industrial i Trep\u00e7\u00ebs jo vet\u00ebm q\u00eb kontribuon n\u00eb ekonomi dhe mjedis, por edhe n\u00eb jet\u00ebn sociale dhe kulturore t\u00eb komunitetit. Duke i g\u00ebrshetuar k\u00ebto komponenta, ne tash e tutje kompleksit industrial Trep\u00e7a do iu referohemi si Trep\u00e7Art City.<\/span><\/p>\n<p><span style=\"font-weight: 400;\">Trep\u00e7Art City ofron jo vet\u00ebm vende pune dhe edukim p\u00ebr popullat\u00ebn vendase, por edhe ngjarje kulturore, aktivitete rekreative dhe programe sociale q\u00eb ndihmojn\u00eb n\u00eb krijimin e nj\u00eb ndjenje t\u00eb komunitetit dhe p\u00ebrkat\u00ebsis\u00eb tek qytetar\u00ebt, duke d\u00ebshmuar se zhvillimi ekonomik dhe p\u00ebrgjegj\u00ebsia sociale mund dhe duhet t\u00eb ecin paralelisht. ne paralele.<\/span><\/p>\n<p><span style=\"font-weight: 400;\">Parku Industrial i Trep\u00e7\u00ebs dikur i degraduar nga koha \u00ebsht\u00eb rind\u00ebrtuar plot\u00ebsisht, me fasada sa ma autentike. Objektet e vler\u00ebsuara p\u00ebr konzervim dhe rivitalizim jan\u00eb trajtuar me materiale miq\u00ebsore me mjedisin dhe n\u00eb brendi t\u00eb tyre objektet jan\u00eb pajisur me teknologji t\u00eb avancuara sipas nevojave t\u00eb komunitetit.<\/span><\/p>\n<p><span style=\"font-weight: 400;\">Zona e njohur si \u201ckonzervati i piritit\u201d dhe mbetjeve tjera industriale \u00ebsht\u00eb pastruar nga institucione nd\u00ebrkomb\u00ebtare e profesionale duke e kthyer zon\u00ebn n\u00eb nj\u00eb tok\u00eb t\u00eb sh\u00ebndosh\u00eb dhe t\u00eb jetueshme. N\u00eb pjes\u00ebn e bardh\u00eb t\u00eb njohur si \u201cpatinazhi\u201d jan\u00eb vendosur panele solare nga m\u00eb bashk\u00ebkohoret t\u00eb cilat nj\u00ebherit sh\u00ebrbejn\u00eb edhe p\u00ebr furnizimin e qytetit me energji t\u00eb rip\u00ebrtrishme, si dhe vet parkut industrial p\u00ebr nevoja t\u00eb fuqizimit t\u00eb m\u00ebtejm\u00eb t\u00eb programeve edukative e sociale. Pjes\u00ebt tjera t\u00eb zon\u00ebs jan\u00eb gjelb\u00ebruar, me kopshte dhe parqe q\u00eb ofrojn\u00eb nj\u00eb kontrast t\u00eb fort\u00eb me peisazhin e eg\u00ebr dhe industrial t\u00eb s\u00eb kaluar\u00ebs. Fal\u00eb sistemeve t\u00eb avancuara t\u00eb filtrimit t\u00eb fabrikave dhe burimeve t\u00eb rinovueshme t\u00eb energjis\u00eb, ajri dhe uji n\u00eb k\u00ebt\u00eb zon\u00eb \u00ebsht\u00eb i past\u00ebr.<\/span><\/p>\n<p><span style=\"font-weight: 400;\">N\u00eb kuad\u00ebr t\u00eb Trep\u00e7Art City, \u00ebsht\u00eb nj\u00eb qend\u00ebr komunitare moderne q\u00eb sh\u00ebrben si qend\u00ebr p\u00ebr ngjarje kulturore si: ekspozita arti, shfaqje teatrale, panaire dhe koncerte. Qendra gjithashtu ofron hap\u00ebsir\u00eb p\u00ebr grupet e komunitetit p\u00ebr t&#8217;u takuar dhe organizuar ngjarje sociale e jubilare. Trajtim t\u00eb ve\u00e7ant\u00eb e me beneficione do t\u00eb g\u00ebzojn\u00eb ish-pun\u00ebtor\u00ebt e kombinatit Trep\u00e7a, si dhe f\u00ebmij\u00ebt e tyre. Qendra ka nj\u00eb angazhim t\u00eb fort\u00eb p\u00ebr zhvillimin e komunitetit, duke bashk\u00ebpunuar me organizatat lokale p\u00ebr t\u00eb ofruar sh\u00ebrbime t\u00eb tilla si strehimi, kujdesi sh\u00ebndet\u00ebsor dhe sh\u00ebrbimet sociale p\u00ebr ata q\u00eb kan\u00eb nevoj\u00eb.<\/span><\/p>\n<p><span style=\"font-weight: 400;\">N\u00eb po k\u00ebto zona, do ofrohen salla t\u00eb ve\u00e7anta sportive p\u00ebr t\u00eb gjitha klubet sportive q\u00eb bartin emrin \u201cTrep\u00e7a\u201d, e n\u00eb t\u00eb cilat hap\u00ebsira do t\u00eb organizohen edhe gara e aktivitete sportive. Kjo ndihmon n\u00eb promovimin e nj\u00eb stili jeteseje t\u00eb sh\u00ebndetshme dhe inkurajimin e komunitetit q\u00eb t\u00eb bashkohet dhe t\u00eb marr\u00eb pjes\u00eb n\u00eb aktivitete fizike e shoq\u00ebrore. Krahas tyre do t\u00eb ket\u00eb fusha t\u00eb ve\u00e7anta p\u00ebr sporte t\u00eb rrug\u00ebs, t\u00eb tipit: street games, skateboards, etj..<\/span><\/p>\n<p><span style=\"font-weight: 400;\">Trep\u00e7Art City gjithashtu ka nj\u00eb angazhim t\u00eb fort\u00eb ndaj arsimit, jo vet\u00ebm duke ofruar trajnime p\u00ebr pun\u00eb, por edhe duke sponsorizuar programe q\u00eb ofrojn\u00eb akses n\u00eb arsim dhe trajnim profesional p\u00ebr njer\u00ebzit e t\u00eb gjitha moshave. Madje duke ofruar objekte t\u00eb furnizuara me teknologjin\u00eb m\u00eb t\u00eb re, q\u00eb do t\u00eb zhvillonte edhe m\u00eb tej industrin\u00eb kreative e teknologjike. Kjo i mund\u00ebson komunitetit t\u00eb p\u00ebrmir\u00ebsoj\u00eb aft\u00ebsit\u00eb e tyre dhe t\u00eb rris\u00eb gjenerimin e t\u00eb hyrave financiare.<\/span><\/p>\n<p><span style=\"font-weight: 400;\">IN\u00eb po k\u00ebt\u00eb zon\u00eb, objekte e zona t\u00eb caktuara do t\u00eb sh\u00ebrbejn\u00eb si muzeume p\u00ebr t\u00eb prezantuar etapat e zhvillimit dhe p\u00ebrpunimit t\u00eb metaleve nga civilizime t\u00eb ndryshme q\u00eb nga koha e neolitit, e deri n\u00eb koh\u00ebt bashk\u00ebkohore. Trep\u00e7Art City \u00ebsht\u00eb qytet q\u00eb do ofroj edhe hap\u00ebsira p\u00ebr akomodim, gastronomi, dyqane industriale, pishina, si dhe k\u00ebnde me lodra p\u00ebr f\u00ebmij\u00eb.<\/span><\/p>\n<p><span style=\"font-weight: 400;\">N\u00eb p\u00ebrgjith\u00ebsi, Trep\u00e7Art City nuk \u00ebsht\u00eb vet\u00ebm burim i prosperitetit ekonomik, por edhe burim i krenaris\u00eb s\u00eb komunitetit dhe kohezionit social. E ardhmja e Mitrovic\u00ebs dhe e bot\u00ebs duket e ndritshme dhe e begat\u00eb me Trep\u00e7\u00ebn ton\u00eb utopike.<\/span>[\/vc_column_text][\/vc_column][vc_column width=&#8221;1\/2&#8243;]<div class=\"mkdf-section-title-holder   mkdf-st-highlight mkdf-center-align\" style=\"text-align: center\">\n\t<div class=\"mkdf-st-inner\">\n\t\t\t\t\t\t\t<h2 class=\"mkdf-st-title\" >\n                            .PDF Publikimet            \t\t\t<\/h2>\n\t\t\t\t\t\t\t<\/div>\n<\/div>[vc_hoverbox image=&#8221;4179&#8243; primary_title=&#8221;Trep\u00e7Art Factories .PDF&#8221; hover_title=&#8221;Trep\u00e7Art Factories .PDF file&#8221; hover_background_color=&#8221;white&#8221; hover_btn_title=&#8221;Shkarko .PDF&#8221; hover_add_button=&#8221;true&#8221; hover_btn_link=&#8221;url:https%3A%2F%2Fvisittrepca.com%2Fwp-content%2Fuploads%2F2023%2F05%2FTREPC_ART-FACTORIES_7ARTE_2021_compressed.pdf|target:_blank|&#8221; css=&#8221;.vc_custom_1684850180390{margin-top: 15px !important;}&#8221;][\/vc_hoverbox][vc_hoverbox image=&#8221;4179&#8243; primary_title=&#8221;Sh\u00ebn Pjetri .PDF file&#8221; hover_title=&#8221;Sh\u00ebn Pjetri .PDF file&#8221; hover_background_color=&#8221;white&#8221; hover_btn_title=&#8221;Shkarko .PDF&#8221; hover_add_button=&#8221;true&#8221; hover_btn_link=&#8221;url:https%3A%2F%2Fvisittrepca.com%2Fwp-content%2Fuploads%2F2023%2F05%2FShen-Pjetri_compressed.pdf|target:_blank|&#8221; css=&#8221;.vc_custom_1684850188259{margin-top: 15px !important;}&#8221;][\/vc_hoverbox][vc_hoverbox image=&#8221;4179&#8243; primary_title=&#8221;Bledar Cana &#8211; Inception .PDF file&#8221; hover_title=&#8221;Bledar Cana &#8211; Inception .PDF file&#8221; hover_background_color=&#8221;white&#8221; hover_btn_title=&#8221;Shkarko .PDF&#8221; hover_add_button=&#8221;true&#8221; hover_btn_link=&#8221;url:https%3A%2F%2Fvisittrepca.com%2Fwp-content%2Fuploads%2F2023%2F05%2FBlendar-Cana-Inception-report_compressed.pdf|target:_blank|&#8221; css=&#8221;.vc_custom_1684850195919{margin-top: 15px !important;}&#8221;][\/vc_hoverbox][\/vc_column][\/vc_row]<\/p>\n","protected":false},"excerpt":{"rendered":"<p>[vc_row][vc_column width=&#8221;1\/2&#8243;][vc_column_text]Ajo \u00e7far\u00eb kemi d\u00ebgjuar p\u00ebr Trep\u00e7\u00ebn e dikurshme, at\u00eb t\u00eb viteve t\u00eb arta t\u00eb Jugosllavis\u00eb s\u00eb Titos, p\u00ebr kultur\u00ebn e pun\u00ebs, mund\u00ebsit\u00eb p\u00ebr aktivitete rekreative e realizim t\u00eb projekt ideve nga m\u00eb t\u00eb ndryshimet, jet\u00ebn sociale e kulturore, vizitat jasht\u00eb vendit, nd\u00ebrtimin e krenaris\u00eb s\u00eb [&hellip;]<\/p>\n","protected":false},"author":1,"featured_media":0,"parent":0,"menu_order":0,"comment_status":"closed","ping_status":"closed","template":"","meta":{"footnotes":""},"class_list":["post-5918","page","type-page","status-publish","hentry"],"yoast_head":"<!-- This site is optimized with the Yoast SEO plugin v24.2 - https:\/\/yoast.com\/wordpress\/plugins\/seo\/ -->\n<title>Trep\u00e7a Utopike - Visit Trepca<\/title>\n<meta name=\"robots\" content=\"index, follow, max-snippet:-1, max-image-preview:large, max-video-preview:-1\" \/>\n<link rel=\"canonical\" href=\"https:\/\/visittrepca.com\/sq\/trepca-utopiane\/\" \/>\n<meta property=\"og:locale\" content=\"sq_AL\" \/>\n<meta property=\"og:type\" content=\"article\" \/>\n<meta property=\"og:title\" content=\"Trep\u00e7a Utopike - Visit Trepca\" \/>\n<meta property=\"og:description\" content=\"[vc_row][vc_column width=&#8221;1\/2&#8243;][vc_column_text]Ajo \u00e7far\u00eb kemi d\u00ebgjuar p\u00ebr Trep\u00e7\u00ebn e dikurshme, at\u00eb t\u00eb viteve t\u00eb arta t\u00eb Jugosllavis\u00eb s\u00eb Titos, p\u00ebr kultur\u00ebn e pun\u00ebs, mund\u00ebsit\u00eb p\u00ebr aktivitete rekreative e realizim t\u00eb projekt ideve nga m\u00eb t\u00eb ndryshimet, jet\u00ebn sociale e kulturore, vizitat jasht\u00eb vendit, nd\u00ebrtimin e krenaris\u00eb s\u00eb [&hellip;]\" \/>\n<meta property=\"og:url\" content=\"https:\/\/visittrepca.com\/sq\/trepca-utopiane\/\" \/>\n<meta property=\"og:site_name\" content=\"Visit Trepca\" \/>\n<meta property=\"article:publisher\" content=\"https:\/\/www.facebook.com\/visittrepca\" \/>\n<meta property=\"article:modified_time\" content=\"2023-11-22T13:25:45+00:00\" \/>\n<meta name=\"twitter:card\" content=\"summary_large_image\" \/>\n<meta name=\"twitter:label1\" content=\"Est. reading time\" \/>\n\t<meta name=\"twitter:data1\" content=\"4 minutes\" \/>\n<script type=\"application\/ld+json\" class=\"yoast-schema-graph\">{\"@context\":\"https:\/\/schema.org\",\"@graph\":[{\"@type\":\"WebPage\",\"@id\":\"https:\/\/visittrepca.com\/sq\/trepca-utopiane\/\",\"url\":\"https:\/\/visittrepca.com\/sq\/trepca-utopiane\/\",\"name\":\"Trep\u00e7a Utopike - Visit Trepca\",\"isPartOf\":{\"@id\":\"https:\/\/visittrepca.com\/#website\"},\"datePublished\":\"2022-12-09T09:14:47+00:00\",\"dateModified\":\"2023-11-22T13:25:45+00:00\",\"breadcrumb\":{\"@id\":\"https:\/\/visittrepca.com\/sq\/trepca-utopiane\/#breadcrumb\"},\"inLanguage\":\"sq-AL\",\"potentialAction\":[{\"@type\":\"ReadAction\",\"target\":[\"https:\/\/visittrepca.com\/sq\/trepca-utopiane\/\"]}]},{\"@type\":\"BreadcrumbList\",\"@id\":\"https:\/\/visittrepca.com\/sq\/trepca-utopiane\/#breadcrumb\",\"itemListElement\":[{\"@type\":\"ListItem\",\"position\":1,\"name\":\"Home\",\"item\":\"https:\/\/visittrepca.com\/sq\/\"},{\"@type\":\"ListItem\",\"position\":2,\"name\":\"Trep\u00e7a Utopike\"}]},{\"@type\":\"WebSite\",\"@id\":\"https:\/\/visittrepca.com\/#website\",\"url\":\"https:\/\/visittrepca.com\/\",\"name\":\"Visit Trepca\",\"description\":\"\",\"publisher\":{\"@id\":\"https:\/\/visittrepca.com\/#organization\"},\"potentialAction\":[{\"@type\":\"SearchAction\",\"target\":{\"@type\":\"EntryPoint\",\"urlTemplate\":\"https:\/\/visittrepca.com\/?s={search_term_string}\"},\"query-input\":{\"@type\":\"PropertyValueSpecification\",\"valueRequired\":true,\"valueName\":\"search_term_string\"}}],\"inLanguage\":\"sq-AL\"},{\"@type\":\"Organization\",\"@id\":\"https:\/\/visittrepca.com\/#organization\",\"name\":\"Visit Trepca\",\"url\":\"https:\/\/visittrepca.com\/\",\"logo\":{\"@type\":\"ImageObject\",\"inLanguage\":\"sq-AL\",\"@id\":\"https:\/\/visittrepca.com\/#\/schema\/logo\/image\/\",\"url\":\"https:\/\/visittrepca.com\/wp-content\/uploads\/2023\/02\/favicon-1.png\",\"contentUrl\":\"https:\/\/visittrepca.com\/wp-content\/uploads\/2023\/02\/favicon-1.png\",\"width\":258,\"height\":253,\"caption\":\"Visit Trepca\"},\"image\":{\"@id\":\"https:\/\/visittrepca.com\/#\/schema\/logo\/image\/\"},\"sameAs\":[\"https:\/\/www.facebook.com\/visittrepca\",\"https:\/\/www.instagram.com\/visittrepca\"]}]}<\/script>\n<!-- \/ Yoast SEO plugin. -->","yoast_head_json":{"title":"Trep\u00e7a Utopike - Visit Trepca","robots":{"index":"index","follow":"follow","max-snippet":"max-snippet:-1","max-image-preview":"max-image-preview:large","max-video-preview":"max-video-preview:-1"},"canonical":"https:\/\/visittrepca.com\/sq\/trepca-utopiane\/","og_locale":"sq_AL","og_type":"article","og_title":"Trep\u00e7a Utopike - Visit Trepca","og_description":"[vc_row][vc_column width=&#8221;1\/2&#8243;][vc_column_text]Ajo \u00e7far\u00eb kemi d\u00ebgjuar p\u00ebr Trep\u00e7\u00ebn e dikurshme, at\u00eb t\u00eb viteve t\u00eb arta t\u00eb Jugosllavis\u00eb s\u00eb Titos, p\u00ebr kultur\u00ebn e pun\u00ebs, mund\u00ebsit\u00eb p\u00ebr aktivitete rekreative e realizim t\u00eb projekt ideve nga m\u00eb t\u00eb ndryshimet, jet\u00ebn sociale e kulturore, vizitat jasht\u00eb vendit, nd\u00ebrtimin e krenaris\u00eb s\u00eb [&hellip;]","og_url":"https:\/\/visittrepca.com\/sq\/trepca-utopiane\/","og_site_name":"Visit Trepca","article_publisher":"https:\/\/www.facebook.com\/visittrepca","article_modified_time":"2023-11-22T13:25:45+00:00","twitter_card":"summary_large_image","twitter_misc":{"Est. reading time":"4 minutes"},"schema":{"@context":"https:\/\/schema.org","@graph":[{"@type":"WebPage","@id":"https:\/\/visittrepca.com\/sq\/trepca-utopiane\/","url":"https:\/\/visittrepca.com\/sq\/trepca-utopiane\/","name":"Trep\u00e7a Utopike - Visit Trepca","isPartOf":{"@id":"https:\/\/visittrepca.com\/#website"},"datePublished":"2022-12-09T09:14:47+00:00","dateModified":"2023-11-22T13:25:45+00:00","breadcrumb":{"@id":"https:\/\/visittrepca.com\/sq\/trepca-utopiane\/#breadcrumb"},"inLanguage":"sq-AL","potentialAction":[{"@type":"ReadAction","target":["https:\/\/visittrepca.com\/sq\/trepca-utopiane\/"]}]},{"@type":"BreadcrumbList","@id":"https:\/\/visittrepca.com\/sq\/trepca-utopiane\/#breadcrumb","itemListElement":[{"@type":"ListItem","position":1,"name":"Home","item":"https:\/\/visittrepca.com\/sq\/"},{"@type":"ListItem","position":2,"name":"Trep\u00e7a Utopike"}]},{"@type":"WebSite","@id":"https:\/\/visittrepca.com\/#website","url":"https:\/\/visittrepca.com\/","name":"Visit Trepca","description":"","publisher":{"@id":"https:\/\/visittrepca.com\/#organization"},"potentialAction":[{"@type":"SearchAction","target":{"@type":"EntryPoint","urlTemplate":"https:\/\/visittrepca.com\/?s={search_term_string}"},"query-input":{"@type":"PropertyValueSpecification","valueRequired":true,"valueName":"search_term_string"}}],"inLanguage":"sq-AL"},{"@type":"Organization","@id":"https:\/\/visittrepca.com\/#organization","name":"Visit Trepca","url":"https:\/\/visittrepca.com\/","logo":{"@type":"ImageObject","inLanguage":"sq-AL","@id":"https:\/\/visittrepca.com\/#\/schema\/logo\/image\/","url":"https:\/\/visittrepca.com\/wp-content\/uploads\/2023\/02\/favicon-1.png","contentUrl":"https:\/\/visittrepca.com\/wp-content\/uploads\/2023\/02\/favicon-1.png","width":258,"height":253,"caption":"Visit Trepca"},"image":{"@id":"https:\/\/visittrepca.com\/#\/schema\/logo\/image\/"},"sameAs":["https:\/\/www.facebook.com\/visittrepca","https:\/\/www.instagram.com\/visittrepca"]}]}},"_links":{"self":[{"href":"https:\/\/visittrepca.com\/sq\/wp-json\/wp\/v2\/pages\/5918","targetHints":{"allow":["GET"]}}],"collection":[{"href":"https:\/\/visittrepca.com\/sq\/wp-json\/wp\/v2\/pages"}],"about":[{"href":"https:\/\/visittrepca.com\/sq\/wp-json\/wp\/v2\/types\/page"}],"author":[{"embeddable":true,"href":"https:\/\/visittrepca.com\/sq\/wp-json\/wp\/v2\/users\/1"}],"replies":[{"embeddable":true,"href":"https:\/\/visittrepca.com\/sq\/wp-json\/wp\/v2\/comments?post=5918"}],"version-history":[{"count":6,"href":"https:\/\/visittrepca.com\/sq\/wp-json\/wp\/v2\/pages\/5918\/revisions"}],"predecessor-version":[{"id":7108,"href":"https:\/\/visittrepca.com\/sq\/wp-json\/wp\/v2\/pages\/5918\/revisions\/7108"}],"wp:attachment":[{"href":"https:\/\/visittrepca.com\/sq\/wp-json\/wp\/v2\/media?parent=5918"}],"curies":[{"name":"wp","href":"https:\/\/api.w.org\/{rel}","templated":true}]}}