{"id":5993,"date":"2019-12-02T08:42:09","date_gmt":"2019-12-02T08:42:09","guid":{"rendered":"https:\/\/visittrepca.com\/arkiva\/"},"modified":"2023-05-23T13:33:13","modified_gmt":"2023-05-23T13:33:13","slug":"arkiva","status":"publish","type":"page","link":"https:\/\/visittrepca.com\/sq\/arkiva\/","title":{"rendered":"Arkiva"},"content":{"rendered":"<p>[vc_row css=&#8221;.vc_custom_1575276164704{padding-top: 10px !important;padding-right: 10px !important;padding-bottom: 10px !important;padding-left: 10px !important;}&#8221;][vc_column][vc_empty_space]<div class=\"mkdf-section-title-holder   mkdf-st-highlight mkdf-center-align\" style=\"text-align: center\">\n\t<div class=\"mkdf-st-inner\">\n\t\t\t\t\t\t\t<h3 class=\"mkdf-st-title\" >\n                            Arkiva            \t\t\t<\/h3>\n\t\t\t\t\t\t\t<\/div>\n<\/div><div class=\"mkdf-blog-slider-holder mkdf-bs-carousel-centered\">\n\t<ul class=\"mkdf-blog-slider mkdf-owl-slider\" data-number-of-items=\"4\" data-slider-margin=\"10\" data-enable-center=\"yes\" data-enable-navigation=\"no\" data-enable-pagination=\"no\">\n\t\t<li class=\"mkdf-blog-slider-item\">\n    <div class=\"mkdf-blog-slider-item-inner\">\n        <div class=\"mkdf-item-image\">\n            <a itemprop=\"url\" href=\"https:\/\/visittrepca.com\/sq\/7arte-propozon-rivitalizimin-e-qendres-kulturore-ne-tunel-te-pare\/\">\n                <img loading=\"lazy\" decoding=\"async\" width=\"960\" height=\"590\" src=\"https:\/\/visittrepca.com\/wp-content\/uploads\/2023\/04\/Kinema_Tunel-i-Pare-960x590-1.jpg\" class=\"attachment-full size-full wp-post-image\" alt=\"\" srcset=\"https:\/\/visittrepca.com\/wp-content\/uploads\/2023\/04\/Kinema_Tunel-i-Pare-960x590-1.jpg 960w, https:\/\/visittrepca.com\/wp-content\/uploads\/2023\/04\/Kinema_Tunel-i-Pare-960x590-1-300x184.jpg 300w, https:\/\/visittrepca.com\/wp-content\/uploads\/2023\/04\/Kinema_Tunel-i-Pare-960x590-1-768x472.jpg 768w, https:\/\/visittrepca.com\/wp-content\/uploads\/2023\/04\/Kinema_Tunel-i-Pare-960x590-1-600x369.jpg 600w\" sizes=\"auto, (max-width: 960px) 100vw, 960px\" \/>            <\/a>\n                    <\/div>\n        <div class=\"mkdf-item-text-wrapper\">\n            <div class=\"mkdf-item-text-holder\">\n                <a itemprop=\"url\" href=\"https:\/\/visittrepca.com\/sq\/7arte-propozon-rivitalizimin-e-qendres-kulturore-ne-tunel-te-pare\/\" title=\"7ARTE PROPOZON RIVITALIZIMIN E QENDR\u00cbS KULTURORE N\u00cb TUNEL T\u00cb PAR\u00cb\"><\/a>\n                <div class=\"mkdf-item-text-holder-inner\">\n\t                \t                \n<h5 itemprop=\"name\" class=\"entry-title mkdf-post-title\" >\n            <a itemprop=\"url\" href=\"https:\/\/visittrepca.com\/sq\/7arte-propozon-rivitalizimin-e-qendres-kulturore-ne-tunel-te-pare\/\" title=\"7ARTE PROPOZON RIVITALIZIMIN E QENDR\u00cbS KULTURORE N\u00cb TUNEL T\u00cb PAR\u00cb\">\n            7ARTE PROPOZON RIVITALIZIMIN E QENDR\u00cbS KULTURORE N\u00cb TUNEL T\u00cb PAR\u00cb            <\/a>\n    <\/h5>                <\/div>\n            <\/div>\n        <\/div>\n    <\/div>\n<\/li><li class=\"mkdf-blog-slider-item\">\n    <div class=\"mkdf-blog-slider-item-inner\">\n        <div class=\"mkdf-item-image\">\n            <a itemprop=\"url\" href=\"https:\/\/visittrepca.com\/sq\/rinia-per-trashegimine\/\">\n                <img loading=\"lazy\" decoding=\"async\" width=\"1024\" height=\"678\" src=\"https:\/\/visittrepca.com\/wp-content\/uploads\/2023\/04\/11122-1024x678-1.jpg\" class=\"attachment-full size-full wp-post-image\" alt=\"\" srcset=\"https:\/\/visittrepca.com\/wp-content\/uploads\/2023\/04\/11122-1024x678-1.jpg 1024w, https:\/\/visittrepca.com\/wp-content\/uploads\/2023\/04\/11122-1024x678-1-300x199.jpg 300w, https:\/\/visittrepca.com\/wp-content\/uploads\/2023\/04\/11122-1024x678-1-768x509.jpg 768w, https:\/\/visittrepca.com\/wp-content\/uploads\/2023\/04\/11122-1024x678-1-600x397.jpg 600w\" sizes=\"auto, (max-width: 1024px) 100vw, 1024px\" \/>            <\/a>\n                    <\/div>\n        <div class=\"mkdf-item-text-wrapper\">\n            <div class=\"mkdf-item-text-holder\">\n                <a itemprop=\"url\" href=\"https:\/\/visittrepca.com\/sq\/rinia-per-trashegimine\/\" title=\"Rinia p\u00ebr trash\u00ebgimin\u00eb\"><\/a>\n                <div class=\"mkdf-item-text-holder-inner\">\n\t                \t                \n<h5 itemprop=\"name\" class=\"entry-title mkdf-post-title\" >\n            <a itemprop=\"url\" href=\"https:\/\/visittrepca.com\/sq\/rinia-per-trashegimine\/\" title=\"Rinia p\u00ebr trash\u00ebgimin\u00eb\">\n            Rinia p\u00ebr trash\u00ebgimin\u00eb            <\/a>\n    <\/h5>                <\/div>\n            <\/div>\n        <\/div>\n    <\/div>\n<\/li><li class=\"mkdf-blog-slider-item\">\n    <div class=\"mkdf-blog-slider-item-inner\">\n        <div class=\"mkdf-item-image\">\n            <a itemprop=\"url\" href=\"https:\/\/visittrepca.com\/sq\/7arte-nenshkruan-marreveshje-mirekuptimi-me-fakultetin-e-arkitektures-universiteti-hasan-prishtina\/\">\n                <img loading=\"lazy\" decoding=\"async\" width=\"1024\" height=\"590\" src=\"https:\/\/visittrepca.com\/wp-content\/uploads\/2023\/04\/291948191_146235518063499_8483786996885608042_n-1024x590-1.jpg\" class=\"attachment-full size-full wp-post-image\" alt=\"\" srcset=\"https:\/\/visittrepca.com\/wp-content\/uploads\/2023\/04\/291948191_146235518063499_8483786996885608042_n-1024x590-1.jpg 1024w, https:\/\/visittrepca.com\/wp-content\/uploads\/2023\/04\/291948191_146235518063499_8483786996885608042_n-1024x590-1-300x173.jpg 300w, https:\/\/visittrepca.com\/wp-content\/uploads\/2023\/04\/291948191_146235518063499_8483786996885608042_n-1024x590-1-768x443.jpg 768w, https:\/\/visittrepca.com\/wp-content\/uploads\/2023\/04\/291948191_146235518063499_8483786996885608042_n-1024x590-1-87x50.jpg 87w, https:\/\/visittrepca.com\/wp-content\/uploads\/2023\/04\/291948191_146235518063499_8483786996885608042_n-1024x590-1-600x346.jpg 600w\" sizes=\"auto, (max-width: 1024px) 100vw, 1024px\" \/>            <\/a>\n                    <\/div>\n        <div class=\"mkdf-item-text-wrapper\">\n            <div class=\"mkdf-item-text-holder\">\n                <a itemprop=\"url\" href=\"https:\/\/visittrepca.com\/sq\/7arte-nenshkruan-marreveshje-mirekuptimi-me-fakultetin-e-arkitektures-universiteti-hasan-prishtina\/\" title=\"7ARTE N\u00cbNSHKRUAN MARR\u00cbVESHJE MIR\u00cbKUPTIMI ME FAKULTETIN E ARKITEKTUR\u00cbS- UNIVERSITETI HASAN PRISHTINA\"><\/a>\n                <div class=\"mkdf-item-text-holder-inner\">\n\t                \t                \n<h5 itemprop=\"name\" class=\"entry-title mkdf-post-title\" >\n            <a itemprop=\"url\" href=\"https:\/\/visittrepca.com\/sq\/7arte-nenshkruan-marreveshje-mirekuptimi-me-fakultetin-e-arkitektures-universiteti-hasan-prishtina\/\" title=\"7ARTE N\u00cbNSHKRUAN MARR\u00cbVESHJE MIR\u00cbKUPTIMI ME FAKULTETIN E ARKITEKTUR\u00cbS- UNIVERSITETI HASAN PRISHTINA\">\n            7ARTE N\u00cbNSHKRUAN MARR\u00cbVESHJE MIR\u00cbKUPTIMI ME FAKULTETIN E ARKITEKTUR\u00cbS- UNIVERSITETI HASAN PRISHTINA            <\/a>\n    <\/h5>                <\/div>\n            <\/div>\n        <\/div>\n    <\/div>\n<\/li><li class=\"mkdf-blog-slider-item\">\n    <div class=\"mkdf-blog-slider-item-inner\">\n        <div class=\"mkdf-item-image\">\n            <a itemprop=\"url\" href=\"https:\/\/visittrepca.com\/sq\/lansimi-i-projektit-vizionimi-i-hapesirave-industriale-te-mitrovices\/\">\n                <img loading=\"lazy\" decoding=\"async\" width=\"1024\" height=\"590\" src=\"https:\/\/visittrepca.com\/wp-content\/uploads\/2023\/04\/foto1-1024x590-1.jpg\" class=\"attachment-full size-full wp-post-image\" alt=\"\" srcset=\"https:\/\/visittrepca.com\/wp-content\/uploads\/2023\/04\/foto1-1024x590-1.jpg 1024w, https:\/\/visittrepca.com\/wp-content\/uploads\/2023\/04\/foto1-1024x590-1-300x173.jpg 300w, https:\/\/visittrepca.com\/wp-content\/uploads\/2023\/04\/foto1-1024x590-1-768x443.jpg 768w, https:\/\/visittrepca.com\/wp-content\/uploads\/2023\/04\/foto1-1024x590-1-87x50.jpg 87w, https:\/\/visittrepca.com\/wp-content\/uploads\/2023\/04\/foto1-1024x590-1-600x346.jpg 600w\" sizes=\"auto, (max-width: 1024px) 100vw, 1024px\" \/>            <\/a>\n                    <\/div>\n        <div class=\"mkdf-item-text-wrapper\">\n            <div class=\"mkdf-item-text-holder\">\n                <a itemprop=\"url\" href=\"https:\/\/visittrepca.com\/sq\/lansimi-i-projektit-vizionimi-i-hapesirave-industriale-te-mitrovices\/\" title=\"LANSIMI I PROJEKTIT \u201cVIZIONIMI I HAP\u00cbSIRAVE INDUSTRIALE T\u00cb MITROVIC\u00cbS\u201d\"><\/a>\n                <div class=\"mkdf-item-text-holder-inner\">\n\t                \t                \n<h5 itemprop=\"name\" class=\"entry-title mkdf-post-title\" >\n            <a itemprop=\"url\" href=\"https:\/\/visittrepca.com\/sq\/lansimi-i-projektit-vizionimi-i-hapesirave-industriale-te-mitrovices\/\" title=\"LANSIMI I PROJEKTIT \u201cVIZIONIMI I HAP\u00cbSIRAVE INDUSTRIALE T\u00cb MITROVIC\u00cbS\u201d\">\n            LANSIMI I PROJEKTIT \u201cVIZIONIMI I HAP\u00cbSIRAVE INDUSTRIALE T\u00cb MITROVIC\u00cbS\u201d            <\/a>\n    <\/h5>                <\/div>\n            <\/div>\n        <\/div>\n    <\/div>\n<\/li><li class=\"mkdf-blog-slider-item\">\n    <div class=\"mkdf-blog-slider-item-inner\">\n        <div class=\"mkdf-item-image\">\n            <a itemprop=\"url\" href=\"https:\/\/visittrepca.com\/sq\/7arte-antaresohet-ne-trans-europe-halles\/\">\n                <img loading=\"lazy\" decoding=\"async\" width=\"1024\" height=\"590\" src=\"https:\/\/visittrepca.com\/wp-content\/uploads\/2023\/04\/1659438307083-01-1024x590-1.jpeg\" class=\"attachment-full size-full wp-post-image\" alt=\"\" srcset=\"https:\/\/visittrepca.com\/wp-content\/uploads\/2023\/04\/1659438307083-01-1024x590-1.jpeg 1024w, https:\/\/visittrepca.com\/wp-content\/uploads\/2023\/04\/1659438307083-01-1024x590-1-300x173.jpeg 300w, https:\/\/visittrepca.com\/wp-content\/uploads\/2023\/04\/1659438307083-01-1024x590-1-768x443.jpeg 768w, https:\/\/visittrepca.com\/wp-content\/uploads\/2023\/04\/1659438307083-01-1024x590-1-87x50.jpeg 87w, https:\/\/visittrepca.com\/wp-content\/uploads\/2023\/04\/1659438307083-01-1024x590-1-600x346.jpeg 600w\" sizes=\"auto, (max-width: 1024px) 100vw, 1024px\" \/>            <\/a>\n                    <\/div>\n        <div class=\"mkdf-item-text-wrapper\">\n            <div class=\"mkdf-item-text-holder\">\n                <a itemprop=\"url\" href=\"https:\/\/visittrepca.com\/sq\/7arte-antaresohet-ne-trans-europe-halles\/\" title=\"7ARTE ANTAR\u00cbSOHET N\u00cb TRANS EUROPE HALLES\"><\/a>\n                <div class=\"mkdf-item-text-holder-inner\">\n\t                \t                \n<h5 itemprop=\"name\" class=\"entry-title mkdf-post-title\" >\n            <a itemprop=\"url\" href=\"https:\/\/visittrepca.com\/sq\/7arte-antaresohet-ne-trans-europe-halles\/\" title=\"7ARTE ANTAR\u00cbSOHET N\u00cb TRANS EUROPE HALLES\">\n            7ARTE ANTAR\u00cbSOHET N\u00cb TRANS EUROPE HALLES            <\/a>\n    <\/h5>                <\/div>\n            <\/div>\n        <\/div>\n    <\/div>\n<\/li><li class=\"mkdf-blog-slider-item\">\n    <div class=\"mkdf-blog-slider-item-inner\">\n        <div class=\"mkdf-item-image\">\n            <a itemprop=\"url\" href=\"https:\/\/visittrepca.com\/sq\/trepca-dhe-trashegimia-industriale-zgjon-interesimin-e-francezeve\/\">\n                <img loading=\"lazy\" decoding=\"async\" width=\"1600\" height=\"1066\" src=\"https:\/\/visittrepca.com\/wp-content\/uploads\/2023\/04\/337398974_575313721237456_2917257688049562345_n.jpg\" class=\"attachment-full size-full wp-post-image\" alt=\"\" srcset=\"https:\/\/visittrepca.com\/wp-content\/uploads\/2023\/04\/337398974_575313721237456_2917257688049562345_n.jpg 1600w, https:\/\/visittrepca.com\/wp-content\/uploads\/2023\/04\/337398974_575313721237456_2917257688049562345_n-300x200.jpg 300w, https:\/\/visittrepca.com\/wp-content\/uploads\/2023\/04\/337398974_575313721237456_2917257688049562345_n-1024x682.jpg 1024w, https:\/\/visittrepca.com\/wp-content\/uploads\/2023\/04\/337398974_575313721237456_2917257688049562345_n-768x512.jpg 768w, https:\/\/visittrepca.com\/wp-content\/uploads\/2023\/04\/337398974_575313721237456_2917257688049562345_n-1536x1023.jpg 1536w, https:\/\/visittrepca.com\/wp-content\/uploads\/2023\/04\/337398974_575313721237456_2917257688049562345_n-600x400.jpg 600w\" sizes=\"auto, (max-width: 1600px) 100vw, 1600px\" \/>            <\/a>\n                    <\/div>\n        <div class=\"mkdf-item-text-wrapper\">\n            <div class=\"mkdf-item-text-holder\">\n                <a itemprop=\"url\" href=\"https:\/\/visittrepca.com\/sq\/trepca-dhe-trashegimia-industriale-zgjon-interesimin-e-francezeve\/\" title=\"TREP\u00c7A DHE TRASH\u00cbGIMIA INDUSTRIALE ZGJON INTERESIMIN E FRANCEZ\u00cbVE\"><\/a>\n                <div class=\"mkdf-item-text-holder-inner\">\n\t                \t                \n<h5 itemprop=\"name\" class=\"entry-title mkdf-post-title\" >\n            <a itemprop=\"url\" href=\"https:\/\/visittrepca.com\/sq\/trepca-dhe-trashegimia-industriale-zgjon-interesimin-e-francezeve\/\" title=\"TREP\u00c7A DHE TRASH\u00cbGIMIA INDUSTRIALE ZGJON INTERESIMIN E FRANCEZ\u00cbVE\">\n            TREP\u00c7A DHE TRASH\u00cbGIMIA INDUSTRIALE ZGJON INTERESIMIN E FRANCEZ\u00cbVE            <\/a>\n    <\/h5>                <\/div>\n            <\/div>\n        <\/div>\n    <\/div>\n<\/li>\t<\/ul>\n<\/div>\n[\/vc_column][\/vc_row]<\/p>\n","protected":false},"excerpt":{"rendered":"<p>[vc_row css=&#8221;.vc_custom_1575276164704{padding-top: 10px !important;padding-right: 10px !important;padding-bottom: 10px !important;padding-left: 10px !important;}&#8221;][vc_column][vc_empty_space][\/vc_column][\/vc_row]<\/p>\n","protected":false},"author":1,"featured_media":0,"parent":0,"menu_order":0,"comment_status":"closed","ping_status":"closed","template":"full-width.php","meta":{"footnotes":""},"class_list":["post-5993","page","type-page","status-publish","hentry"],"yoast_head":"<!-- This site is optimized with the Yoast SEO plugin v24.2 - https:\/\/yoast.com\/wordpress\/plugins\/seo\/ -->\n<title>Arkiva - Visit Trepca<\/title>\n<meta name=\"robots\" content=\"index, follow, max-snippet:-1, max-image-preview:large, max-video-preview:-1\" \/>\n<link rel=\"canonical\" href=\"https:\/\/visittrepca.com\/sq\/arkiva\/\" \/>\n<meta property=\"og:locale\" content=\"sq_AL\" \/>\n<meta property=\"og:type\" content=\"article\" \/>\n<meta property=\"og:title\" content=\"Arkiva - Visit Trepca\" \/>\n<meta property=\"og:description\" content=\"[vc_row css=&#8221;.vc_custom_1575276164704{padding-top: 10px !important;padding-right: 10px !important;padding-bottom: 10px !important;padding-left: 10px !important;}&#8221;][vc_column][vc_empty_space][\/vc_column][\/vc_row]\" \/>\n<meta property=\"og:url\" content=\"https:\/\/visittrepca.com\/sq\/arkiva\/\" \/>\n<meta property=\"og:site_name\" content=\"Visit Trepca\" \/>\n<meta property=\"article:publisher\" content=\"https:\/\/www.facebook.com\/visittrepca\" \/>\n<meta property=\"article:modified_time\" content=\"2023-05-23T13:33:13+00:00\" \/>\n<meta name=\"twitter:card\" content=\"summary_large_image\" \/>\n<script type=\"application\/ld+json\" class=\"yoast-schema-graph\">{\"@context\":\"https:\/\/schema.org\",\"@graph\":[{\"@type\":\"WebPage\",\"@id\":\"https:\/\/visittrepca.com\/sq\/arkiva\/\",\"url\":\"https:\/\/visittrepca.com\/sq\/arkiva\/\",\"name\":\"Arkiva - Visit Trepca\",\"isPartOf\":{\"@id\":\"https:\/\/visittrepca.com\/#website\"},\"datePublished\":\"2019-12-02T08:42:09+00:00\",\"dateModified\":\"2023-05-23T13:33:13+00:00\",\"breadcrumb\":{\"@id\":\"https:\/\/visittrepca.com\/sq\/arkiva\/#breadcrumb\"},\"inLanguage\":\"sq-AL\",\"potentialAction\":[{\"@type\":\"ReadAction\",\"target\":[\"https:\/\/visittrepca.com\/sq\/arkiva\/\"]}]},{\"@type\":\"BreadcrumbList\",\"@id\":\"https:\/\/visittrepca.com\/sq\/arkiva\/#breadcrumb\",\"itemListElement\":[{\"@type\":\"ListItem\",\"position\":1,\"name\":\"Home\",\"item\":\"https:\/\/visittrepca.com\/sq\/\"},{\"@type\":\"ListItem\",\"position\":2,\"name\":\"Arkiva\"}]},{\"@type\":\"WebSite\",\"@id\":\"https:\/\/visittrepca.com\/#website\",\"url\":\"https:\/\/visittrepca.com\/\",\"name\":\"Visit Trepca\",\"description\":\"\",\"publisher\":{\"@id\":\"https:\/\/visittrepca.com\/#organization\"},\"potentialAction\":[{\"@type\":\"SearchAction\",\"target\":{\"@type\":\"EntryPoint\",\"urlTemplate\":\"https:\/\/visittrepca.com\/?s={search_term_string}\"},\"query-input\":{\"@type\":\"PropertyValueSpecification\",\"valueRequired\":true,\"valueName\":\"search_term_string\"}}],\"inLanguage\":\"sq-AL\"},{\"@type\":\"Organization\",\"@id\":\"https:\/\/visittrepca.com\/#organization\",\"name\":\"Visit Trepca\",\"url\":\"https:\/\/visittrepca.com\/\",\"logo\":{\"@type\":\"ImageObject\",\"inLanguage\":\"sq-AL\",\"@id\":\"https:\/\/visittrepca.com\/#\/schema\/logo\/image\/\",\"url\":\"https:\/\/visittrepca.com\/wp-content\/uploads\/2023\/02\/favicon-1.png\",\"contentUrl\":\"https:\/\/visittrepca.com\/wp-content\/uploads\/2023\/02\/favicon-1.png\",\"width\":258,\"height\":253,\"caption\":\"Visit Trepca\"},\"image\":{\"@id\":\"https:\/\/visittrepca.com\/#\/schema\/logo\/image\/\"},\"sameAs\":[\"https:\/\/www.facebook.com\/visittrepca\",\"https:\/\/www.instagram.com\/visittrepca\"]}]}<\/script>\n<!-- \/ Yoast SEO plugin. -->","yoast_head_json":{"title":"Arkiva - Visit Trepca","robots":{"index":"index","follow":"follow","max-snippet":"max-snippet:-1","max-image-preview":"max-image-preview:large","max-video-preview":"max-video-preview:-1"},"canonical":"https:\/\/visittrepca.com\/sq\/arkiva\/","og_locale":"sq_AL","og_type":"article","og_title":"Arkiva - Visit Trepca","og_description":"[vc_row css=&#8221;.vc_custom_1575276164704{padding-top: 10px !important;padding-right: 10px !important;padding-bottom: 10px !important;padding-left: 10px !important;}&#8221;][vc_column][vc_empty_space][\/vc_column][\/vc_row]","og_url":"https:\/\/visittrepca.com\/sq\/arkiva\/","og_site_name":"Visit Trepca","article_publisher":"https:\/\/www.facebook.com\/visittrepca","article_modified_time":"2023-05-23T13:33:13+00:00","twitter_card":"summary_large_image","schema":{"@context":"https:\/\/schema.org","@graph":[{"@type":"WebPage","@id":"https:\/\/visittrepca.com\/sq\/arkiva\/","url":"https:\/\/visittrepca.com\/sq\/arkiva\/","name":"Arkiva - Visit Trepca","isPartOf":{"@id":"https:\/\/visittrepca.com\/#website"},"datePublished":"2019-12-02T08:42:09+00:00","dateModified":"2023-05-23T13:33:13+00:00","breadcrumb":{"@id":"https:\/\/visittrepca.com\/sq\/arkiva\/#breadcrumb"},"inLanguage":"sq-AL","potentialAction":[{"@type":"ReadAction","target":["https:\/\/visittrepca.com\/sq\/arkiva\/"]}]},{"@type":"BreadcrumbList","@id":"https:\/\/visittrepca.com\/sq\/arkiva\/#breadcrumb","itemListElement":[{"@type":"ListItem","position":1,"name":"Home","item":"https:\/\/visittrepca.com\/sq\/"},{"@type":"ListItem","position":2,"name":"Arkiva"}]},{"@type":"WebSite","@id":"https:\/\/visittrepca.com\/#website","url":"https:\/\/visittrepca.com\/","name":"Visit Trepca","description":"","publisher":{"@id":"https:\/\/visittrepca.com\/#organization"},"potentialAction":[{"@type":"SearchAction","target":{"@type":"EntryPoint","urlTemplate":"https:\/\/visittrepca.com\/?s={search_term_string}"},"query-input":{"@type":"PropertyValueSpecification","valueRequired":true,"valueName":"search_term_string"}}],"inLanguage":"sq-AL"},{"@type":"Organization","@id":"https:\/\/visittrepca.com\/#organization","name":"Visit Trepca","url":"https:\/\/visittrepca.com\/","logo":{"@type":"ImageObject","inLanguage":"sq-AL","@id":"https:\/\/visittrepca.com\/#\/schema\/logo\/image\/","url":"https:\/\/visittrepca.com\/wp-content\/uploads\/2023\/02\/favicon-1.png","contentUrl":"https:\/\/visittrepca.com\/wp-content\/uploads\/2023\/02\/favicon-1.png","width":258,"height":253,"caption":"Visit Trepca"},"image":{"@id":"https:\/\/visittrepca.com\/#\/schema\/logo\/image\/"},"sameAs":["https:\/\/www.facebook.com\/visittrepca","https:\/\/www.instagram.com\/visittrepca"]}]}},"_links":{"self":[{"href":"https:\/\/visittrepca.com\/sq\/wp-json\/wp\/v2\/pages\/5993","targetHints":{"allow":["GET"]}}],"collection":[{"href":"https:\/\/visittrepca.com\/sq\/wp-json\/wp\/v2\/pages"}],"about":[{"href":"https:\/\/visittrepca.com\/sq\/wp-json\/wp\/v2\/types\/page"}],"author":[{"embeddable":true,"href":"https:\/\/visittrepca.com\/sq\/wp-json\/wp\/v2\/users\/1"}],"replies":[{"embeddable":true,"href":"https:\/\/visittrepca.com\/sq\/wp-json\/wp\/v2\/comments?post=5993"}],"version-history":[{"count":2,"href":"https:\/\/visittrepca.com\/sq\/wp-json\/wp\/v2\/pages\/5993\/revisions"}],"predecessor-version":[{"id":5995,"href":"https:\/\/visittrepca.com\/sq\/wp-json\/wp\/v2\/pages\/5993\/revisions\/5995"}],"wp:attachment":[{"href":"https:\/\/visittrepca.com\/sq\/wp-json\/wp\/v2\/media?parent=5993"}],"curies":[{"name":"wp","href":"https:\/\/api.w.org\/{rel}","templated":true}]}}