{"id":6049,"date":"2023-01-18T14:00:19","date_gmt":"2023-01-18T14:00:19","guid":{"rendered":"https:\/\/visittrepca.com\/inside-trepca-tour\/"},"modified":"2023-12-08T09:43:05","modified_gmt":"2023-12-08T09:43:05","slug":"inside-trepca-tour","status":"publish","type":"page","link":"https:\/\/visittrepca.com\/sq\/inside-trepca-tour\/","title":{"rendered":"Inside Trepca Tour"},"content":{"rendered":"<p>[vc_row css=&#8221;.vc_custom_1674050806632{margin-bottom: 60px !important;}&#8221;][vc_column]<div class=\"mkdf-section-title-holder   mkdf-st-highlight mkdf-center-align\" style=\"text-align: center\">\n\t<div class=\"mkdf-st-inner\">\n\t\t\t\t\t\t\t<h2 class=\"mkdf-st-title\" >\n                            <span class=\"mkdf-st-highlight-title-holder\" style=\"color: #ace0c0\">\n                                                        <span class=\"mkdf-st-highlight-title\" style=\"color: #00ae42\">INside<\/span>\n                                                        <span class=\"mkdf-st-highlight\">\n                                                        <svg version=\"1.1\" xmlns=\"http:\/\/www.w3.org\/2000\/svg\" xmlns:xlink=\"http:\/\/www.w3.org\/1999\/xlink\" x=\"0px\" y=\"0px\" viewBox=\"0 0 15.7 30\" style=\"enable-background:new 0 0 15.7 30;\" xml:space=\"preserve\" class=\"mkdf-active-hover-left\"><polygon class=\"st0\" points=\"2.6,1 0.7,3.3 2,5.8 2.3,7.6 2.9,8.7 4.4,10.5 3.9,10.8 4.4,11.9 4.4,12.8 4.1,13.8 3.3,14.7 3.9,15.8 4.4,16.8 4,17.5 3.5,18.1 2.2,20.2 3.4,21.5 4.2,24.1 3.4,25.4 2.5,27.4 2.5,27.8 3.2,28.3 4.1,28.5 4.9,29 14.8,29 14.8,1 \"\/><\/svg>\n                                                        <span class=\"mkdf-active-hover-middle\"><\/span>\n                                                        <svg version=\"1.1\" xmlns=\"http:\/\/www.w3.org\/2000\/svg\" xmlns:xlink=\"http:\/\/www.w3.org\/1999\/xlink\" x=\"0px\" y=\"0px\" viewBox=\"0 0 13.3 30\" style=\"enable-background:new 0 0 13.3 30;\" xml:space=\"preserve\" class=\"mkdf-active-hover-right\"><polygon class=\"st0\" points=\"10,1 10.2,2.1 10.6,2.9 10.6,3.3 10.8,3.7 10.8,4.3 11,5 11,5.7 11,6.3 10.5,6.7 10.8,7.3 11,7.8 \t11.6,8.3 11.6,8.6 11.5,8.9 11.6,9.9 11.6,10.5 12.4,11.6 12.1,12 12.4,12.2 11.8,12.8 11.4,13.5 11.6,13.7 11.9,13.7 12,13.9 11.5,15.1 10.8,16 9.1,17.7 9.7,18.2 9.3,19 9.7,19.8 9.6,20.6 9.7,21.5 9.6,21.9 9.6,22.3 10.1,22.8 9.6,23.6 9.7,24 9.7,24.2 9.9,24.4 9.5,24.7 9.3,25.4 9.3,25.9 8.8,26.2 8.5,27.1 8.8,27.8 9.4,28.6 7.8,29 0.9,29 0.9,1 \"\/><\/svg>\n                                                        <\/span>\n                                                    <\/span> Trep\u00e7a            \t\t\t<\/h2>\n\t\t\t\t\t\t\t<\/div>\n<\/div>[vc_empty_space][vc_column_text]<\/p>\n<h4><strong>Overview <\/strong><\/h4>\n<p><span style=\"font-weight: 400;\">Ky tur ofron nj\u00eb v\u00ebshtrim gjith\u00ebp\u00ebrfshir\u00ebs t\u00eb historis\u00eb dhe gjendjes aktuale t\u00eb minier\u00ebs s\u00eb Mitrovic\u00ebs, si dhe nj\u00eb mund\u00ebsi p\u00ebr t\u00eb p\u00ebrjetuar kultur\u00ebn dhe m\u00ebnyr\u00ebn e jetes\u00ebs lokale. S\u00eb pari, vizita fillon me Parkun Industrial Trep\u00e7a, i cili \u00ebsht\u00eb nj\u00eb kompleks kryesisht i braktisur n\u00eb Mitrovic\u00eb. Pas k\u00ebsaj, do t\u00eb vizitoni Muzeun Komb\u00ebtar t\u00eb Kristaleve dhe Mineraleve, ku mund t\u00eb shihni shum\u00ebllojshm\u00ebri t\u00eb gjer\u00eb t\u00eb mineraleve nga Trep\u00e7a dhe minierat e tjera nd\u00ebrkomb\u00ebtare. M\u00eb pas, do t\u00eb hyni n\u00eb nivelet n\u00ebntok\u00ebsore t\u00eb minier\u00ebs s\u00eb Trep\u00e7\u00ebs dhe do t\u00eb kaloni nj\u00eb p\u00ebrvoj\u00eb t\u00eb paharrueshme. Nd\u00ebrkoh\u00eb do t\u00eb shihni procesin e minierave n\u00eb veprim dhe do t\u00eb m\u00ebsoni rreth sfidave dhe rreziqeve t\u00eb p\u00ebrfshira n\u00eb miniera. N\u00eb fund do t\u00eb vizitoni Stant\u00ebrgun, nj\u00eb lagje t\u00eb vog\u00ebl q\u00eb ndodhet af\u00ebr minier\u00ebs s\u00eb Trep\u00e7\u00ebs. Aty shihet se si jetonin vendasit n\u00eb koh\u00ebn kur miniera lul\u00ebzonte. Ky tur nj\u00ebditor ofron nj\u00eb mund\u00ebsi t\u00eb ve\u00e7ant\u00eb p\u00ebr t\u00eb fituar njohuri mbi aspektet historike t\u00eb Kosov\u00ebs, duke v\u00ebzhguar gjithashtu nga af\u00ebr se si trash\u00ebgimia minerare ka ndikuar n\u00eb komunitetet lokale n\u00eb aspekte t\u00eb ndryshme si n\u00eb ekonomi, shoq\u00ebri dhe kultur\u00eb.<\/span>[\/vc_column_text][vc_empty_space][vc_separator][\/vc_column][\/vc_row][vc_row el_id=&#8221;insidetrepcatour&#8221;][vc_column width=&#8221;1\/4&#8243;][vc_single_image image=&#8221;4012&#8243; img_size=&#8221;full&#8221;][\/vc_column][vc_column width=&#8221;3\/4&#8243;][vc_custom_heading text=&#8221;Parku Industrial Trep\u00e7a&#8221;][vc_column_text]Parku Industrial i Trep\u00e7\u00ebs \u00ebsht\u00eb nj\u00eb vend i trash\u00ebgimis\u00eb historike dhe industriale q\u00eb gjendet n\u00eb Mitrovic\u00eb, i cili paraqet modernitetin e industris\u00eb s\u00eb Kosov\u00ebs. \u00cbsht\u00eb nj\u00eb nga komplekset industriale m\u00eb t\u00eb r\u00ebnd\u00ebsishme n\u00eb Ballkan dhe ka luajtur nj\u00eb rol t\u00eb r\u00ebnd\u00ebsish\u00ebm n\u00eb zhvillimin ekonomik t\u00eb rajonit. Parku Industrial p\u00ebrfshin\u00eb nj\u00eb gam\u00eb t\u00eb gjer\u00eb objektesh industriale si fabrik\u00ebn e par\u00eb t\u00eb baterive, bizneset private t\u00eb riciklimit, fabrikat e ish-fosfatit, termocentralet, si dhe nd\u00ebrtesat administrative dhe rezidenciale. Industria minerare ka pasur t\u00eb pun\u00ebsuar m\u00eb shum\u00eb se nj\u00ebzet mij\u00eb (20.000) pun\u00ebtor\u00eb dhe ka luajtur nj\u00eb rol ky\u00e7 n\u00eb ekonomin\u00eb e rajonit. Parku Industrial i Trep\u00e7\u00ebs \u00ebsht\u00eb unik p\u00ebr turist\u00ebt, duke treguar historin\u00eb e minierave t\u00eb rajonit dhe ndikimin n\u00eb komunitet.[\/vc_column_text][\/vc_column][\/vc_row][vc_row el_id=&#8221;museumofminerals&#8221; css=&#8221;.vc_custom_1674129813052{margin-top: 60px !important;}&#8221; el_class=&#8221;reversetourscol&#8221;][vc_column width=&#8221;2\/3&#8243;][vc_custom_heading text=&#8221;Muzeu Komb\u00ebtar i Kristaleve dhe Mineraleve&#8221;][vc_column_text css_animation=&#8221;left-to-right&#8221;]Muzeu Komb\u00ebtar i Kristaleve dhe Mineraleve gjendet n\u00eb qytetin e Mitrovic\u00ebs, m\u00eb konkretisht n\u00eb Stant\u00ebrg. Muzeu p\u00ebrmban nj\u00eb gam\u00eb t\u00eb gjer\u00eb ekspozitash, duke p\u00ebrfshir\u00eb minerale, pajisje minerare dhe artefakte, si dhe nj\u00eb pasqyr\u00eb historike t\u00eb industris\u00eb minerare n\u00eb Kosov\u00eb. Nj\u00eb nga karakteristikat e k\u00ebtij muzeu \u00ebsht\u00eb mbledhja dhe shum\u00ebllojshm\u00ebria e mineraleve dhe kristaleve. K\u00ebto koleksione p\u00ebrfshijn\u00eb nj\u00eb gam\u00eb t\u00eb larmishme ekzemplar\u00ebsh, si disa nga mineralet m\u00eb t\u00eb rralla t\u00eb gjetura n\u00eb vend, si dhe disa nga kristalet m\u00eb t\u00eb m\u00ebdha dhe m\u00eb t\u00eb bukura t\u00eb ekspozuara. Vizitor\u00ebt mund t\u00eb shohin gjithashtu nj\u00eb hart\u00eb t\u00eb shtresuar t\u00eb minier\u00ebs s\u00eb Trep\u00e7\u00ebs dhe nj\u00ebmb\u00ebdhjet\u00eb horizontet e saj.[\/vc_column_text][\/vc_column][vc_column width=&#8221;1\/3&#8243;][vc_single_image image=&#8221;4013&#8243; img_size=&#8221;full&#8221;][\/vc_column][\/vc_row][vc_row el_id=&#8221;Minier\u00eb&#8221; css=&#8221;.vc_custom_1674051632467{margin-top: 50px !important;}&#8221;][vc_column width=&#8221;1\/4&#8243;][vc_single_image image=&#8221;3990&#8243; img_size=&#8221;full&#8221;][\/vc_column][vc_column width=&#8221;3\/4&#8243;][vc_custom_heading text=&#8221;Miniera e Trep\u00e7\u00ebs&#8221;][vc_column_text]Miniera e Trep\u00e7\u00ebs \u00ebsht\u00eb nj\u00eb minier\u00eb e plumbit dhe zinkut q\u00eb gjendet n\u00eb lugin\u00ebn e Stant\u00ebrg, Mitrovic\u00eb, e njohur p\u00ebr depozita t\u00eb pasura minerale dhe historin\u00eb e minierave q\u00eb daton q\u00eb nga koha romake. U zhvillua n\u00eb nj\u00eb kompleks t\u00eb madh industrial gjat\u00eb shekullit t\u00eb XX-t\u00eb. Q\u00eb nga vitet e 90-ta, prodhimi i minierave t\u00eb Trep\u00e7\u00ebs ra p\u00ebr shkak t\u00eb shtypjes s\u00eb autonomis\u00eb s\u00eb Kosov\u00ebs dhe d\u00ebbimit t\u00eb pun\u00ebtor\u00ebve shqiptar\u00eb nga regjimi i koh\u00ebs. Miniera ende punon por me kapacitete t\u00eb kufizuara. \u00cbsht\u00eb nj\u00eb vend unik p\u00ebr t&#8217;u vizituar, ve\u00e7an\u00ebrisht p\u00ebr t\u00eb p\u00ebrjetuar zbritjen posht\u00eb n\u00eb horizontet e minierave ku mund t\u00eb ec\u00ebsh si minator dhe t\u00eb p\u00ebrjetosh nj\u00eb p\u00ebrvoj\u00eb unike.[\/vc_column_text][\/vc_column][\/vc_row][vc_row el_id=&#8221;stanterg&#8221; el_class=&#8221;reversetourscol&#8221;][vc_column width=&#8221;2\/3&#8243;][vc_custom_heading text=&#8221;Stant\u00ebrg&#8221;][vc_column_text]Stant\u00ebrgu \u00ebsht\u00eb nj\u00eb vendbanim i vog\u00ebl q\u00eb gjendet\u00a0 n\u00eb komun\u00ebn e Mitrovic\u00ebs. Stan T\u00ebrgu u nd\u00ebrtua kryesisht p\u00ebr t\u00eb mb\u00ebshtetur operacionet e minierave n\u00eb minierat e Trep\u00e7\u00ebs. \u00cbsht\u00eb nd\u00ebrtuar n\u00eb vitet 1930 me infrastruktur\u00eb t\u00eb stilit britanik. Infrastruktura e vendbanimit u zhvillua gradualisht me kalimin e koh\u00ebs. Ka pasur pak investime n\u00eb infrastruktur\u00eb q\u00eb nga fundi i luft\u00ebs (1999) dhe si rezultat, shum\u00eb prej nd\u00ebrtesave dhe objekteve n\u00eb dit\u00ebt e sotme jan\u00eb rr\u00ebnuar. Lagjet si \u201cKolonia\u201d apo \u201cPllo\u00e7a\u201d duhen vizituar.[\/vc_column_text][\/vc_column][vc_column width=&#8221;1\/3&#8243;][vc_single_image image=&#8221;4015&#8243; img_size=&#8221;full&#8221;][\/vc_column][\/vc_row][vc_row][vc_column][vc_separator][vc_empty_space][vc_column_text]<\/p>\n<h4><b>\u00c7ka p\u00ebrfshihet?<\/b><\/h4>\n<ul>\n<li style=\"font-weight: 400;\" aria-level=\"1\"><span style=\"font-weight: 400;\">Udh\u00ebrr\u00ebfyes turistik lokal<\/span><\/li>\n<li style=\"font-weight: 400;\" aria-level=\"1\"><span style=\"font-weight: 400;\">Transporti <\/span><\/li>\n<li style=\"font-weight: 400;\" aria-level=\"1\"><span style=\"font-weight: 400;\">Hyrja n\u00eb: Minier\u00ebn e Trep\u00e7\u00ebs, Muzeun Komb\u00ebtar t\u00eb Kristaleve dhe Mineraleve<\/span><\/li>\n<li style=\"font-weight: 400;\" aria-level=\"1\"><span style=\"font-weight: 400;\">Eksplorimi i trash\u00ebgimis\u00eb arkitekturore angleze dhe Kish\u00ebs Saksone t\u00eb shekullit XIII<\/span><\/li>\n<li style=\"font-weight: 400;\" aria-level=\"1\"><span style=\"font-weight: 400;\">Dreka tradicionale me opsione t\u00eb mundshme vegjetariane<\/span><\/li>\n<li style=\"font-weight: 400;\" aria-level=\"1\"><span style=\"font-weight: 400;\">Suvenire (kartolina dhe kristale)<\/span><\/li>\n<\/ul>\n<h4><b>Turne m\u00eb i zgjeruar<\/b><\/h4>\n<ul>\n<li style=\"font-weight: 400;\" aria-level=\"1\"><span style=\"font-weight: 400;\">OUTside Trep\u00e7a <\/span><\/li>\n<li style=\"font-weight: 400;\" aria-level=\"1\"><span style=\"font-weight: 400;\">Purple Tour<\/span><\/li>\n<\/ul>\n<p>[\/vc_column_text][\/vc_column][\/vc_row]<\/p>\n","protected":false},"excerpt":{"rendered":"<p>[vc_row css=&#8221;.vc_custom_1674050806632{margin-bottom: 60px !important;}&#8221;][vc_column][vc_empty_space][vc_column_text] Overview Ky tur ofron nj\u00eb v\u00ebshtrim gjith\u00ebp\u00ebrfshir\u00ebs t\u00eb historis\u00eb dhe gjendjes aktuale t\u00eb minier\u00ebs s\u00eb Mitrovic\u00ebs, si dhe nj\u00eb mund\u00ebsi p\u00ebr t\u00eb p\u00ebrjetuar kultur\u00ebn dhe m\u00ebnyr\u00ebn e jetes\u00ebs lokale. S\u00eb pari, vizita fillon me Parkun Industrial Trep\u00e7a, i cili \u00ebsht\u00eb nj\u00eb kompleks [&hellip;]<\/p>\n","protected":false},"author":1,"featured_media":0,"parent":0,"menu_order":0,"comment_status":"closed","ping_status":"closed","template":"","meta":{"footnotes":""},"class_list":["post-6049","page","type-page","status-publish","hentry"],"yoast_head":"<!-- This site is optimized with the Yoast SEO plugin v24.2 - https:\/\/yoast.com\/wordpress\/plugins\/seo\/ -->\n<title>Inside Trepca Tour - Visit Trepca<\/title>\n<meta name=\"robots\" content=\"index, follow, max-snippet:-1, max-image-preview:large, max-video-preview:-1\" \/>\n<link rel=\"canonical\" href=\"https:\/\/visittrepca.com\/sq\/inside-trepca-tour\/\" \/>\n<meta property=\"og:locale\" content=\"sq_AL\" \/>\n<meta property=\"og:type\" content=\"article\" \/>\n<meta property=\"og:title\" content=\"Inside Trepca Tour - Visit Trepca\" \/>\n<meta property=\"og:description\" content=\"[vc_row css=&#8221;.vc_custom_1674050806632{margin-bottom: 60px !important;}&#8221;][vc_column][vc_empty_space][vc_column_text] Overview Ky tur ofron nj\u00eb v\u00ebshtrim gjith\u00ebp\u00ebrfshir\u00ebs t\u00eb historis\u00eb dhe gjendjes aktuale t\u00eb minier\u00ebs s\u00eb Mitrovic\u00ebs, si dhe nj\u00eb mund\u00ebsi p\u00ebr t\u00eb p\u00ebrjetuar kultur\u00ebn dhe m\u00ebnyr\u00ebn e jetes\u00ebs lokale. S\u00eb pari, vizita fillon me Parkun Industrial Trep\u00e7a, i cili \u00ebsht\u00eb nj\u00eb kompleks [&hellip;]\" \/>\n<meta property=\"og:url\" content=\"https:\/\/visittrepca.com\/sq\/inside-trepca-tour\/\" \/>\n<meta property=\"og:site_name\" content=\"Visit Trepca\" \/>\n<meta property=\"article:publisher\" content=\"https:\/\/www.facebook.com\/visittrepca\" \/>\n<meta property=\"article:modified_time\" content=\"2023-12-08T09:43:05+00:00\" \/>\n<meta name=\"twitter:card\" content=\"summary_large_image\" \/>\n<meta name=\"twitter:label1\" content=\"Est. reading time\" \/>\n\t<meta name=\"twitter:data1\" content=\"4 minutes\" \/>\n<script type=\"application\/ld+json\" class=\"yoast-schema-graph\">{\"@context\":\"https:\/\/schema.org\",\"@graph\":[{\"@type\":\"WebPage\",\"@id\":\"https:\/\/visittrepca.com\/sq\/inside-trepca-tour\/\",\"url\":\"https:\/\/visittrepca.com\/sq\/inside-trepca-tour\/\",\"name\":\"Inside Trepca Tour - Visit Trepca\",\"isPartOf\":{\"@id\":\"https:\/\/visittrepca.com\/#website\"},\"datePublished\":\"2023-01-18T14:00:19+00:00\",\"dateModified\":\"2023-12-08T09:43:05+00:00\",\"breadcrumb\":{\"@id\":\"https:\/\/visittrepca.com\/sq\/inside-trepca-tour\/#breadcrumb\"},\"inLanguage\":\"sq-AL\",\"potentialAction\":[{\"@type\":\"ReadAction\",\"target\":[\"https:\/\/visittrepca.com\/sq\/inside-trepca-tour\/\"]}]},{\"@type\":\"BreadcrumbList\",\"@id\":\"https:\/\/visittrepca.com\/sq\/inside-trepca-tour\/#breadcrumb\",\"itemListElement\":[{\"@type\":\"ListItem\",\"position\":1,\"name\":\"Home\",\"item\":\"https:\/\/visittrepca.com\/sq\/\"},{\"@type\":\"ListItem\",\"position\":2,\"name\":\"Inside Trepca Tour\"}]},{\"@type\":\"WebSite\",\"@id\":\"https:\/\/visittrepca.com\/#website\",\"url\":\"https:\/\/visittrepca.com\/\",\"name\":\"Visit Trepca\",\"description\":\"\",\"publisher\":{\"@id\":\"https:\/\/visittrepca.com\/#organization\"},\"potentialAction\":[{\"@type\":\"SearchAction\",\"target\":{\"@type\":\"EntryPoint\",\"urlTemplate\":\"https:\/\/visittrepca.com\/?s={search_term_string}\"},\"query-input\":{\"@type\":\"PropertyValueSpecification\",\"valueRequired\":true,\"valueName\":\"search_term_string\"}}],\"inLanguage\":\"sq-AL\"},{\"@type\":\"Organization\",\"@id\":\"https:\/\/visittrepca.com\/#organization\",\"name\":\"Visit Trepca\",\"url\":\"https:\/\/visittrepca.com\/\",\"logo\":{\"@type\":\"ImageObject\",\"inLanguage\":\"sq-AL\",\"@id\":\"https:\/\/visittrepca.com\/#\/schema\/logo\/image\/\",\"url\":\"https:\/\/visittrepca.com\/wp-content\/uploads\/2023\/02\/favicon-1.png\",\"contentUrl\":\"https:\/\/visittrepca.com\/wp-content\/uploads\/2023\/02\/favicon-1.png\",\"width\":258,\"height\":253,\"caption\":\"Visit Trepca\"},\"image\":{\"@id\":\"https:\/\/visittrepca.com\/#\/schema\/logo\/image\/\"},\"sameAs\":[\"https:\/\/www.facebook.com\/visittrepca\",\"https:\/\/www.instagram.com\/visittrepca\"]}]}<\/script>\n<!-- \/ Yoast SEO plugin. -->","yoast_head_json":{"title":"Inside Trepca Tour - Visit Trepca","robots":{"index":"index","follow":"follow","max-snippet":"max-snippet:-1","max-image-preview":"max-image-preview:large","max-video-preview":"max-video-preview:-1"},"canonical":"https:\/\/visittrepca.com\/sq\/inside-trepca-tour\/","og_locale":"sq_AL","og_type":"article","og_title":"Inside Trepca Tour - Visit Trepca","og_description":"[vc_row css=&#8221;.vc_custom_1674050806632{margin-bottom: 60px !important;}&#8221;][vc_column][vc_empty_space][vc_column_text] Overview Ky tur ofron nj\u00eb v\u00ebshtrim gjith\u00ebp\u00ebrfshir\u00ebs t\u00eb historis\u00eb dhe gjendjes aktuale t\u00eb minier\u00ebs s\u00eb Mitrovic\u00ebs, si dhe nj\u00eb mund\u00ebsi p\u00ebr t\u00eb p\u00ebrjetuar kultur\u00ebn dhe m\u00ebnyr\u00ebn e jetes\u00ebs lokale. S\u00eb pari, vizita fillon me Parkun Industrial Trep\u00e7a, i cili \u00ebsht\u00eb nj\u00eb kompleks [&hellip;]","og_url":"https:\/\/visittrepca.com\/sq\/inside-trepca-tour\/","og_site_name":"Visit Trepca","article_publisher":"https:\/\/www.facebook.com\/visittrepca","article_modified_time":"2023-12-08T09:43:05+00:00","twitter_card":"summary_large_image","twitter_misc":{"Est. reading time":"4 minutes"},"schema":{"@context":"https:\/\/schema.org","@graph":[{"@type":"WebPage","@id":"https:\/\/visittrepca.com\/sq\/inside-trepca-tour\/","url":"https:\/\/visittrepca.com\/sq\/inside-trepca-tour\/","name":"Inside Trepca Tour - Visit Trepca","isPartOf":{"@id":"https:\/\/visittrepca.com\/#website"},"datePublished":"2023-01-18T14:00:19+00:00","dateModified":"2023-12-08T09:43:05+00:00","breadcrumb":{"@id":"https:\/\/visittrepca.com\/sq\/inside-trepca-tour\/#breadcrumb"},"inLanguage":"sq-AL","potentialAction":[{"@type":"ReadAction","target":["https:\/\/visittrepca.com\/sq\/inside-trepca-tour\/"]}]},{"@type":"BreadcrumbList","@id":"https:\/\/visittrepca.com\/sq\/inside-trepca-tour\/#breadcrumb","itemListElement":[{"@type":"ListItem","position":1,"name":"Home","item":"https:\/\/visittrepca.com\/sq\/"},{"@type":"ListItem","position":2,"name":"Inside Trepca Tour"}]},{"@type":"WebSite","@id":"https:\/\/visittrepca.com\/#website","url":"https:\/\/visittrepca.com\/","name":"Visit Trepca","description":"","publisher":{"@id":"https:\/\/visittrepca.com\/#organization"},"potentialAction":[{"@type":"SearchAction","target":{"@type":"EntryPoint","urlTemplate":"https:\/\/visittrepca.com\/?s={search_term_string}"},"query-input":{"@type":"PropertyValueSpecification","valueRequired":true,"valueName":"search_term_string"}}],"inLanguage":"sq-AL"},{"@type":"Organization","@id":"https:\/\/visittrepca.com\/#organization","name":"Visit Trepca","url":"https:\/\/visittrepca.com\/","logo":{"@type":"ImageObject","inLanguage":"sq-AL","@id":"https:\/\/visittrepca.com\/#\/schema\/logo\/image\/","url":"https:\/\/visittrepca.com\/wp-content\/uploads\/2023\/02\/favicon-1.png","contentUrl":"https:\/\/visittrepca.com\/wp-content\/uploads\/2023\/02\/favicon-1.png","width":258,"height":253,"caption":"Visit Trepca"},"image":{"@id":"https:\/\/visittrepca.com\/#\/schema\/logo\/image\/"},"sameAs":["https:\/\/www.facebook.com\/visittrepca","https:\/\/www.instagram.com\/visittrepca"]}]}},"_links":{"self":[{"href":"https:\/\/visittrepca.com\/sq\/wp-json\/wp\/v2\/pages\/6049","targetHints":{"allow":["GET"]}}],"collection":[{"href":"https:\/\/visittrepca.com\/sq\/wp-json\/wp\/v2\/pages"}],"about":[{"href":"https:\/\/visittrepca.com\/sq\/wp-json\/wp\/v2\/types\/page"}],"author":[{"embeddable":true,"href":"https:\/\/visittrepca.com\/sq\/wp-json\/wp\/v2\/users\/1"}],"replies":[{"embeddable":true,"href":"https:\/\/visittrepca.com\/sq\/wp-json\/wp\/v2\/comments?post=6049"}],"version-history":[{"count":12,"href":"https:\/\/visittrepca.com\/sq\/wp-json\/wp\/v2\/pages\/6049\/revisions"}],"predecessor-version":[{"id":7161,"href":"https:\/\/visittrepca.com\/sq\/wp-json\/wp\/v2\/pages\/6049\/revisions\/7161"}],"wp:attachment":[{"href":"https:\/\/visittrepca.com\/sq\/wp-json\/wp\/v2\/media?parent=6049"}],"curies":[{"name":"wp","href":"https:\/\/api.w.org\/{rel}","templated":true}]}}