{"id":6052,"date":"2023-01-18T14:28:06","date_gmt":"2023-01-18T14:28:06","guid":{"rendered":"https:\/\/visittrepca.com\/outside-trepca-tour\/"},"modified":"2023-12-08T13:49:24","modified_gmt":"2023-12-08T13:49:24","slug":"outside-trepca-tour","status":"publish","type":"page","link":"https:\/\/visittrepca.com\/sq\/outside-trepca-tour\/","title":{"rendered":"Outside Trep\u00e7a Tour"},"content":{"rendered":"<p>[vc_row css=&#8221;.vc_custom_1674050806632{margin-bottom: 60px !important;}&#8221;][vc_column]<div class=\"mkdf-section-title-holder   mkdf-st-highlight mkdf-center-align\" style=\"text-align: center\">\n\t<div class=\"mkdf-st-inner\">\n\t\t\t\t\t\t\t<h2 class=\"mkdf-st-title\" >\n                            <span class=\"mkdf-st-highlight-title-holder\" style=\"color: #ace0c0\">\n                                                        <span class=\"mkdf-st-highlight-title\" style=\"color: #00ae42\">OUTside<\/span>\n                                                        <span class=\"mkdf-st-highlight\">\n                                                        <svg version=\"1.1\" xmlns=\"http:\/\/www.w3.org\/2000\/svg\" xmlns:xlink=\"http:\/\/www.w3.org\/1999\/xlink\" x=\"0px\" y=\"0px\" viewBox=\"0 0 15.7 30\" style=\"enable-background:new 0 0 15.7 30;\" xml:space=\"preserve\" class=\"mkdf-active-hover-left\"><polygon class=\"st0\" points=\"2.6,1 0.7,3.3 2,5.8 2.3,7.6 2.9,8.7 4.4,10.5 3.9,10.8 4.4,11.9 4.4,12.8 4.1,13.8 3.3,14.7 3.9,15.8 4.4,16.8 4,17.5 3.5,18.1 2.2,20.2 3.4,21.5 4.2,24.1 3.4,25.4 2.5,27.4 2.5,27.8 3.2,28.3 4.1,28.5 4.9,29 14.8,29 14.8,1 \"\/><\/svg>\n                                                        <span class=\"mkdf-active-hover-middle\"><\/span>\n                                                        <svg version=\"1.1\" xmlns=\"http:\/\/www.w3.org\/2000\/svg\" xmlns:xlink=\"http:\/\/www.w3.org\/1999\/xlink\" x=\"0px\" y=\"0px\" viewBox=\"0 0 13.3 30\" style=\"enable-background:new 0 0 13.3 30;\" xml:space=\"preserve\" class=\"mkdf-active-hover-right\"><polygon class=\"st0\" points=\"10,1 10.2,2.1 10.6,2.9 10.6,3.3 10.8,3.7 10.8,4.3 11,5 11,5.7 11,6.3 10.5,6.7 10.8,7.3 11,7.8 \t11.6,8.3 11.6,8.6 11.5,8.9 11.6,9.9 11.6,10.5 12.4,11.6 12.1,12 12.4,12.2 11.8,12.8 11.4,13.5 11.6,13.7 11.9,13.7 12,13.9 11.5,15.1 10.8,16 9.1,17.7 9.7,18.2 9.3,19 9.7,19.8 9.6,20.6 9.7,21.5 9.6,21.9 9.6,22.3 10.1,22.8 9.6,23.6 9.7,24 9.7,24.2 9.9,24.4 9.5,24.7 9.3,25.4 9.3,25.9 8.8,26.2 8.5,27.1 8.8,27.8 9.4,28.6 7.8,29 0.9,29 0.9,1 \"\/><\/svg>\n                                                        <\/span>\n                                                    <\/span> Trep\u00e7a            \t\t\t<\/h2>\n\t\t\t\t\t\t\t<\/div>\n<\/div>[vc_empty_space][vc_separator][vc_column_text]<\/p>\n<h4><b>Overview <\/b><\/h4>\n<p><span style=\"font-weight: 400;\">Ky tur ofron nj\u00eb eksplorim t\u00eb detajuar t\u00eb industris\u00eb minerare dhe historis\u00eb s\u00eb Mitrovic\u00ebs dhe nj\u00eb mund\u00ebsi p\u00ebr t\u00eb zbuluar pikat kryesore t\u00eb k\u00ebtij qyteti. Duke filluar nga Muzeu i Qytetit, do t\u00eb fitoni njohuri p\u00ebr historin\u00eb dhe kultur\u00ebn e rajonit, pastaj do t\u00eb vizitoni qendr\u00ebn e qytetit, nd\u00ebrtesat e trash\u00ebgimis\u00eb kulturore dhe ur\u00ebn simbolike q\u00eb p\u00ebrfaq\u00ebson t\u00eb kaluar\u00ebn dhe t\u00eb tashmen e ndar\u00eb t\u00eb Mitrovic\u00ebs. M\u00eb pas do t\u00eb vizitoni Monumentin e Minator\u00ebve, nj\u00eb simbol ikonik i pamjes panoramike t\u00eb Mitrovic\u00ebs, i vendosur n\u00eb Kodr\u00ebn e Minator\u00ebve. Pastaj do t\u00eb vizitoni Parkun Industrial Trep\u00e7a, Muzeun Komb\u00ebtar t\u00eb Kristaleve dhe Mineraleve dhe lagjen Stan T\u00ebrg. Turi vazhdon n\u00eb Muzeun e Isa Boletinit dhe Manastirin e Sokolic\u00ebs, ku vizitor\u00ebt mund t\u00eb shijojn\u00eb mjedisin e qet\u00eb dhe pamjet befasuese t\u00eb peizazhit. Turi p\u00ebrfundon me nj\u00eb vizit\u00eb n\u00eb fshatin piktoresk Vllahia dhe nj\u00eb vizit\u00eb n\u00eb Parkun e Er\u00ebs n\u00eb Bajgor\u00eb. N\u00eb p\u00ebrgjith\u00ebsi, ky turne ju ofron nj\u00eb p\u00ebrvoj\u00eb gjith\u00ebp\u00ebrfshir\u00ebse dhe t\u00ebrheq\u00ebse t\u00eb historis\u00eb s\u00eb Mitrovic\u00ebs, vendeve industriale, kultur\u00ebs dhe bukuris\u00eb natyrore.<\/span>[\/vc_column_text][\/vc_column][\/vc_row][vc_row el_id=&#8221;citymuseum&#8221; css=&#8221;.vc_custom_1674053518642{margin-top: 50px !important;}&#8221;][vc_column width=&#8221;1\/4&#8243;][vc_single_image image=&#8221;4017&#8243; img_size=&#8221;full&#8221;][\/vc_column][vc_column width=&#8221;3\/4&#8243;][vc_custom_heading text=&#8221;Muzeu i Qytetit&#8221;][vc_column_text]Muzeu i Mitrovic\u00ebs \u00ebsht\u00eb nj\u00ebri nd\u00ebr institucionet m\u00eb t\u00eb hershme kulturore n\u00eb qytetin e Mitovic\u00ebs i themeluar n\u00eb vitin 1952. P\u00ebrmban rreth 10.000 eksponate dhe artefakte t\u00eb ndryshme t\u00eb cilat i p\u00ebrkasin periudhave t\u00eb ndryshme historike. Fillimisht muzeu ishte i vendosur n\u00eb objektin e vjet\u00ebr t\u00eb komun\u00ebs, kurse n\u00eb vitin 1960 pun\u00ebn dhe veprimtarin\u00eb e tij e vazhdoi n\u00eb hamamin e vjet\u00ebr t\u00eb qytetit. Q\u00eb nga viti 2009 e deri m\u00eb sot, muzeu e ushtron veprimtarin\u00eb e tij n\u00eb ish-Sht\u00ebpin\u00eb e Armat\u00ebs ku ofrohen disa ekspozita permanente dhe t\u00eb p\u00ebrkohshme. Muzeu ka k\u00ebto sektore dhe koleksione: Sektorin e Arkeologjis\u00eb, Sektorin e Etnologjis\u00eb, Sektorin e Historis\u00eb, Sektorin e Gjeologjis\u00eb si dhe Koleksionin e\u00a0 Fosileve, Koleksionin e Numizmatik\u00ebs, Fototek\u00ebn, materiale dhe dokumente t\u00eb ndryshme, si dhe Sall\u00ebn e Multimedias si qasje interaktive me vizitor\u00eb dhe me komunitet.[\/vc_column_text][\/vc_column][\/vc_row][vc_row el_id=&#8221;ura&#8221; css=&#8221;.vc_custom_1674130214833{margin-top: 60px !important;}&#8221; el_class=&#8221;reversetourscol&#8221;][vc_column width=&#8221;2\/3&#8243;][vc_custom_heading text=&#8221;Ura&#8221;][vc_column_text]Ura e Mitrovic\u00ebs ose Ura e lumit Ib\u00ebr, \u00ebsht\u00eb nj\u00eb ur\u00eb me d\u00ebrrasa \u00e7eliku q\u00eb kalon lumin Ib\u00ebr n\u00eb Mitrovic\u00eb. Ura u rinovua n\u00eb vitin 2001 me ndihm\u00ebn e qeveris\u00eb franceze dhe shpesh quhet &#8220;Austerlitz&#8221; p\u00ebr shkak t\u00eb ngjashm\u00ebris\u00eb s\u00eb saj me Pont d&#8217;Austerlitz francez. \u00cbsht\u00eb nj\u00eb simbol ikon\u00eb i qytetit t\u00eb ndar\u00eb, pasi ndan dhe bashkon komunitetet kryesore, shqiptar\u00ebt n\u00eb jug dhe serb\u00ebt n\u00eb veri. Sot ura \u00ebsht\u00eb nj\u00eb pik\u00eb referimi e qytetit dhe \u00ebsht\u00eb e hapur p\u00ebr k\u00ebmb\u00ebsor\u00ebt.[\/vc_column_text][\/vc_column][vc_column width=&#8221;1\/3&#8243;][vc_single_image image=&#8221;4018&#8243; img_size=&#8221;full&#8221;][\/vc_column][\/vc_row][vc_row el_id=&#8221;minersmonument&#8221; css=&#8221;.vc_custom_1674053547350{margin-top: 60px !important;}&#8221;][vc_column width=&#8221;1\/4&#8243;][vc_single_image image=&#8221;4019&#8243; img_size=&#8221;full&#8221;][\/vc_column][vc_column width=&#8221;3\/4&#8243;][vc_custom_heading text=&#8221;Monumenti i Minator\u00ebve t\u00eb R\u00ebn\u00eb&#8221;][vc_column_text]<\/p>\n<div class=\"x11i5rnm xat24cr x1mh8g0r x1vvkbs xtlvy1s x126k92a\">\n<div dir=\"auto\">Ky monument ka nisur t\u00eb nd\u00ebrtohet n\u00eb vitin 1959 n\u00eb vendin e quajtur \u201cKodra e Minator\u00ebve\u201d dhe \u00ebsht\u00eb p\u00ebrfunduar n\u00eb vitin 1973. Monumenti i Minator\u00ebve t\u00eb r\u00ebn\u00eb \u00ebsht\u00eb nj\u00eb struktur\u00eb me madh\u00ebsi nga 19 metra, e p\u00ebrb\u00ebr\u00eb nga tri elemente, me dy shtylla masive prej betoni me pamje brutale q\u00eb mb\u00ebshtesin nj\u00eb bllok sip\u00ebr t\u00eb betonit t\u00eb stilizuar me simbolik\u00ebn e kov\u00ebs s\u00eb xeheve. Madh\u00ebsia e distanc\u00ebs nd\u00ebrmjet shtyllave \u00ebsht\u00eb 16 metra dhe lart\u00ebsia \u00ebsht\u00eb 18 metra. Motivi i shportave minerare, paraqet historin\u00eb nd\u00ebrshekuj t\u00eb gjat\u00eb t\u00eb minierave t\u00eb Trep\u00e7\u00ebs.<\/div>\n<\/div>\n<div class=\"x11i5rnm xat24cr x1mh8g0r x1vvkbs xtlvy1s x126k92a\">\n<div dir=\"auto\"><\/div>\n<\/div>\n<p>[\/vc_column_text][\/vc_column][\/vc_row][vc_row el_id=&#8221;ipoftrepca&#8221; css=&#8221;.vc_custom_1674130220963{margin-top: 60px !important;}&#8221; el_class=&#8221;reversetourscol&#8221;][vc_column width=&#8221;2\/3&#8243;][vc_custom_heading text=&#8221;Parku Industrial Trep\u00e7a&#8221;][vc_column_text]Parku Industrial i Trep\u00e7\u00ebs \u00ebsht\u00eb nj\u00eb vend i trash\u00ebgimis\u00eb historike dhe industriale q\u00eb gjendet n\u00eb Mitrovic\u00eb, i cili paraqet modernitetin e industris\u00eb s\u00eb Kosov\u00ebs. \u00cbsht\u00eb nj\u00eb nga komplekset industriale m\u00eb t\u00eb r\u00ebnd\u00ebsishme n\u00eb Ballkan dhe ka luajtur nj\u00eb rol t\u00eb r\u00ebnd\u00ebsish\u00ebm n\u00eb zhvillimin ekonomik t\u00eb rajonit. Parku Industrial p\u00ebrfshin\u00eb nj\u00eb gam\u00eb t\u00eb gjer\u00eb objektesh industriale si fabrik\u00ebn e par\u00eb t\u00eb baterive, bizneset private t\u00eb riciklimit, fabrikat e ish-fosfatit, termocentralet, si dhe nd\u00ebrtesat administrative dhe rezidenciale. Industria minerare ka pasur t\u00eb pun\u00ebsuar m\u00eb shum\u00eb se nj\u00ebzet mij\u00eb (20.000) pun\u00ebtor\u00eb dhe ka luajtur nj\u00eb rol ky\u00e7 n\u00eb ekonomin\u00eb e rajonit. Parku Industrial i Trep\u00e7\u00ebs \u00ebsht\u00eb unik p\u00ebr turist\u00ebt, duke treguar historin\u00eb e minierave t\u00eb rajonit dhe ndikimin n\u00eb komunitet.[\/vc_column_text][\/vc_column][vc_column width=&#8221;1\/3&#8243;][vc_single_image image=&#8221;5187&#8243; img_size=&#8221;full&#8221;][\/vc_column][\/vc_row][vc_row el_id=&#8221;museumofminerals&#8221; css=&#8221;.vc_custom_1674053559930{margin-top: 60px !important;}&#8221;][vc_column width=&#8221;1\/4&#8243;][vc_single_image image=&#8221;3996&#8243; img_size=&#8221;full&#8221;][\/vc_column][vc_column width=&#8221;3\/4&#8243;][vc_custom_heading text=&#8221;Muzeu Komb\u00ebtar i Kristaleve dhe Mineraleve&#8221;][vc_column_text]Muzeu Komb\u00ebtar i Kristaleve dhe Mineraleve gjendet n\u00eb qytetin e Mitrovic\u00ebs, Stan T\u00ebrg. Muzeu p\u00ebrmban nj\u00eb gam\u00eb t\u00eb gjer\u00eb ekspozitash, duke p\u00ebrfshir\u00eb minerale, pajisje minerare dhe artefakte, si dhe nj\u00eb pasqyr\u00eb historike t\u00eb industris\u00eb minerare n\u00eb Kosov\u00eb. Nj\u00eb nga karakeristikat e muzeut \u00ebsht\u00eb koleksioni i mineraleve dhe kristaleve. K\u00ebto koleksione p\u00ebrfshijn\u00eb nj\u00eb gam\u00eb t\u00eb larmishme ekzemplar\u00ebsh, si disa nga mineralet m\u00eb t\u00eb rralla t\u00eb gjetura n\u00eb vend, si dhe disa nga kristalet m\u00eb t\u00eb m\u00ebdha dhe m\u00eb t\u00eb bukura t\u00eb ekspozuara. Vizitor\u00ebt mund t\u00eb shohin gjithashtu nj\u00eb hart\u00eb me shtresa t\u00eb minier\u00ebs s\u00eb Trep\u00e7\u00ebs dhe 11 horizonteve t\u00eb saj.[\/vc_column_text][\/vc_column][\/vc_row][vc_row el_id=&#8221;stantergg&#8221; css=&#8221;.vc_custom_1674130227321{margin-top: 60px !important;}&#8221; el_class=&#8221;reversetourscol&#8221;][vc_column width=&#8221;2\/3&#8243;][vc_custom_heading text=&#8221;Stan T\u00ebrg&#8221;][vc_column_text]Stan T\u00ebrgu \u00ebsht\u00eb nj\u00eb vendbanim i vog\u00ebl q\u00eb gjendet n\u00eb komun\u00ebn e Mitrovic\u00ebs. Stan T\u00ebrgu u nd\u00ebrtua kryesisht p\u00ebr t\u00eb mb\u00ebshtetur operacionet e minierave n\u00eb minierat e Trep\u00e7\u00ebs. \u00cbsht\u00eb nd\u00ebrtuar n\u00eb vitet 1930 me nj\u00eb infrastruktur\u00eb t\u00eb stilit britanez. Infrastruktura e vendbanimit u zhvillua gradualisht me kalimin e koh\u00ebs. Ka pasur pak investime n\u00eb infrastruktur\u00eb q\u00eb nga p\u00ebrfundimi i luft\u00ebs dhe si pasoj\u00eb, shum\u00eb prej nd\u00ebrtesave dhe objekteve n\u00eb dit\u00ebt e sotme jan\u00eb rr\u00ebnuar.[\/vc_column_text][\/vc_column][vc_column width=&#8221;1\/3&#8243;][vc_gallery interval=&#8221;3&#8243; images=&#8221;4022&#8243; img_size=&#8221;full&#8221;][\/vc_column][\/vc_row][vc_row el_id=&#8221;bajgore&#8221; css=&#8221;.vc_custom_1674053572171{margin-top: 60px !important;}&#8221;][vc_column width=&#8221;1\/4&#8243;][vc_single_image image=&#8221;4023&#8243; img_size=&#8221;full&#8221;][\/vc_column][vc_column width=&#8221;3\/4&#8243;][vc_custom_heading text=&#8221;Bajgora&#8221;][vc_column_text]Bajgora \u00ebsht\u00eb nj\u00eb fshat q\u00eb gjendet n\u00eb komun\u00ebn e Mitrovic\u00ebs. Pika m\u00eb e lart\u00eb mb\u00ebrrin deri n\u00eb 1789 m. Sipas regjistrimit t\u00eb vitit 2011 kishte 1098 banor\u00eb, t\u00eb gjith\u00eb shqiptar\u00eb. \u00cbsht\u00eb pjes\u00eb e rajonit t\u00eb njohur si Shala e Bajgor\u00ebs. Koh\u00ebt e fundit ka pasur nj\u00eb rritje t\u00eb turist\u00ebve p\u00ebr shkak t\u00eb montimit t\u00eb nj\u00eb fushe t\u00eb madhe me turbina me er\u00eb. Ka nisma t\u00eb reja p\u00ebr t\u00eb nd\u00ebrtuar vila private dhe p\u00ebr t\u00eb sh\u00ebnuar shtigje ecjeje. Bajgora \u00ebsht\u00eb nj\u00eb vend i mrekulluesh\u00ebm p\u00ebr aventura t\u00eb buta n\u00eb natyr\u00eb dhe p\u00ebrvoja me paragliding.[\/vc_column_text][\/vc_column][\/vc_row][vc_row el_id=&#8221;boletin&#8221; css=&#8221;.vc_custom_1674130231848{margin-top: 60px !important;}&#8221; el_class=&#8221;reversetourscol&#8221;][vc_column width=&#8221;2\/3&#8243;][vc_custom_heading text=&#8221;Boletini&#8221;][vc_column_text]Kompleksi i kullave t\u00eb Boletinit n\u00eb fshatin Boletin t\u00eb komun\u00ebs s\u00eb Zve\u00e7anit. Kulla e Isa Boletinit u ngrit n\u00eb fund t\u00eb shekullit t\u00eb XIX-t\u00eb nga dora e njeriut dhe n\u00eb nj\u00eb proces kronologjik t\u00eb p\u00ebrshtatur me mjedisin, tani sh\u00ebrben si nj\u00eb muze i vog\u00ebl, i cili vizitohet nga mij\u00ebra qytetar\u00eb kryesisht shqiptar\u00eb nga e gjith\u00eb bota.[\/vc_column_text][\/vc_column][vc_column width=&#8221;1\/3&#8243;][vc_single_image image=&#8221;4024&#8243; img_size=&#8221;full&#8221;][\/vc_column][\/vc_row][vc_row el_id=&#8221;sokolicamonastery&#8221; css=&#8221;.vc_custom_1674053584342{margin-top: 60px !important;}&#8221;][vc_column width=&#8221;1\/4&#8243;][vc_single_image image=&#8221;4025&#8243; img_size=&#8221;full&#8221;][\/vc_column][vc_column width=&#8221;3\/4&#8243;][vc_custom_heading text=&#8221;Manastiri i Sokolic\u00ebs&#8221;][vc_column_text]Manastiri i Sokolic\u00ebs n\u00eb Mitrovic\u00eb \u00ebsht\u00eb vend historik dhe fetar. Daton q\u00eb nga shekulli XIV-t\u00eb dhe shfaq arkitektur\u00ebn mesjetare bizantine. I ngritur n\u00eb mjedis t\u00eb qet\u00eb malor, me kish\u00ebn n\u00eb qend\u00ebr t\u00eb manastirit, muret e fortifikuara dhe pjes\u00ebt p\u00ebr banim tregojn\u00eb mjesht\u00ebri t\u00eb papar\u00eb nd\u00ebrtimi. Vizitor\u00ebt t\u00ebrhiqen nga ambienti i qet\u00eb dhe afresket mahnit\u00ebse q\u00eb paraqesin shkrime biblike. Me histori t\u00eb pasur me r\u00ebnd\u00ebsi shpirt\u00ebrore, Manastiri i Sokolic\u00ebs jep v\u00ebshtrim magjeps\u00ebs n\u00eb t\u00eb kaluar\u00ebn dhe ofron streh\u00eb p\u00ebr meditim t\u00eb thell\u00eb.[\/vc_column_text][\/vc_column][\/vc_row][vc_row css=&#8221;.vc_custom_1674050806632{margin-bottom: 60px !important;}&#8221;][vc_column][vc_separator][vc_column_text]<\/p>\n<h4><b>\u00c7ka p\u00ebrfshihet?<\/b><\/h4>\n<ul>\n<li style=\"font-weight: 400;\" aria-level=\"1\"><span style=\"font-weight: 400;\">Udh\u00ebrr\u00ebfyes turistik lokal<\/span><\/li>\n<li style=\"font-weight: 400;\" aria-level=\"1\"><span style=\"font-weight: 400;\">Transporti<\/span><\/li>\n<li style=\"font-weight: 400;\" aria-level=\"1\"><span style=\"font-weight: 400;\">Vizita n\u00eb pjes\u00ebn veriore t\u00eb Mitrovic\u00ebs<\/span><\/li>\n<li style=\"font-weight: 400;\" aria-level=\"1\"><span style=\"font-weight: 400;\">Hyrja n\u00eb: Muzeun Komb\u00ebtar t\u00eb Kristaleve dhe Mineraleve, Muzeun e Qytetit t\u00eb Mitrovic\u00ebs, Muzeun Isa Boletini dhe Manastirin e Sokolic\u00ebs<\/span><\/li>\n<li style=\"font-weight: 400;\" aria-level=\"1\"><span style=\"font-weight: 400;\">Dreka tradicionale me opsione t\u00eb mundshme vegjetariane<\/span><\/li>\n<li style=\"font-weight: 400;\" aria-level=\"1\"><span style=\"font-weight: 400;\">Suvenire (kartolina dhe kristale)<\/span><\/li>\n<\/ul>\n<h4><b>Tur m\u00eb i zgjeruar<\/b><\/h4>\n<ul>\n<li style=\"font-weight: 400;\" aria-level=\"1\"><span style=\"font-weight: 400;\">Purple Tour<\/span><\/li>\n<\/ul>\n<p>[\/vc_column_text][\/vc_column][\/vc_row]<\/p>\n","protected":false},"excerpt":{"rendered":"<p>[vc_row css=&#8221;.vc_custom_1674050806632{margin-bottom: 60px !important;}&#8221;][vc_column][vc_empty_space][vc_separator][vc_column_text] Overview Ky tur ofron nj\u00eb eksplorim t\u00eb detajuar t\u00eb industris\u00eb minerare dhe historis\u00eb s\u00eb Mitrovic\u00ebs dhe nj\u00eb mund\u00ebsi p\u00ebr t\u00eb zbuluar pikat kryesore t\u00eb k\u00ebtij qyteti. Duke filluar nga Muzeu i Qytetit, do t\u00eb fitoni njohuri p\u00ebr historin\u00eb dhe kultur\u00ebn e rajonit, [&hellip;]<\/p>\n","protected":false},"author":1,"featured_media":0,"parent":0,"menu_order":0,"comment_status":"closed","ping_status":"closed","template":"","meta":{"footnotes":""},"class_list":["post-6052","page","type-page","status-publish","hentry"],"yoast_head":"<!-- This site is optimized with the Yoast SEO plugin v24.2 - https:\/\/yoast.com\/wordpress\/plugins\/seo\/ -->\n<title>Outside Trep\u00e7a Tour - Visit Trepca<\/title>\n<meta name=\"robots\" content=\"index, follow, max-snippet:-1, max-image-preview:large, max-video-preview:-1\" \/>\n<link rel=\"canonical\" href=\"https:\/\/visittrepca.com\/sq\/outside-trepca-tour\/\" \/>\n<meta property=\"og:locale\" content=\"sq_AL\" \/>\n<meta property=\"og:type\" content=\"article\" \/>\n<meta property=\"og:title\" content=\"Outside Trep\u00e7a Tour - Visit Trepca\" \/>\n<meta property=\"og:description\" content=\"[vc_row css=&#8221;.vc_custom_1674050806632{margin-bottom: 60px !important;}&#8221;][vc_column][vc_empty_space][vc_separator][vc_column_text] Overview Ky tur ofron nj\u00eb eksplorim t\u00eb detajuar t\u00eb industris\u00eb minerare dhe historis\u00eb s\u00eb Mitrovic\u00ebs dhe nj\u00eb mund\u00ebsi p\u00ebr t\u00eb zbuluar pikat kryesore t\u00eb k\u00ebtij qyteti. Duke filluar nga Muzeu i Qytetit, do t\u00eb fitoni njohuri p\u00ebr historin\u00eb dhe kultur\u00ebn e rajonit, [&hellip;]\" \/>\n<meta property=\"og:url\" content=\"https:\/\/visittrepca.com\/sq\/outside-trepca-tour\/\" \/>\n<meta property=\"og:site_name\" content=\"Visit Trepca\" \/>\n<meta property=\"article:publisher\" content=\"https:\/\/www.facebook.com\/visittrepca\" \/>\n<meta property=\"article:modified_time\" content=\"2023-12-08T13:49:24+00:00\" \/>\n<meta name=\"twitter:card\" content=\"summary_large_image\" \/>\n<meta name=\"twitter:label1\" content=\"Est. reading time\" \/>\n\t<meta name=\"twitter:data1\" content=\"6 minutes\" \/>\n<script type=\"application\/ld+json\" class=\"yoast-schema-graph\">{\"@context\":\"https:\/\/schema.org\",\"@graph\":[{\"@type\":\"WebPage\",\"@id\":\"https:\/\/visittrepca.com\/sq\/outside-trepca-tour\/\",\"url\":\"https:\/\/visittrepca.com\/sq\/outside-trepca-tour\/\",\"name\":\"Outside Trep\u00e7a Tour - Visit Trepca\",\"isPartOf\":{\"@id\":\"https:\/\/visittrepca.com\/#website\"},\"datePublished\":\"2023-01-18T14:28:06+00:00\",\"dateModified\":\"2023-12-08T13:49:24+00:00\",\"breadcrumb\":{\"@id\":\"https:\/\/visittrepca.com\/sq\/outside-trepca-tour\/#breadcrumb\"},\"inLanguage\":\"sq-AL\",\"potentialAction\":[{\"@type\":\"ReadAction\",\"target\":[\"https:\/\/visittrepca.com\/sq\/outside-trepca-tour\/\"]}]},{\"@type\":\"BreadcrumbList\",\"@id\":\"https:\/\/visittrepca.com\/sq\/outside-trepca-tour\/#breadcrumb\",\"itemListElement\":[{\"@type\":\"ListItem\",\"position\":1,\"name\":\"Home\",\"item\":\"https:\/\/visittrepca.com\/sq\/\"},{\"@type\":\"ListItem\",\"position\":2,\"name\":\"Outside Trep\u00e7a Tour\"}]},{\"@type\":\"WebSite\",\"@id\":\"https:\/\/visittrepca.com\/#website\",\"url\":\"https:\/\/visittrepca.com\/\",\"name\":\"Visit Trepca\",\"description\":\"\",\"publisher\":{\"@id\":\"https:\/\/visittrepca.com\/#organization\"},\"potentialAction\":[{\"@type\":\"SearchAction\",\"target\":{\"@type\":\"EntryPoint\",\"urlTemplate\":\"https:\/\/visittrepca.com\/?s={search_term_string}\"},\"query-input\":{\"@type\":\"PropertyValueSpecification\",\"valueRequired\":true,\"valueName\":\"search_term_string\"}}],\"inLanguage\":\"sq-AL\"},{\"@type\":\"Organization\",\"@id\":\"https:\/\/visittrepca.com\/#organization\",\"name\":\"Visit Trepca\",\"url\":\"https:\/\/visittrepca.com\/\",\"logo\":{\"@type\":\"ImageObject\",\"inLanguage\":\"sq-AL\",\"@id\":\"https:\/\/visittrepca.com\/#\/schema\/logo\/image\/\",\"url\":\"https:\/\/visittrepca.com\/wp-content\/uploads\/2023\/02\/favicon-1.png\",\"contentUrl\":\"https:\/\/visittrepca.com\/wp-content\/uploads\/2023\/02\/favicon-1.png\",\"width\":258,\"height\":253,\"caption\":\"Visit Trepca\"},\"image\":{\"@id\":\"https:\/\/visittrepca.com\/#\/schema\/logo\/image\/\"},\"sameAs\":[\"https:\/\/www.facebook.com\/visittrepca\",\"https:\/\/www.instagram.com\/visittrepca\"]}]}<\/script>\n<!-- \/ Yoast SEO plugin. -->","yoast_head_json":{"title":"Outside Trep\u00e7a Tour - Visit Trepca","robots":{"index":"index","follow":"follow","max-snippet":"max-snippet:-1","max-image-preview":"max-image-preview:large","max-video-preview":"max-video-preview:-1"},"canonical":"https:\/\/visittrepca.com\/sq\/outside-trepca-tour\/","og_locale":"sq_AL","og_type":"article","og_title":"Outside Trep\u00e7a Tour - Visit Trepca","og_description":"[vc_row css=&#8221;.vc_custom_1674050806632{margin-bottom: 60px !important;}&#8221;][vc_column][vc_empty_space][vc_separator][vc_column_text] Overview Ky tur ofron nj\u00eb eksplorim t\u00eb detajuar t\u00eb industris\u00eb minerare dhe historis\u00eb s\u00eb Mitrovic\u00ebs dhe nj\u00eb mund\u00ebsi p\u00ebr t\u00eb zbuluar pikat kryesore t\u00eb k\u00ebtij qyteti. Duke filluar nga Muzeu i Qytetit, do t\u00eb fitoni njohuri p\u00ebr historin\u00eb dhe kultur\u00ebn e rajonit, [&hellip;]","og_url":"https:\/\/visittrepca.com\/sq\/outside-trepca-tour\/","og_site_name":"Visit Trepca","article_publisher":"https:\/\/www.facebook.com\/visittrepca","article_modified_time":"2023-12-08T13:49:24+00:00","twitter_card":"summary_large_image","twitter_misc":{"Est. reading time":"6 minutes"},"schema":{"@context":"https:\/\/schema.org","@graph":[{"@type":"WebPage","@id":"https:\/\/visittrepca.com\/sq\/outside-trepca-tour\/","url":"https:\/\/visittrepca.com\/sq\/outside-trepca-tour\/","name":"Outside Trep\u00e7a Tour - Visit Trepca","isPartOf":{"@id":"https:\/\/visittrepca.com\/#website"},"datePublished":"2023-01-18T14:28:06+00:00","dateModified":"2023-12-08T13:49:24+00:00","breadcrumb":{"@id":"https:\/\/visittrepca.com\/sq\/outside-trepca-tour\/#breadcrumb"},"inLanguage":"sq-AL","potentialAction":[{"@type":"ReadAction","target":["https:\/\/visittrepca.com\/sq\/outside-trepca-tour\/"]}]},{"@type":"BreadcrumbList","@id":"https:\/\/visittrepca.com\/sq\/outside-trepca-tour\/#breadcrumb","itemListElement":[{"@type":"ListItem","position":1,"name":"Home","item":"https:\/\/visittrepca.com\/sq\/"},{"@type":"ListItem","position":2,"name":"Outside Trep\u00e7a Tour"}]},{"@type":"WebSite","@id":"https:\/\/visittrepca.com\/#website","url":"https:\/\/visittrepca.com\/","name":"Visit Trepca","description":"","publisher":{"@id":"https:\/\/visittrepca.com\/#organization"},"potentialAction":[{"@type":"SearchAction","target":{"@type":"EntryPoint","urlTemplate":"https:\/\/visittrepca.com\/?s={search_term_string}"},"query-input":{"@type":"PropertyValueSpecification","valueRequired":true,"valueName":"search_term_string"}}],"inLanguage":"sq-AL"},{"@type":"Organization","@id":"https:\/\/visittrepca.com\/#organization","name":"Visit Trepca","url":"https:\/\/visittrepca.com\/","logo":{"@type":"ImageObject","inLanguage":"sq-AL","@id":"https:\/\/visittrepca.com\/#\/schema\/logo\/image\/","url":"https:\/\/visittrepca.com\/wp-content\/uploads\/2023\/02\/favicon-1.png","contentUrl":"https:\/\/visittrepca.com\/wp-content\/uploads\/2023\/02\/favicon-1.png","width":258,"height":253,"caption":"Visit Trepca"},"image":{"@id":"https:\/\/visittrepca.com\/#\/schema\/logo\/image\/"},"sameAs":["https:\/\/www.facebook.com\/visittrepca","https:\/\/www.instagram.com\/visittrepca"]}]}},"_links":{"self":[{"href":"https:\/\/visittrepca.com\/sq\/wp-json\/wp\/v2\/pages\/6052","targetHints":{"allow":["GET"]}}],"collection":[{"href":"https:\/\/visittrepca.com\/sq\/wp-json\/wp\/v2\/pages"}],"about":[{"href":"https:\/\/visittrepca.com\/sq\/wp-json\/wp\/v2\/types\/page"}],"author":[{"embeddable":true,"href":"https:\/\/visittrepca.com\/sq\/wp-json\/wp\/v2\/users\/1"}],"replies":[{"embeddable":true,"href":"https:\/\/visittrepca.com\/sq\/wp-json\/wp\/v2\/comments?post=6052"}],"version-history":[{"count":13,"href":"https:\/\/visittrepca.com\/sq\/wp-json\/wp\/v2\/pages\/6052\/revisions"}],"predecessor-version":[{"id":7166,"href":"https:\/\/visittrepca.com\/sq\/wp-json\/wp\/v2\/pages\/6052\/revisions\/7166"}],"wp:attachment":[{"href":"https:\/\/visittrepca.com\/sq\/wp-json\/wp\/v2\/media?parent=6052"}],"curies":[{"name":"wp","href":"https:\/\/api.w.org\/{rel}","templated":true}]}}