{"id":6209,"date":"2023-01-18T15:05:02","date_gmt":"2023-01-18T15:05:02","guid":{"rendered":"https:\/\/visittrepca.com\/purple-tour\/"},"modified":"2023-12-08T14:07:18","modified_gmt":"2023-12-08T14:07:18","slug":"purple-tour","status":"publish","type":"page","link":"https:\/\/visittrepca.com\/sq\/purple-tour\/","title":{"rendered":"Purple Tour"},"content":{"rendered":"<p>[vc_row css=&#8221;.vc_custom_1674050806632{margin-bottom: 60px !important;}&#8221;][vc_column]<div class=\"mkdf-section-title-holder   mkdf-st-highlight mkdf-center-align\" style=\"text-align: center\">\n\t<div class=\"mkdf-st-inner\">\n\t\t\t\t\t\t\t<h2 class=\"mkdf-st-title\" >\n                            <span class=\"mkdf-st-highlight-title-holder\" style=\"color: #c4aee2\">\n                                                        <span class=\"mkdf-st-highlight-title\" style=\"color: #cf00ea\">Purple<\/span>\n                                                        <span class=\"mkdf-st-highlight\">\n                                                        <svg version=\"1.1\" xmlns=\"http:\/\/www.w3.org\/2000\/svg\" xmlns:xlink=\"http:\/\/www.w3.org\/1999\/xlink\" x=\"0px\" y=\"0px\" viewBox=\"0 0 15.7 30\" style=\"enable-background:new 0 0 15.7 30;\" xml:space=\"preserve\" class=\"mkdf-active-hover-left\"><polygon class=\"st0\" points=\"2.6,1 0.7,3.3 2,5.8 2.3,7.6 2.9,8.7 4.4,10.5 3.9,10.8 4.4,11.9 4.4,12.8 4.1,13.8 3.3,14.7 3.9,15.8 4.4,16.8 4,17.5 3.5,18.1 2.2,20.2 3.4,21.5 4.2,24.1 3.4,25.4 2.5,27.4 2.5,27.8 3.2,28.3 4.1,28.5 4.9,29 14.8,29 14.8,1 \"\/><\/svg>\n                                                        <span class=\"mkdf-active-hover-middle\"><\/span>\n                                                        <svg version=\"1.1\" xmlns=\"http:\/\/www.w3.org\/2000\/svg\" xmlns:xlink=\"http:\/\/www.w3.org\/1999\/xlink\" x=\"0px\" y=\"0px\" viewBox=\"0 0 13.3 30\" style=\"enable-background:new 0 0 13.3 30;\" xml:space=\"preserve\" class=\"mkdf-active-hover-right\"><polygon class=\"st0\" points=\"10,1 10.2,2.1 10.6,2.9 10.6,3.3 10.8,3.7 10.8,4.3 11,5 11,5.7 11,6.3 10.5,6.7 10.8,7.3 11,7.8 \t11.6,8.3 11.6,8.6 11.5,8.9 11.6,9.9 11.6,10.5 12.4,11.6 12.1,12 12.4,12.2 11.8,12.8 11.4,13.5 11.6,13.7 11.9,13.7 12,13.9 11.5,15.1 10.8,16 9.1,17.7 9.7,18.2 9.3,19 9.7,19.8 9.6,20.6 9.7,21.5 9.6,21.9 9.6,22.3 10.1,22.8 9.6,23.6 9.7,24 9.7,24.2 9.9,24.4 9.5,24.7 9.3,25.4 9.3,25.9 8.8,26.2 8.5,27.1 8.8,27.8 9.4,28.6 7.8,29 0.9,29 0.9,1 \"\/><\/svg>\n                                                        <\/span>\n                                                    <\/span> Tour            \t\t\t<\/h2>\n\t\t\t\t\t\t\t<\/div>\n<\/div>[vc_column_text]<\/p>\n<h2><b>Overview <\/b><\/h2>\n<p><span style=\"font-weight: 400;\">N\u00eb dit\u00ebn e par\u00eb t\u00eb k\u00ebtij turi ju do t\u00eb eksploroni historin\u00eb dhe kultur\u00ebn e pasur t\u00eb Mitrovic\u00ebs, duke filluar me Muzeun e Qytetit, Ur\u00ebn ikonike t\u00eb Ibrit, Monumentin e Minator\u00ebve n\u00eb Kodr\u00ebn e Minator\u00ebve, Parkun Industrial Trep\u00e7a, Muzeun Komb\u00ebtar t\u00eb Kristaleve dhe Mineraleve dhe lagjen Stant\u00ebrg. M\u00eb pas, turi do t\u00eb vazhdoj p\u00ebr n\u00eb Vushtrri, nj\u00eb qytet antik i njohur si Vicianum. Dita e par\u00eb e k\u00ebtij udh\u00ebtimi mbyllet me nj\u00eb q\u00ebndrim nate n\u00eb Prishtin\u00eb e t\u00eb p\u00ebrjetoni jet\u00ebn e nat\u00ebs. Dita e dyt\u00eb fillon me nj\u00eb vizit\u00eb n\u00eb lokalitetin arkeologjik t\u00eb Ulpian\u00ebs, nj\u00eb qytet antik romak i vendosur pak jasht\u00eb Prishtin\u00ebs, p\u00ebr t\u00eb vazhduar n\u00eb Manastirin e Gra\u00e7anic\u00ebs. Turi do t\u00eb vazhdoj deri n\u00eb minier\u00ebn e Kishnic\u00ebs dhe m\u00eb pas do t\u00eb p\u00ebrfundoj n\u00eb Artan\u00eb, ku do t\u00eb m\u00ebsoni historin\u00eb e pasur dhe trash\u00ebgimin\u00eb e larmishme kulturore t\u00eb k\u00ebtij qyteti. N\u00eb p\u00ebrgjith\u00ebsi, ky udh\u00ebtim ju ofron nj\u00eb mund\u00ebsi ideale p\u00ebr t\u00eb par\u00eb se si minierat e Kosov\u00ebs kan\u00eb l\u00ebn\u00eb nj\u00eb ndikim t\u00eb thell\u00eb n\u00eb trash\u00ebgimin\u00eb kulturore t\u00eb rajonit, dhe gjithashtu kan\u00eb ndikuar n\u00eb dinamik\u00ebn socio-ekonomike dhe shprehjet kulturore te komunitetet lokale.<\/span>[\/vc_column_text][vc_empty_space][vc_separator][\/vc_column][\/vc_row][vc_row el_id=&#8221;mitrovica&#8221; css=&#8221;.vc_custom_1674054236361{margin-top: 50px !important;}&#8221;][vc_column width=&#8221;2\/3&#8243;][vc_custom_heading text=&#8221;Mitrovica&#8221;][vc_column_text]Mitrovica \u00ebsht\u00eb nj\u00eb qytet i kontrasteve, q\u00eb ofron nj\u00eb p\u00ebrzierje unike t\u00eb kulturave, historis\u00eb, trash\u00ebgimis\u00eb industriale dhe bukuris\u00eb natyrore. Vizitor\u00ebt mund t\u00eb eksplorojn\u00eb kompleksin mbres\u00ebl\u00ebn\u00ebs t\u00eb minierave Trep\u00e7a n\u00eb an\u00ebn veriore, duke shijuar gjithashtu sken\u00ebn e gjall\u00eb t\u00eb artit dhe muzik\u00ebs dhe ngjarjet dhe festivalet kulturore. \u00cbsht\u00eb i njohur p\u00ebr ur\u00ebn q\u00eb ndan komunitetet dhe si nj\u00eb qytet q\u00eb ka tre ose kat\u00ebr lumenj. Meqen\u00ebse ishte nj\u00eb qytet industrial, jeta kulturore u zhvillua me fokus n\u00eb muzik\u00ebn rock dhe xhaz. N\u00eb Mitrovic\u00eb, ju mund t\u00eb vizitoni Muzeun e Qytetit i cili ka nj\u00eb narrativ\u00eb t\u00eb pasur dhe nj\u00eb shum\u00ebllojshm\u00ebri sektor\u00ebsh\/artefaktesh. Nd\u00ebrsa n\u00eb veri t\u00eb Mitrovic\u00ebs mund t\u00eb vizitoni Kodr\u00ebn e Minatorit dhe k\u00ebshtjell\u00ebn antike t\u00eb Zve\u00e7anit.[\/vc_column_text][\/vc_column][vc_column width=&#8221;1\/3&#8243;][vc_single_image image=&#8221;4026&#8243; img_size=&#8221;full&#8221;][\/vc_column][\/vc_row][vc_row el_id=&#8221;trepca1&#8243; css=&#8221;.vc_custom_1674130395925{margin-top: 60px !important;}&#8221; el_class=&#8221;reversetourscol&#8221;][vc_column width=&#8221;1\/4&#8243;][vc_single_image image=&#8221;5187&#8243; img_size=&#8221;full&#8221;][\/vc_column][vc_column width=&#8221;3\/4&#8243;][vc_custom_heading text=&#8221;Parku Industrial Trep\u00e7a&#8221;][vc_column_text]Parku Industrial i Trep\u00e7\u00ebs \u00ebsht\u00eb nj\u00eb vend i trash\u00ebgimis\u00eb historike dhe industriale q\u00eb gjendet n\u00eb Mitrovic\u00eb, i cili paraqet modernitetin e industris\u00eb s\u00eb Kosov\u00ebs. \u00cbsht\u00eb nj\u00eb nga komplekset industriale m\u00eb t\u00eb r\u00ebnd\u00ebsishme n\u00eb Ballkan dhe ka luajtur nj\u00eb rol t\u00eb r\u00ebnd\u00ebsish\u00ebm n\u00eb zhvillimin ekonomik t\u00eb rajonit. Parku Industrial p\u00ebrfshin\u00eb nj\u00eb gam\u00eb t\u00eb gjer\u00eb objektesh industriale si fabrik\u00ebn e par\u00eb t\u00eb baterive, bizneset private t\u00eb riciklimit, fabrikat e ish-fosfatit, termocentralet, si dhe nd\u00ebrtesat administrative dhe rezidenciale. Industria minerare ka pasur t\u00eb pun\u00ebsuar m\u00eb shum\u00eb se nj\u00ebzet mij\u00eb (20.000) pun\u00ebtor\u00eb dhe ka luajtur nj\u00eb rol ky\u00e7 n\u00eb ekonomin\u00eb e rajonit. Parku Industrial i Trep\u00e7\u00ebs \u00ebsht\u00eb unik p\u00ebr turist\u00ebt, duke treguar historin\u00eb e minierave t\u00eb rajonit dhe ndikimin n\u00eb komunitet.[\/vc_column_text][\/vc_column][\/vc_row][vc_row el_id=&#8221;vicianum&#8221; css=&#8221;.vc_custom_1674054403135{margin-top: 60px !important;}&#8221;][vc_column width=&#8221;2\/3&#8243;][vc_custom_heading text=&#8221;Vushtrri&#8221;][vc_column_text]Qyteti i Vushtrris\u00eb, i njohur edhe si Vicianum, \u00ebsht\u00eb nj\u00eb qytet me nj\u00eb histori t\u00eb pasur dhe t\u00eb larmishme. Nga rr\u00ebnojat e lashta te kishat mesjetare, hamami dhe nj\u00eb ur\u00eb, qyteti \u00ebsht\u00eb &#8216;sht\u00ebpi&#8217; e nj\u00eb s\u00ebr\u00eb vendesh historike q\u00eb ofrojn\u00eb nj\u00eb v\u00ebshtrim n\u00eb t\u00eb kaluar\u00ebn. Pavar\u00ebsisht n\u00ebse jeni t\u00eb interesuar p\u00ebr historin\u00eb, natyr\u00ebn, kultur\u00ebn ose kombinimin e t\u00eb trijave, Vushtrria \u00ebsht\u00eb nj\u00eb qytet q\u00eb ofron nj\u00eb p\u00ebrzierje unike t\u00eb k\u00ebtyre p\u00ebrvojave. \u00cbsht\u00eb nj\u00eb qytet ku mund t\u00eb zhytesh n\u00eb t\u00eb kaluar\u00ebn e tij t\u00eb pasur dhe t\u00eb zbulosh t\u00eb tashmen e tij t\u00eb gjall\u00eb.[\/vc_column_text][\/vc_column][vc_column width=&#8221;1\/3&#8243;][vc_single_image image=&#8221;4028&#8243; img_size=&#8221;full&#8221;][\/vc_column][\/vc_row][vc_row el_id=&#8221;prishtina&#8221; css=&#8221;.vc_custom_1674054629468{margin-top: 60px !important;}&#8221;][vc_column width=&#8221;1\/4&#8243;][vc_single_image image=&#8221;4005&#8243; img_size=&#8221;full&#8221;][\/vc_column][vc_column width=&#8221;3\/4&#8243;][vc_custom_heading text=&#8221;Prishtina&#8221;][vc_column_text]Prishtina \u00ebsht\u00eb nj\u00eb qytet i surprizave, duke kombinuar trash\u00ebgimin\u00eb kulturore tradicionale, zhvillimet moderne dhe nj\u00eb popullsi t\u00eb larmishme, dhe plot rini duke e b\u00ebr\u00eb at\u00eb nj\u00eb destinacion unik p\u00ebr t&#8217;u zbuluar nga vizitor\u00ebt. Historia e tij e pasur, artet dhe skena e gjall\u00eb e muzik\u00ebs, ushqimi i shijsh\u00ebm dhe ofertat e ndryshme kulturore e b\u00ebjn\u00eb at\u00eb nj\u00eb vend ideal p\u00ebr nj\u00eb qytet plot surpriza. Qyteti \u00ebsht\u00eb gjithashtu sht\u00ebpia e nj\u00eb popullsie t\u00eb larmishme rinore, e cila bashkon kultura dhe tradita t\u00eb ndryshme, duke krijuar nj\u00eb p\u00ebrzierje unike t\u00eb stileve dhe shijeve t\u00eb ndryshme. Vizitor\u00ebt mund t\u00eb gjejn\u00eb tregje tradicionale, ushqime t\u00eb shijshme n\u00eb rrug\u00eb dhe kafene komode, si dhe restorante, bare dhe klube nate moderne. Prishtina \u00ebsht\u00eb gjithashtu e njohur p\u00ebr artet dhe sken\u00ebn e saj t\u00eb gjall\u00eb muzikore, me nj\u00eb p\u00ebrzierje t\u00eb ndikimeve tradicionale dhe moderne. Qyteti gjithashtu\u00a0 ka disa muze, galeri dhe festivale t\u00eb cilat patjet\u00ebr duhen vizituar. Vitin e kaluar (2022) Prishtina priti bienalen e artit Manifesta 14 e cila t\u00ebrhoqi shum\u00eb vizitor\u00eb nd\u00ebrkomb\u00ebtar\u00eb<strong>.<\/strong>[\/vc_column_text][\/vc_column][\/vc_row][vc_row el_id=&#8221;ulpiana&#8221; css=&#8221;.vc_custom_1674130422433{margin-top: 60px !important;}&#8221; el_class=&#8221;reversetourscol&#8221;][vc_column width=&#8221;2\/3&#8243;][vc_custom_heading text=&#8221;Ulpiana&#8221;][vc_column_text]Ulpiana \u00ebsht\u00eb nj\u00eb qytet i nd\u00ebrtuar gjat\u00eb pushtimit romak n\u00eb rajonin dardan. \u00cbsht\u00eb nd\u00ebrtuar mbi shtresat parahistorike t\u00eb nj\u00eb vendbanimi t\u00eb hersh\u00ebm dardan dhe kulmin e zhvillimit ekonomik e kulturor e ka arritur n\u00eb fund t\u00eb shekullit III dhe fillim t\u00eb shekullit t\u00eb IV. Ulpiana ishte nj\u00eb qytet i lasht\u00eb romak i vendosur n\u00eb Kosov\u00ebn e sotme, i themeluar n\u00eb shekullin II pas Krishtit, ishte nj\u00eb qend\u00ebr e r\u00ebnd\u00ebsishme tregtare dhe ushtarake. Ajo u b\u00eb nj\u00eb qend\u00ebr e r\u00ebnd\u00ebsishme politike, ekonomike, kulturore dhe fetare e nj\u00eb hap\u00ebsire t\u00eb gjer\u00eb gjeografike. Qyteti u shkat\u00ebrrua nga nj\u00eb t\u00ebrmet n\u00eb vitin 518, por u rind\u00ebrtua nga perandori Justinian dhe u quajt Justiniana Secunda. Sot, rr\u00ebnojat e Ulpian\u00ebs mund t\u00eb vizitohen dhe \u00ebsht\u00eb nj\u00eb destinacion i r\u00ebnd\u00ebsish\u00ebm turistik dhe kujtues i s\u00eb kaluar\u00ebs s\u00eb larmishme t\u00eb Kosov\u00ebs.[\/vc_column_text][\/vc_column][vc_column width=&#8221;1\/3&#8243;][vc_single_image image=&#8221;4031&#8243; img_size=&#8221;full&#8221;][\/vc_column][\/vc_row][vc_row el_id=&#8221;gracanica&#8221; css=&#8221;.vc_custom_1674054770748{margin-top: 60px !important;}&#8221;][vc_column width=&#8221;1\/4&#8243;][vc_single_image image=&#8221;4032&#8243; img_size=&#8221;full&#8221;][\/vc_column][vc_column width=&#8221;3\/4&#8243;][vc_custom_heading text=&#8221;Gra\u00e7anic\u00eb&#8221;][vc_column_text]Manastiri i Gra\u00e7anic\u00ebs ndodhet n\u00eb qend\u00ebr t\u00eb Gra\u00e7anic\u00ebs. \u00cbsht\u00eb nj\u00eb rind\u00ebrtim i nj\u00eb kishe t\u00eb shekullit t\u00eb 14-t\u00eb kushtuar Virgj\u00ebresh\u00ebs Mari, e nd\u00ebrtuar mbi themelet e nj\u00eb bazilike t\u00eb krishter\u00eb t\u00eb shekullit t\u00eb 6-t\u00eb. Restaurimi kryesor i manastirit u b\u00eb n\u00eb fund t\u00eb shekullit t\u00eb 16-t\u00eb, gjat\u00eb t\u00eb cilit t\u00eb gjitha hapjet n\u00eb narteksin e jasht\u00ebm u muros\u00ebn dhe u pikturuan afreske t\u00eb reja. Piktor\u00eb t\u00eb famsh\u00ebm nga Selaniku, Mihajli dhe Evtihije, kan\u00eb p\u00ebrfunduar afreske n\u00eb kish\u00ebn kryesore deri n\u00eb vitin 1321, nd\u00ebr t\u00eb cil\u00ebt m\u00eb t\u00eb njohurit jan\u00eb Cikli i Festave t\u00eb M\u00ebdha, Vuajtjeve dhe Mrekullive t\u00eb Krishtit. Brend\u00ebsia e manastirit \u00ebsht\u00eb e pasur me afreske. Manastiri i Gra\u00e7anic\u00ebs \u00ebsht\u00eb pjes\u00eb e trash\u00ebgimis\u00eb kulturore bot\u00ebrore t\u00eb UNESCO-s dhe, bazuar n\u00eb vlerat e tij historike, artistike, sociale dhe shpirt\u00ebrore, \u00ebsht\u00eb shpallur i mbrojtur p\u00ebrgjithmon\u00eb nga K\u00ebshilli i Kosov\u00ebs p\u00ebr Trash\u00ebgimi Kulturore n\u00eb vitin 2016. Af\u00ebr Gra\u00e7anic\u00ebs ndodhet fshati Kishnic\u00eb, Kishnica ka edhe nj\u00eb minier\u00eb e cila \u00ebsht\u00eb pjes\u00eb e Korporat\u00ebs Trep\u00e7a dhe \u00ebsht\u00eb e pasur me plumb dhe zink.[\/vc_column_text][\/vc_column][\/vc_row][vc_row el_id=&#8221;kishnica&#8221; css=&#8221;.vc_custom_1674130426776{margin-top: 60px !important;}&#8221; el_class=&#8221;reversetourscol&#8221;][vc_column width=&#8221;2\/3&#8243;][vc_custom_heading text=&#8221;Kishnic\u00eb&#8221;][vc_column_text][\/vc_column_text][vc_column_text]Kishnica \u00ebsht\u00eb nj\u00eb kompleks i p\u00ebrb\u00ebr\u00eb nga dy miniera n\u00ebntok\u00ebsore dhe nj\u00eb minier\u00eb e hapur q\u00eb ka qen\u00eb aktive me shekuj, duke prodhuar plumb, zink dhe argjend. Trep\u00e7a operon me minierat, t\u00eb cilat kan\u00eb luajtur nj\u00eb rol t\u00eb r\u00ebnd\u00ebsish\u00ebm n\u00eb ekonomin\u00eb e Kosov\u00ebs. Megjithat\u00eb, ka shqet\u00ebsime p\u00ebr degradimin e mjedisit dhe rreziqet sh\u00ebndet\u00ebsore p\u00ebr pun\u00ebtor\u00ebt dhe popullsin\u00eb lokale nga k\u00ebto miniera. Mir\u00ebpo, po b\u00ebhen p\u00ebrpjekje p\u00ebr t\u00eb zhvilluar nj\u00eb industri minerare m\u00eb t\u00eb q\u00ebndrueshme dhe miq\u00ebsore me mjedisin n\u00eb Kosov\u00eb.[\/vc_column_text][\/vc_column][vc_column width=&#8221;1\/3&#8243;][vc_single_image image=&#8221;4033&#8243; img_size=&#8221;full&#8221;][\/vc_column][\/vc_row][vc_row el_id=&#8221;artana&#8221; css=&#8221;.vc_custom_1674054996697{margin-top: 60px !important;}&#8221;][vc_column width=&#8221;1\/4&#8243;][vc_single_image image=&#8221;4034&#8243; img_size=&#8221;full&#8221;][\/vc_column][vc_column width=&#8221;3\/4&#8243;][vc_custom_heading text=&#8221;Artana&#8221;][vc_column_text]Artana apo Novob\u00ebrda \u00ebsht\u00eb nj\u00eb qytet n\u00eb Kosov\u00ebn lindore. \u00cbsht\u00eb p\u00ebrmendur p\u00ebr her\u00eb t\u00eb par\u00eb n\u00eb dokumentet historike n\u00eb vitin 1326 dhe \u00ebsht\u00eb p\u00ebrfshir\u00eb n\u00eb Mbret\u00ebrin\u00eb e par\u00eb Bullgare. Qyteti ka qen\u00eb i njohur p\u00ebr k\u00ebshtjell\u00ebn e tij t\u00eb madhe mesjetare, e nd\u00ebrtuar n\u00eb maj\u00eb t\u00eb nj\u00eb vullkani t\u00eb shuar n\u00eb form\u00ebn e nj\u00eb koni, i cili mund t\u00eb vizitohet edhe sot. Kalaja besohet se daton q\u00eb nga Perandoria Bizantine. Qyteti ishte nj\u00eb qend\u00ebr kryesore n\u00eb at\u00eb koh\u00eb, me nj\u00eb popullsi q\u00eb i kalonte 10,000 banor\u00eb dhe kishte miniera e furra shkrirjeje p\u00ebr xehe si hekuri, plumbi, ari dhe argjendi. Kalaja u rrethua nga osman\u00ebt n\u00eb vitin 1455 dhe m\u00eb von\u00eb u vendos n\u00ebn udh\u00ebheqjen fetare t\u00eb Kryepeshkopat\u00ebs Bullgare t\u00eb Ohrit. N\u00eb shekullin e 20-t\u00eb, popullsia e qytetit u zvog\u00eblua p\u00ebr shkak t\u00eb shp\u00ebrnguljes s\u00eb banor\u00ebve n\u00eb zonat me qasje m\u00eb t\u00eb mir\u00eb n\u00eb rrethin e Gjilanit. Artana \u00ebsht\u00eb nj\u00eb vend q\u00eb duhet vizituar, nd\u00ebrkoh\u00eb q\u00eb mund t\u00eb p\u00ebrjetoni dhe m\u00ebsoni p\u00ebr kultura t\u00eb ndryshme.[\/vc_column_text][vc_empty_space][\/vc_column][\/vc_row][vc_row css=&#8221;.vc_custom_1674050806632{margin-bottom: 60px !important;}&#8221;][vc_column][vc_empty_space][vc_separator][vc_column_text]<\/p>\n<h2><b>\u00c7ka p\u00ebrfshihet?<\/b><\/h2>\n<ul>\n<li style=\"font-weight: 400;\" aria-level=\"1\"><span style=\"font-weight: 400;\">Udh\u00ebrr\u00ebfyes turistik lokal<\/span><\/li>\n<li style=\"font-weight: 400;\" aria-level=\"1\"><span style=\"font-weight: 400;\">Njoftim me rrug\u00ebtimin e zhvillimit t\u00eb ndodhur prej minierave nga Mitrovica n\u00eb Artan\u00eb\/Novob\u00ebrd\u00eb <\/span><\/li>\n<li style=\"font-weight: 400;\" aria-level=\"1\"><span style=\"font-weight: 400;\">1 Nat\u00eb q\u00ebndrim n\u00eb hotel n\u00eb Prishtin\u00eb<\/span><\/li>\n<li style=\"font-weight: 400;\" aria-level=\"1\"><span style=\"font-weight: 400;\">Transporti <\/span><\/li>\n<li style=\"font-weight: 400;\" aria-level=\"1\"><span style=\"font-weight: 400;\">Hyrja n\u00eb muze dhe institucione t\u00eb tjera <\/span><\/li>\n<li style=\"font-weight: 400;\" aria-level=\"1\"><span style=\"font-weight: 400;\">Vizita e vendeve\/monumenteve t\u00eb trash\u00ebgimis\u00eb kulturore<\/span><\/li>\n<li style=\"font-weight: 400;\" aria-level=\"1\"><span style=\"font-weight: 400;\">Ushqimi (dreka: 2, m\u00ebngjesi: 1, darka: 1)<\/span><\/li>\n<li style=\"font-weight: 400;\" aria-level=\"1\"><span style=\"font-weight: 400;\">Suvenire (kartolina dhe kristale)<\/span><\/li>\n<\/ul>\n<p>[\/vc_column_text][\/vc_column][\/vc_row]<\/p>\n","protected":false},"excerpt":{"rendered":"<p>[vc_row css=&#8221;.vc_custom_1674050806632{margin-bottom: 60px !important;}&#8221;][vc_column][vc_column_text] Overview N\u00eb dit\u00ebn e par\u00eb t\u00eb k\u00ebtij turi ju do t\u00eb eksploroni historin\u00eb dhe kultur\u00ebn e pasur t\u00eb Mitrovic\u00ebs, duke filluar me Muzeun e Qytetit, Ur\u00ebn ikonike t\u00eb Ibrit, Monumentin e Minator\u00ebve n\u00eb Kodr\u00ebn e Minator\u00ebve, Parkun Industrial Trep\u00e7a, Muzeun Komb\u00ebtar t\u00eb [&hellip;]<\/p>\n","protected":false},"author":1,"featured_media":0,"parent":0,"menu_order":0,"comment_status":"closed","ping_status":"closed","template":"","meta":{"footnotes":""},"class_list":["post-6209","page","type-page","status-publish","hentry"],"yoast_head":"<!-- This site is optimized with the Yoast SEO plugin v24.2 - https:\/\/yoast.com\/wordpress\/plugins\/seo\/ -->\n<title>Purple Tour - Visit Trepca<\/title>\n<meta name=\"robots\" content=\"index, follow, max-snippet:-1, max-image-preview:large, max-video-preview:-1\" \/>\n<link rel=\"canonical\" href=\"https:\/\/visittrepca.com\/sq\/purple-tour\/\" \/>\n<meta property=\"og:locale\" content=\"sq_AL\" \/>\n<meta property=\"og:type\" content=\"article\" \/>\n<meta property=\"og:title\" content=\"Purple Tour - Visit Trepca\" \/>\n<meta property=\"og:description\" content=\"[vc_row css=&#8221;.vc_custom_1674050806632{margin-bottom: 60px !important;}&#8221;][vc_column][vc_column_text] Overview N\u00eb dit\u00ebn e par\u00eb t\u00eb k\u00ebtij turi ju do t\u00eb eksploroni historin\u00eb dhe kultur\u00ebn e pasur t\u00eb Mitrovic\u00ebs, duke filluar me Muzeun e Qytetit, Ur\u00ebn ikonike t\u00eb Ibrit, Monumentin e Minator\u00ebve n\u00eb Kodr\u00ebn e Minator\u00ebve, Parkun Industrial Trep\u00e7a, Muzeun Komb\u00ebtar t\u00eb [&hellip;]\" \/>\n<meta property=\"og:url\" content=\"https:\/\/visittrepca.com\/sq\/purple-tour\/\" \/>\n<meta property=\"og:site_name\" content=\"Visit Trepca\" \/>\n<meta property=\"article:publisher\" content=\"https:\/\/www.facebook.com\/visittrepca\" \/>\n<meta property=\"article:modified_time\" content=\"2023-12-08T14:07:18+00:00\" \/>\n<meta name=\"twitter:card\" content=\"summary_large_image\" \/>\n<meta name=\"twitter:label1\" content=\"Est. reading time\" \/>\n\t<meta name=\"twitter:data1\" content=\"7 minutes\" \/>\n<script type=\"application\/ld+json\" class=\"yoast-schema-graph\">{\"@context\":\"https:\/\/schema.org\",\"@graph\":[{\"@type\":\"WebPage\",\"@id\":\"https:\/\/visittrepca.com\/sq\/purple-tour\/\",\"url\":\"https:\/\/visittrepca.com\/sq\/purple-tour\/\",\"name\":\"Purple Tour - Visit Trepca\",\"isPartOf\":{\"@id\":\"https:\/\/visittrepca.com\/#website\"},\"datePublished\":\"2023-01-18T15:05:02+00:00\",\"dateModified\":\"2023-12-08T14:07:18+00:00\",\"breadcrumb\":{\"@id\":\"https:\/\/visittrepca.com\/sq\/purple-tour\/#breadcrumb\"},\"inLanguage\":\"sq-AL\",\"potentialAction\":[{\"@type\":\"ReadAction\",\"target\":[\"https:\/\/visittrepca.com\/sq\/purple-tour\/\"]}]},{\"@type\":\"BreadcrumbList\",\"@id\":\"https:\/\/visittrepca.com\/sq\/purple-tour\/#breadcrumb\",\"itemListElement\":[{\"@type\":\"ListItem\",\"position\":1,\"name\":\"Home\",\"item\":\"https:\/\/visittrepca.com\/sq\/\"},{\"@type\":\"ListItem\",\"position\":2,\"name\":\"Purple Tour\"}]},{\"@type\":\"WebSite\",\"@id\":\"https:\/\/visittrepca.com\/#website\",\"url\":\"https:\/\/visittrepca.com\/\",\"name\":\"Visit Trepca\",\"description\":\"\",\"publisher\":{\"@id\":\"https:\/\/visittrepca.com\/#organization\"},\"potentialAction\":[{\"@type\":\"SearchAction\",\"target\":{\"@type\":\"EntryPoint\",\"urlTemplate\":\"https:\/\/visittrepca.com\/?s={search_term_string}\"},\"query-input\":{\"@type\":\"PropertyValueSpecification\",\"valueRequired\":true,\"valueName\":\"search_term_string\"}}],\"inLanguage\":\"sq-AL\"},{\"@type\":\"Organization\",\"@id\":\"https:\/\/visittrepca.com\/#organization\",\"name\":\"Visit Trepca\",\"url\":\"https:\/\/visittrepca.com\/\",\"logo\":{\"@type\":\"ImageObject\",\"inLanguage\":\"sq-AL\",\"@id\":\"https:\/\/visittrepca.com\/#\/schema\/logo\/image\/\",\"url\":\"https:\/\/visittrepca.com\/wp-content\/uploads\/2023\/02\/favicon-1.png\",\"contentUrl\":\"https:\/\/visittrepca.com\/wp-content\/uploads\/2023\/02\/favicon-1.png\",\"width\":258,\"height\":253,\"caption\":\"Visit Trepca\"},\"image\":{\"@id\":\"https:\/\/visittrepca.com\/#\/schema\/logo\/image\/\"},\"sameAs\":[\"https:\/\/www.facebook.com\/visittrepca\",\"https:\/\/www.instagram.com\/visittrepca\"]}]}<\/script>\n<!-- \/ Yoast SEO plugin. -->","yoast_head_json":{"title":"Purple Tour - Visit Trepca","robots":{"index":"index","follow":"follow","max-snippet":"max-snippet:-1","max-image-preview":"max-image-preview:large","max-video-preview":"max-video-preview:-1"},"canonical":"https:\/\/visittrepca.com\/sq\/purple-tour\/","og_locale":"sq_AL","og_type":"article","og_title":"Purple Tour - Visit Trepca","og_description":"[vc_row css=&#8221;.vc_custom_1674050806632{margin-bottom: 60px !important;}&#8221;][vc_column][vc_column_text] Overview N\u00eb dit\u00ebn e par\u00eb t\u00eb k\u00ebtij turi ju do t\u00eb eksploroni historin\u00eb dhe kultur\u00ebn e pasur t\u00eb Mitrovic\u00ebs, duke filluar me Muzeun e Qytetit, Ur\u00ebn ikonike t\u00eb Ibrit, Monumentin e Minator\u00ebve n\u00eb Kodr\u00ebn e Minator\u00ebve, Parkun Industrial Trep\u00e7a, Muzeun Komb\u00ebtar t\u00eb [&hellip;]","og_url":"https:\/\/visittrepca.com\/sq\/purple-tour\/","og_site_name":"Visit Trepca","article_publisher":"https:\/\/www.facebook.com\/visittrepca","article_modified_time":"2023-12-08T14:07:18+00:00","twitter_card":"summary_large_image","twitter_misc":{"Est. reading time":"7 minutes"},"schema":{"@context":"https:\/\/schema.org","@graph":[{"@type":"WebPage","@id":"https:\/\/visittrepca.com\/sq\/purple-tour\/","url":"https:\/\/visittrepca.com\/sq\/purple-tour\/","name":"Purple Tour - Visit Trepca","isPartOf":{"@id":"https:\/\/visittrepca.com\/#website"},"datePublished":"2023-01-18T15:05:02+00:00","dateModified":"2023-12-08T14:07:18+00:00","breadcrumb":{"@id":"https:\/\/visittrepca.com\/sq\/purple-tour\/#breadcrumb"},"inLanguage":"sq-AL","potentialAction":[{"@type":"ReadAction","target":["https:\/\/visittrepca.com\/sq\/purple-tour\/"]}]},{"@type":"BreadcrumbList","@id":"https:\/\/visittrepca.com\/sq\/purple-tour\/#breadcrumb","itemListElement":[{"@type":"ListItem","position":1,"name":"Home","item":"https:\/\/visittrepca.com\/sq\/"},{"@type":"ListItem","position":2,"name":"Purple Tour"}]},{"@type":"WebSite","@id":"https:\/\/visittrepca.com\/#website","url":"https:\/\/visittrepca.com\/","name":"Visit Trepca","description":"","publisher":{"@id":"https:\/\/visittrepca.com\/#organization"},"potentialAction":[{"@type":"SearchAction","target":{"@type":"EntryPoint","urlTemplate":"https:\/\/visittrepca.com\/?s={search_term_string}"},"query-input":{"@type":"PropertyValueSpecification","valueRequired":true,"valueName":"search_term_string"}}],"inLanguage":"sq-AL"},{"@type":"Organization","@id":"https:\/\/visittrepca.com\/#organization","name":"Visit Trepca","url":"https:\/\/visittrepca.com\/","logo":{"@type":"ImageObject","inLanguage":"sq-AL","@id":"https:\/\/visittrepca.com\/#\/schema\/logo\/image\/","url":"https:\/\/visittrepca.com\/wp-content\/uploads\/2023\/02\/favicon-1.png","contentUrl":"https:\/\/visittrepca.com\/wp-content\/uploads\/2023\/02\/favicon-1.png","width":258,"height":253,"caption":"Visit Trepca"},"image":{"@id":"https:\/\/visittrepca.com\/#\/schema\/logo\/image\/"},"sameAs":["https:\/\/www.facebook.com\/visittrepca","https:\/\/www.instagram.com\/visittrepca"]}]}},"_links":{"self":[{"href":"https:\/\/visittrepca.com\/sq\/wp-json\/wp\/v2\/pages\/6209","targetHints":{"allow":["GET"]}}],"collection":[{"href":"https:\/\/visittrepca.com\/sq\/wp-json\/wp\/v2\/pages"}],"about":[{"href":"https:\/\/visittrepca.com\/sq\/wp-json\/wp\/v2\/types\/page"}],"author":[{"embeddable":true,"href":"https:\/\/visittrepca.com\/sq\/wp-json\/wp\/v2\/users\/1"}],"replies":[{"embeddable":true,"href":"https:\/\/visittrepca.com\/sq\/wp-json\/wp\/v2\/comments?post=6209"}],"version-history":[{"count":14,"href":"https:\/\/visittrepca.com\/sq\/wp-json\/wp\/v2\/pages\/6209\/revisions"}],"predecessor-version":[{"id":7179,"href":"https:\/\/visittrepca.com\/sq\/wp-json\/wp\/v2\/pages\/6209\/revisions\/7179"}],"wp:attachment":[{"href":"https:\/\/visittrepca.com\/sq\/wp-json\/wp\/v2\/media?parent=6209"}],"curies":[{"name":"wp","href":"https:\/\/api.w.org\/{rel}","templated":true}]}}