{"id":6015,"date":"2023-01-31T09:35:03","date_gmt":"2023-01-31T09:35:03","guid":{"rendered":"https:\/\/visittrepca.com\/product\/visit-trepca-maice-02\/"},"modified":"2023-12-07T14:12:39","modified_gmt":"2023-12-07T14:12:39","slug":"visit-trepca-maice-02","status":"publish","type":"product","link":"https:\/\/visittrepca.com\/sq\/product\/visit-trepca-maice-02\/","title":{"rendered":"Visit Trep\u00e7a maic\u00eb"},"content":{"rendered":"<p>Visit Trepca Maic\u00eb e zez\u00eb p\u00ebr ju.<\/p>\n","protected":false},"excerpt":{"rendered":"<p>Visit Trepca Maic\u00eb e zez\u00eb p\u00ebr ju.<\/p>\n","protected":false},"featured_media":5255,"template":"","meta":[],"product_brand":[],"product_cat":[104],"product_tag":[],"class_list":{"0":"post-6015","1":"product","2":"type-product","3":"status-publish","4":"has-post-thumbnail","6":"product_cat-pakategorizuar","8":"first","9":"instock","10":"shipping-taxable","11":"product-type-simple"},"yoast_head":"<!-- This site is optimized with the Yoast SEO plugin v24.2 - https:\/\/yoast.com\/wordpress\/plugins\/seo\/ -->\n<title>Visit Trep\u00e7a maic\u00eb - Visit Trepca<\/title>\n<meta name=\"robots\" content=\"index, follow, max-snippet:-1, max-image-preview:large, max-video-preview:-1\" \/>\n<link rel=\"canonical\" href=\"https:\/\/visittrepca.com\/sq\/product\/visit-trepca-maice-02\/\" \/>\n<meta property=\"og:locale\" content=\"sq_AL\" \/>\n<meta property=\"og:type\" content=\"article\" \/>\n<meta property=\"og:title\" content=\"Visit Trep\u00e7a maic\u00eb - Visit Trepca\" \/>\n<meta property=\"og:description\" content=\"Visit Trepca Maic\u00eb e zez\u00eb p\u00ebr ju.\" \/>\n<meta property=\"og:url\" content=\"https:\/\/visittrepca.com\/sq\/product\/visit-trepca-maice-02\/\" \/>\n<meta property=\"og:site_name\" content=\"Visit Trepca\" \/>\n<meta property=\"article:publisher\" content=\"https:\/\/www.facebook.com\/visittrepca\" \/>\n<meta property=\"article:modified_time\" content=\"2023-12-07T14:12:39+00:00\" \/>\n<meta property=\"og:image\" content=\"https:\/\/visittrepca.com\/wp-content\/uploads\/2023\/01\/0002-3.png\" \/>\n\t<meta property=\"og:image:width\" content=\"592\" \/>\n\t<meta property=\"og:image:height\" content=\"781\" \/>\n\t<meta property=\"og:image:type\" content=\"image\/png\" \/>\n<meta name=\"twitter:card\" content=\"summary_large_image\" \/>\n<meta name=\"twitter:label1\" content=\"Est. reading time\" \/>\n\t<meta name=\"twitter:data1\" content=\"1 minute\" \/>\n<script type=\"application\/ld+json\" class=\"yoast-schema-graph\">{\"@context\":\"https:\/\/schema.org\",\"@graph\":[{\"@type\":\"WebPage\",\"@id\":\"https:\/\/visittrepca.com\/sq\/product\/visit-trepca-maice-02\/\",\"url\":\"https:\/\/visittrepca.com\/sq\/product\/visit-trepca-maice-02\/\",\"name\":\"Visit Trep\u00e7a maic\u00eb - Visit Trepca\",\"isPartOf\":{\"@id\":\"https:\/\/visittrepca.com\/#website\"},\"primaryImageOfPage\":{\"@id\":\"https:\/\/visittrepca.com\/sq\/product\/visit-trepca-maice-02\/#primaryimage\"},\"image\":{\"@id\":\"https:\/\/visittrepca.com\/sq\/product\/visit-trepca-maice-02\/#primaryimage\"},\"thumbnailUrl\":\"https:\/\/visittrepca.com\/wp-content\/uploads\/2023\/01\/0002-3.png\",\"datePublished\":\"2023-01-31T09:35:03+00:00\",\"dateModified\":\"2023-12-07T14:12:39+00:00\",\"breadcrumb\":{\"@id\":\"https:\/\/visittrepca.com\/sq\/product\/visit-trepca-maice-02\/#breadcrumb\"},\"inLanguage\":\"sq-AL\",\"potentialAction\":[{\"@type\":\"ReadAction\",\"target\":[\"https:\/\/visittrepca.com\/sq\/product\/visit-trepca-maice-02\/\"]}]},{\"@type\":\"ImageObject\",\"inLanguage\":\"sq-AL\",\"@id\":\"https:\/\/visittrepca.com\/sq\/product\/visit-trepca-maice-02\/#primaryimage\",\"url\":\"https:\/\/visittrepca.com\/wp-content\/uploads\/2023\/01\/0002-3.png\",\"contentUrl\":\"https:\/\/visittrepca.com\/wp-content\/uploads\/2023\/01\/0002-3.png\",\"width\":592,\"height\":781},{\"@type\":\"BreadcrumbList\",\"@id\":\"https:\/\/visittrepca.com\/sq\/product\/visit-trepca-maice-02\/#breadcrumb\",\"itemListElement\":[{\"@type\":\"ListItem\",\"position\":1,\"name\":\"Home\",\"item\":\"https:\/\/visittrepca.com\/sq\/\"},{\"@type\":\"ListItem\",\"position\":2,\"name\":\"Dyqani\",\"item\":\"https:\/\/visittrepca.com\/sq\/shop-2\/\"},{\"@type\":\"ListItem\",\"position\":3,\"name\":\"Visit Trep\u00e7a maic\u00eb\"}]},{\"@type\":\"WebSite\",\"@id\":\"https:\/\/visittrepca.com\/#website\",\"url\":\"https:\/\/visittrepca.com\/\",\"name\":\"Visit Trepca\",\"description\":\"\",\"publisher\":{\"@id\":\"https:\/\/visittrepca.com\/#organization\"},\"potentialAction\":[{\"@type\":\"SearchAction\",\"target\":{\"@type\":\"EntryPoint\",\"urlTemplate\":\"https:\/\/visittrepca.com\/?s={search_term_string}\"},\"query-input\":{\"@type\":\"PropertyValueSpecification\",\"valueRequired\":true,\"valueName\":\"search_term_string\"}}],\"inLanguage\":\"sq-AL\"},{\"@type\":\"Organization\",\"@id\":\"https:\/\/visittrepca.com\/#organization\",\"name\":\"Visit Trepca\",\"url\":\"https:\/\/visittrepca.com\/\",\"logo\":{\"@type\":\"ImageObject\",\"inLanguage\":\"sq-AL\",\"@id\":\"https:\/\/visittrepca.com\/#\/schema\/logo\/image\/\",\"url\":\"https:\/\/visittrepca.com\/wp-content\/uploads\/2023\/02\/favicon-1.png\",\"contentUrl\":\"https:\/\/visittrepca.com\/wp-content\/uploads\/2023\/02\/favicon-1.png\",\"width\":258,\"height\":253,\"caption\":\"Visit Trepca\"},\"image\":{\"@id\":\"https:\/\/visittrepca.com\/#\/schema\/logo\/image\/\"},\"sameAs\":[\"https:\/\/www.facebook.com\/visittrepca\",\"https:\/\/www.instagram.com\/visittrepca\"]}]}<\/script>\n<!-- \/ Yoast SEO plugin. -->","yoast_head_json":{"title":"Visit Trep\u00e7a maic\u00eb - Visit Trepca","robots":{"index":"index","follow":"follow","max-snippet":"max-snippet:-1","max-image-preview":"max-image-preview:large","max-video-preview":"max-video-preview:-1"},"canonical":"https:\/\/visittrepca.com\/sq\/product\/visit-trepca-maice-02\/","og_locale":"sq_AL","og_type":"article","og_title":"Visit Trep\u00e7a maic\u00eb - Visit Trepca","og_description":"Visit Trepca Maic\u00eb e zez\u00eb p\u00ebr ju.","og_url":"https:\/\/visittrepca.com\/sq\/product\/visit-trepca-maice-02\/","og_site_name":"Visit Trepca","article_publisher":"https:\/\/www.facebook.com\/visittrepca","article_modified_time":"2023-12-07T14:12:39+00:00","og_image":[{"width":592,"height":781,"url":"https:\/\/visittrepca.com\/wp-content\/uploads\/2023\/01\/0002-3.png","type":"image\/png"}],"twitter_card":"summary_large_image","twitter_misc":{"Est. reading time":"1 minute"},"schema":{"@context":"https:\/\/schema.org","@graph":[{"@type":"WebPage","@id":"https:\/\/visittrepca.com\/sq\/product\/visit-trepca-maice-02\/","url":"https:\/\/visittrepca.com\/sq\/product\/visit-trepca-maice-02\/","name":"Visit Trep\u00e7a maic\u00eb - Visit Trepca","isPartOf":{"@id":"https:\/\/visittrepca.com\/#website"},"primaryImageOfPage":{"@id":"https:\/\/visittrepca.com\/sq\/product\/visit-trepca-maice-02\/#primaryimage"},"image":{"@id":"https:\/\/visittrepca.com\/sq\/product\/visit-trepca-maice-02\/#primaryimage"},"thumbnailUrl":"https:\/\/visittrepca.com\/wp-content\/uploads\/2023\/01\/0002-3.png","datePublished":"2023-01-31T09:35:03+00:00","dateModified":"2023-12-07T14:12:39+00:00","breadcrumb":{"@id":"https:\/\/visittrepca.com\/sq\/product\/visit-trepca-maice-02\/#breadcrumb"},"inLanguage":"sq-AL","potentialAction":[{"@type":"ReadAction","target":["https:\/\/visittrepca.com\/sq\/product\/visit-trepca-maice-02\/"]}]},{"@type":"ImageObject","inLanguage":"sq-AL","@id":"https:\/\/visittrepca.com\/sq\/product\/visit-trepca-maice-02\/#primaryimage","url":"https:\/\/visittrepca.com\/wp-content\/uploads\/2023\/01\/0002-3.png","contentUrl":"https:\/\/visittrepca.com\/wp-content\/uploads\/2023\/01\/0002-3.png","width":592,"height":781},{"@type":"BreadcrumbList","@id":"https:\/\/visittrepca.com\/sq\/product\/visit-trepca-maice-02\/#breadcrumb","itemListElement":[{"@type":"ListItem","position":1,"name":"Home","item":"https:\/\/visittrepca.com\/sq\/"},{"@type":"ListItem","position":2,"name":"Dyqani","item":"https:\/\/visittrepca.com\/sq\/shop-2\/"},{"@type":"ListItem","position":3,"name":"Visit Trep\u00e7a maic\u00eb"}]},{"@type":"WebSite","@id":"https:\/\/visittrepca.com\/#website","url":"https:\/\/visittrepca.com\/","name":"Visit Trepca","description":"","publisher":{"@id":"https:\/\/visittrepca.com\/#organization"},"potentialAction":[{"@type":"SearchAction","target":{"@type":"EntryPoint","urlTemplate":"https:\/\/visittrepca.com\/?s={search_term_string}"},"query-input":{"@type":"PropertyValueSpecification","valueRequired":true,"valueName":"search_term_string"}}],"inLanguage":"sq-AL"},{"@type":"Organization","@id":"https:\/\/visittrepca.com\/#organization","name":"Visit Trepca","url":"https:\/\/visittrepca.com\/","logo":{"@type":"ImageObject","inLanguage":"sq-AL","@id":"https:\/\/visittrepca.com\/#\/schema\/logo\/image\/","url":"https:\/\/visittrepca.com\/wp-content\/uploads\/2023\/02\/favicon-1.png","contentUrl":"https:\/\/visittrepca.com\/wp-content\/uploads\/2023\/02\/favicon-1.png","width":258,"height":253,"caption":"Visit Trepca"},"image":{"@id":"https:\/\/visittrepca.com\/#\/schema\/logo\/image\/"},"sameAs":["https:\/\/www.facebook.com\/visittrepca","https:\/\/www.instagram.com\/visittrepca"]}]}},"_links":{"self":[{"href":"https:\/\/visittrepca.com\/sq\/wp-json\/wp\/v2\/product\/6015","targetHints":{"allow":["GET"]}}],"collection":[{"href":"https:\/\/visittrepca.com\/sq\/wp-json\/wp\/v2\/product"}],"about":[{"href":"https:\/\/visittrepca.com\/sq\/wp-json\/wp\/v2\/types\/product"}],"wp:featuredmedia":[{"embeddable":true,"href":"https:\/\/visittrepca.com\/sq\/wp-json\/wp\/v2\/media\/5255"}],"wp:attachment":[{"href":"https:\/\/visittrepca.com\/sq\/wp-json\/wp\/v2\/media?parent=6015"}],"wp:term":[{"taxonomy":"product_brand","embeddable":true,"href":"https:\/\/visittrepca.com\/sq\/wp-json\/wp\/v2\/product_brand?post=6015"},{"taxonomy":"product_cat","embeddable":true,"href":"https:\/\/visittrepca.com\/sq\/wp-json\/wp\/v2\/product_cat?post=6015"},{"taxonomy":"product_tag","embeddable":true,"href":"https:\/\/visittrepca.com\/sq\/wp-json\/wp\/v2\/product_tag?post=6015"}],"curies":[{"name":"wp","href":"https:\/\/api.w.org\/{rel}","templated":true}]}}